{"id":726622,"date":"2025-08-27T20:09:28","date_gmt":"2025-08-27T17:09:28","guid":{"rendered":"https:\/\/roveyayinevi.com.tr\/index.php\/urun\/dede-korkut-hikayeleri-bez-cilt\/"},"modified":"2026-04-16T02:34:41","modified_gmt":"2026-04-15T23:34:41","slug":"dede-korkut-hikayeleri-bez-cilt","status":"publish","type":"product","link":"https:\/\/roveyayinevi.com.tr\/index.php\/urun\/dede-korkut-hikayeleri-bez-cilt\/","title":{"rendered":"Dede Korkut Hikayeleri (Bez Cilt)"},"content":{"rendered":"<p>T\u00fcrk edebiyat\u0131n\u0131n en \u00f6nemli yap\u0131 ta\u015flar\u0131ndan biri say\u0131lan ve katmanl\u0131 bir yap\u0131s\u0131 olan Dede Korkut Hik\u00e2yeleri yer yer mistik \u00f6\u011feler i\u00e7ermekle birlikte temelde O\u011fuzlar\u2019\u0131n hem kendi aralar\u0131ndaki hem de d\u00fc\u015fmanlar\u0131yla olan m\u00fccadelelerini anlat\u0131r. Halk aras\u0131nda s\u00f6ylene s\u00f6ylene dilden dile aktar\u0131lan ve 16. y\u00fczy\u0131lda yaz\u0131ya ge\u00e7irilen bu hik\u00e2yeler arac\u0131l\u0131\u011f\u0131yla ayn\u0131 zamanda O\u011fuz T\u00fcrkleri\u2019nin siyasi yap\u0131lanmalar\u0131, k\u00fclt\u00fcrel ve sosyal y\u00f6nleri, d\u00fcnyaya bak\u0131\u015f a\u00e7\u0131lar\u0131, tarihleri, co\u011frafyalar\u0131, dil ve k\u00fclt\u00fcrleriyle ilgili \u00f6nemli bilgiler edinilir.Dede Korkut Hik\u00e2yeleri hem tarihi hem de edebi \u00f6neminden dolay\u0131 farkl\u0131 ara\u015ft\u0131rmac\u0131lar taraf\u0131ndan bir\u00e7ok kez incelenerek yorumlanm\u0131\u015ft\u0131r. Eser Pamukkale \u00dcniversitesi T\u00fcrk Dili ve Edebiyat\u0131 B\u00f6l\u00fcm\u00fc\u2019nden \u00f6\u011fretim \u00fcyesi Salih Mehmet Ar\u00e7\u0131n taraf\u0131ndan yay\u0131ma haz\u0131rlanm\u0131\u015ft\u0131r. Edit\u00f6rl\u00fc\u011f\u00fcn\u00fc ise Bo\u011fazi\u00e7i \u00dcniversitesi T\u00fcrk Dili ve Edebiyat\u0131 B\u00f6l\u00fcm\u00fc\u2019nden \u00f6\u011fretim \u00fcyesi T\u00fclay Gen\u00e7t\u00fcrk Demircio\u011flu ger\u00e7ekle\u015ftirmi\u015ftir.<\/p>\n","protected":false},"excerpt":{"rendered":"<p>T\u00fcrk edebiyat\u0131n\u0131n en \u00f6nemli yap\u0131 ta\u015flar\u0131ndan biri say\u0131lan ve katmanl\u0131 bir yap\u0131s\u0131 olan Dede Korkut Hik\u00e2yeleri yer yer mistik \u00f6\u011feler i\u00e7ermekle birlikte temelde O\u011fuzlar\u2019\u0131n hem kendi<span class=\"excerpt-hellip\"> [\u2026]<\/span><\/p>\n","protected":false},"featured_media":0,"template":"","meta":{"_monsterinsights_skip_tracking":false,"_monsterinsights_sitenote_active":false,"_monsterinsights_sitenote_note":"","_monsterinsights_sitenote_category":0},"product_brand":[],"product_cat":[12291,13872],"product_tag":[],"class_list":{"0":"post-726622","1":"product","2":"type-product","3":"status-publish","5":"product_cat-edebiyat","6":"product_cat-klasikler","7":"pa_cilt-ciltli","8":"pa_tur-kitap","9":"pa_yayinevi-koridor-yayincilik","10":"pa_yazar-koridor-kolektif","12":"first","13":"instock","14":"sale","15":"shipping-taxable","16":"purchasable","17":"product-type-simple"},"_links":{"self":[{"href":"https:\/\/roveyayinevi.com.tr\/index.php\/wp-json\/wp\/v2\/product\/726622","targetHints":{"allow":["GET"]}}],"collection":[{"href":"https:\/\/roveyayinevi.com.tr\/index.php\/wp-json\/wp\/v2\/product"}],"about":[{"href":"https:\/\/roveyayinevi.com.tr\/index.php\/wp-json\/wp\/v2\/types\/product"}],"wp:attachment":[{"href":"https:\/\/roveyayinevi.com.tr\/index.php\/wp-json\/wp\/v2\/media?parent=726622"}],"wp:term":[{"taxonomy":"product_brand","embeddable":true,"href":"https:\/\/roveyayinevi.com.tr\/index.php\/wp-json\/wp\/v2\/product_brand?post=726622"},{"taxonomy":"product_cat","embeddable":true,"href":"https:\/\/roveyayinevi.com.tr\/index.php\/wp-json\/wp\/v2\/product_cat?post=726622"},{"taxonomy":"product_tag","embeddable":true,"href":"https:\/\/roveyayinevi.com.tr\/index.php\/wp-json\/wp\/v2\/product_tag?post=726622"}],"curies":[{"name":"wp","href":"https:\/\/api.w.org\/{rel}","templated":true}]}}