{"id":726620,"date":"2025-08-27T20:09:26","date_gmt":"2025-08-27T17:09:26","guid":{"rendered":"https:\/\/roveyayinevi.com.tr\/index.php\/urun\/arkadasim-yagmur\/"},"modified":"2026-04-16T02:34:41","modified_gmt":"2026-04-15T23:34:41","slug":"arkadasim-yagmur","status":"publish","type":"product","link":"https:\/\/roveyayinevi.com.tr\/index.php\/urun\/arkadasim-yagmur\/","title":{"rendered":"Arkada\u015f\u0131m Ya\u011fmur"},"content":{"rendered":"<p>G\u00f6ky\u00fcz\u00fc kararm\u0131\u015f, bulutlar \u00e7arp\u0131\u015fm\u0131\u015f ve damlac\u0131k \u00c7\u0131nar\u2019\u0131n evinin \u00f6n\u00fcne d\u00fc\u015fm\u00fc\u015f. \u00c7\u0131nar, damlac\u0131\u011f\u0131n nas\u0131l olu\u015ftu\u011funu, nereden gelip nereye gitti\u011fini merak etmi\u015f. Sonunda, asl\u0131nda onun hayat\u0131 devam ettiren ya\u011fmurun bir par\u00e7as\u0131 oldu\u011funu anlam\u0131\u015f. Arkada\u015f\u0131m Ya\u011fmur, do\u011fa ve do\u011fa olaylar\u0131na kar\u015f\u0131 \u00e7ocuklarda fark\u0131ndal\u0131k olu\u015fturan, merak dolu, s\u0131ms\u0131cak bir hikaye&#8230;<\/p>\n","protected":false},"excerpt":{"rendered":"<p>G\u00f6ky\u00fcz\u00fc kararm\u0131\u015f, bulutlar \u00e7arp\u0131\u015fm\u0131\u015f ve damlac\u0131k \u00c7\u0131nar\u2019\u0131n evinin \u00f6n\u00fcne d\u00fc\u015fm\u00fc\u015f. \u00c7\u0131nar, damlac\u0131\u011f\u0131n nas\u0131l olu\u015ftu\u011funu, nereden gelip nereye gitti\u011fini merak etmi\u015f. Sonunda, asl\u0131nda onun hayat\u0131 devam ettiren<span class=\"excerpt-hellip\"> [\u2026]<\/span><\/p>\n","protected":false},"featured_media":0,"template":"","meta":{"_monsterinsights_skip_tracking":false,"_monsterinsights_sitenote_active":false,"_monsterinsights_sitenote_note":"","_monsterinsights_sitenote_category":0},"product_brand":[],"product_cat":[12274,12284],"product_tag":[],"class_list":{"0":"post-726620","1":"product","2":"type-product","3":"status-publish","5":"product_cat-cocuk-ve-genclik-kitaplari","6":"product_cat-hikayeler","7":"pa_cilt-ciltsiz","8":"pa_tur-kitap","9":"pa_yayinevi-timas-cocuk","10":"pa_yazar-fatma-isler","12":"first","13":"instock","14":"sale","15":"shipping-taxable","16":"purchasable","17":"product-type-simple"},"_links":{"self":[{"href":"https:\/\/roveyayinevi.com.tr\/index.php\/wp-json\/wp\/v2\/product\/726620","targetHints":{"allow":["GET"]}}],"collection":[{"href":"https:\/\/roveyayinevi.com.tr\/index.php\/wp-json\/wp\/v2\/product"}],"about":[{"href":"https:\/\/roveyayinevi.com.tr\/index.php\/wp-json\/wp\/v2\/types\/product"}],"wp:attachment":[{"href":"https:\/\/roveyayinevi.com.tr\/index.php\/wp-json\/wp\/v2\/media?parent=726620"}],"wp:term":[{"taxonomy":"product_brand","embeddable":true,"href":"https:\/\/roveyayinevi.com.tr\/index.php\/wp-json\/wp\/v2\/product_brand?post=726620"},{"taxonomy":"product_cat","embeddable":true,"href":"https:\/\/roveyayinevi.com.tr\/index.php\/wp-json\/wp\/v2\/product_cat?post=726620"},{"taxonomy":"product_tag","embeddable":true,"href":"https:\/\/roveyayinevi.com.tr\/index.php\/wp-json\/wp\/v2\/product_tag?post=726620"}],"curies":[{"name":"wp","href":"https:\/\/api.w.org\/{rel}","templated":true}]}}