{"id":726618,"date":"2025-08-27T20:09:24","date_gmt":"2025-08-27T17:09:24","guid":{"rendered":"https:\/\/roveyayinevi.com.tr\/index.php\/urun\/ben-sende-bittim-istanbul\/"},"modified":"2026-04-13T02:42:26","modified_gmt":"2026-04-12T23:42:26","slug":"ben-sende-bittim-istanbul","status":"publish","type":"product","link":"https:\/\/roveyayinevi.com.tr\/index.php\/urun\/ben-sende-bittim-istanbul\/","title":{"rendered":"Ben Sende Bittim \u0130stanbul"},"content":{"rendered":"<p>Ve h\u00fcz\u00fcn ay\u0131yd\u0131 Eyl\u00fcl&#8230; Bir kere g\u00fcl\u00fcp, bin kere \u00f6lmekti! A\u011fa\u00e7lar yapraklar\u0131n\u0131 k\u0131rm\u0131z\u0131ya boyarken, Hazana d\u00f6n\u00fc\u015fecek \u00f6mr\u00fcme canl\u0131 bir \u00f6rnekti! Dedim ya Eyl\u00fcl&#8217;d\u00fc Miras b\u0131rakm\u0131\u015ft\u0131 y\u00fcre\u011fime h\u00fczn\u00fc&#8230; <\/p>\n","protected":false},"excerpt":{"rendered":"<p>Ve h\u00fcz\u00fcn ay\u0131yd\u0131 Eyl\u00fcl&#8230; Bir kere g\u00fcl\u00fcp, bin kere \u00f6lmekti! A\u011fa\u00e7lar yapraklar\u0131n\u0131 k\u0131rm\u0131z\u0131ya boyarken, Hazana d\u00f6n\u00fc\u015fecek \u00f6mr\u00fcme canl\u0131 bir \u00f6rnekti! Dedim ya Eyl\u00fcl&#8217;d\u00fc Miras b\u0131rakm\u0131\u015ft\u0131 y\u00fcre\u011fime<span class=\"excerpt-hellip\"> [\u2026]<\/span><\/p>\n","protected":false},"featured_media":0,"template":"","meta":{"_monsterinsights_skip_tracking":false,"_monsterinsights_sitenote_active":false,"_monsterinsights_sitenote_note":"","_monsterinsights_sitenote_category":0},"product_brand":[],"product_cat":[12291,12509],"product_tag":[],"class_list":{"0":"post-726618","1":"product","2":"type-product","3":"status-publish","5":"product_cat-edebiyat","6":"product_cat-siir","7":"pa_cilt-ciltsiz","8":"pa_tur-kitap","9":"pa_yayinevi-kuytu-yayinlari","10":"pa_yazar-semra-uslu","12":"first","13":"instock","14":"sale","15":"shipping-taxable","16":"purchasable","17":"product-type-simple"},"_links":{"self":[{"href":"https:\/\/roveyayinevi.com.tr\/index.php\/wp-json\/wp\/v2\/product\/726618","targetHints":{"allow":["GET"]}}],"collection":[{"href":"https:\/\/roveyayinevi.com.tr\/index.php\/wp-json\/wp\/v2\/product"}],"about":[{"href":"https:\/\/roveyayinevi.com.tr\/index.php\/wp-json\/wp\/v2\/types\/product"}],"wp:attachment":[{"href":"https:\/\/roveyayinevi.com.tr\/index.php\/wp-json\/wp\/v2\/media?parent=726618"}],"wp:term":[{"taxonomy":"product_brand","embeddable":true,"href":"https:\/\/roveyayinevi.com.tr\/index.php\/wp-json\/wp\/v2\/product_brand?post=726618"},{"taxonomy":"product_cat","embeddable":true,"href":"https:\/\/roveyayinevi.com.tr\/index.php\/wp-json\/wp\/v2\/product_cat?post=726618"},{"taxonomy":"product_tag","embeddable":true,"href":"https:\/\/roveyayinevi.com.tr\/index.php\/wp-json\/wp\/v2\/product_tag?post=726618"}],"curies":[{"name":"wp","href":"https:\/\/api.w.org\/{rel}","templated":true}]}}