{"id":726616,"date":"2025-08-27T20:09:23","date_gmt":"2025-08-27T17:09:23","guid":{"rendered":"https:\/\/roveyayinevi.com.tr\/index.php\/urun\/ogretmenin-kisisel-gelisim-rehberi-bilgi-caginda-ogretmen-olmak\/"},"modified":"2026-04-15T02:45:07","modified_gmt":"2026-04-14T23:45:07","slug":"ogretmenin-kisisel-gelisim-rehberi-bilgi-caginda-ogretmen-olmak","status":"publish","type":"product","link":"https:\/\/roveyayinevi.com.tr\/index.php\/urun\/ogretmenin-kisisel-gelisim-rehberi-bilgi-caginda-ogretmen-olmak\/","title":{"rendered":"\u00d6\u011fretmenin Ki\u015fisel Geli\u015fim Rehberi &#8211; Bilgi \u00c7a\u011f\u0131nda \u00d6\u011fretmen Olmak"},"content":{"rendered":"<p>Ben, \u201cHi\u00e7bir \u015fey olamazsa bari \u00f6\u011fretmen olsun,\u201d c\u00fcmlesinin \u00e7ok s\u0131k kullan\u0131ld\u0131\u011f\u0131 bir d\u00f6nemde \u00f6\u011fretmenli\u011fe ba\u015flad\u0131m. Birka\u00e7 y\u0131ll\u0131k tecr\u00fcbeden sonra o c\u00fcmle zihnimde \u015f\u00f6yle de\u011fi\u015fti: \u201cE\u011fer bir ki\u015fi \u00f6\u011fretmenli\u011fe lay\u0131k de\u011filse ne olursa olsun ama \u00f6\u011fretmen olmas\u0131n.\u201d \u00c7\u00fcnk\u00fc \u00f6\u011fretmenlik kolay i\u015f de\u011fildir. Ba\u015fka mesleklere benzemez, mesai saatlerine s\u0131\u011fmaz.Bu y\u00fczden \u00f6\u011fretmen eve gidince i\u015fini kap\u0131n\u0131n \u00f6n\u00fcnde b\u0131rakma l\u00fcks\u00fcne sahip de\u011fildir. B\u0131rak\u0131rsa, \u00f6\u011frenciler de \u00f6\u011fretmene duyduklar\u0131 sayg\u0131 ve sevgiyi son dersten sonra s\u0131n\u0131f kap\u0131s\u0131nda b\u0131rak\u0131rlar.Y\u0131llar sonra bulu\u015fan mezunlar, ak\u015famlar\u0131 \u00f6\u011frencilerini hat\u0131rlamayan \u00f6\u011fretmenlerini hat\u0131rlamazlar.\u00d6\u011fretmen, topra\u011f\u0131 s\u00fcrerken ta\u015flar\u0131, dikenleri de\u011fil hasat mevsimini d\u00fc\u015f\u00fcn\u00fcr. Sabah sulad\u0131\u011f\u0131 saks\u0131dan ak\u015fam \u00e7i\u00e7ek beklemez. Sabr\u0131 ta\u015farsa verilen b\u00fct\u00fcn emeklerin sele kar\u0131\u015faca\u011f\u0131n\u0131 bilir.<\/p>\n","protected":false},"excerpt":{"rendered":"<p>Ben, \u201cHi\u00e7bir \u015fey olamazsa bari \u00f6\u011fretmen olsun,\u201d c\u00fcmlesinin \u00e7ok s\u0131k kullan\u0131ld\u0131\u011f\u0131 bir d\u00f6nemde \u00f6\u011fretmenli\u011fe ba\u015flad\u0131m. Birka\u00e7 y\u0131ll\u0131k tecr\u00fcbeden sonra o c\u00fcmle zihnimde \u015f\u00f6yle de\u011fi\u015fti: \u201cE\u011fer bir<span class=\"excerpt-hellip\"> [\u2026]<\/span><\/p>\n","protected":false},"featured_media":0,"template":"","meta":{"_monsterinsights_skip_tracking":false,"_monsterinsights_sitenote_active":false,"_monsterinsights_sitenote_note":"","_monsterinsights_sitenote_category":0},"product_brand":[],"product_cat":[12364,12376],"product_tag":[],"class_list":{"0":"post-726616","1":"product","2":"type-product","3":"status-publish","5":"product_cat-genel-konular","6":"product_cat-kisisel-gelisim","7":"pa_cilt-ciltsiz","8":"pa_tur-kitap","9":"pa_yayinevi-timas-yayinlari","10":"pa_yazar-salih-uyan","12":"first","13":"instock","14":"sale","15":"shipping-taxable","16":"purchasable","17":"product-type-simple"},"_links":{"self":[{"href":"https:\/\/roveyayinevi.com.tr\/index.php\/wp-json\/wp\/v2\/product\/726616","targetHints":{"allow":["GET"]}}],"collection":[{"href":"https:\/\/roveyayinevi.com.tr\/index.php\/wp-json\/wp\/v2\/product"}],"about":[{"href":"https:\/\/roveyayinevi.com.tr\/index.php\/wp-json\/wp\/v2\/types\/product"}],"wp:attachment":[{"href":"https:\/\/roveyayinevi.com.tr\/index.php\/wp-json\/wp\/v2\/media?parent=726616"}],"wp:term":[{"taxonomy":"product_brand","embeddable":true,"href":"https:\/\/roveyayinevi.com.tr\/index.php\/wp-json\/wp\/v2\/product_brand?post=726616"},{"taxonomy":"product_cat","embeddable":true,"href":"https:\/\/roveyayinevi.com.tr\/index.php\/wp-json\/wp\/v2\/product_cat?post=726616"},{"taxonomy":"product_tag","embeddable":true,"href":"https:\/\/roveyayinevi.com.tr\/index.php\/wp-json\/wp\/v2\/product_tag?post=726616"}],"curies":[{"name":"wp","href":"https:\/\/api.w.org\/{rel}","templated":true}]}}