{"id":726609,"date":"2025-08-27T20:09:16","date_gmt":"2025-08-27T17:09:16","guid":{"rendered":"https:\/\/roveyayinevi.com.tr\/index.php\/urun\/ta-ta-ta-tam-karsinizda-siz\/"},"modified":"2026-04-16T02:34:11","modified_gmt":"2026-04-15T23:34:11","slug":"ta-ta-ta-tam-karsinizda-siz","status":"publish","type":"product","link":"https:\/\/roveyayinevi.com.tr\/index.php\/urun\/ta-ta-ta-tam-karsinizda-siz\/","title":{"rendered":"Ta Ta Ta Tam Kar\u015f\u0131n\u0131zda Siz"},"content":{"rendered":"<p>Hayat se\u00e7mediklerinden de sorumlu tutuyor seni, Bunu fark etmen zaman denen kavramla, Senin rol\u00fcn aras\u0131nda. Vazge\u00e7tiklerini, niyetlerini, hayal ettiklerini Ellerin ceplerinde kar\u015f\u0131la. \u2018K\u0131\u015f\u2019 so\u011fuk ve kap\u0131da, Y\u00fcre\u011fin \u00fc\u015f\u00fcmesin demem o ki\u2026 Ve d\u00f6n bak tekrar ayaklar\u0131na, Olduklar\u0131 yer ve zaman En do\u011fru yer En do\u011fru zaman En k\u00f6t\u00fc ihtimalle orada kal&#8230; Ama yery\u00fcz\u00fcndeki kimse sana geri ad\u0131m att\u0131rmas\u0131n, Buna izin verme&#8230; Bana g\u00fcven bu kitab\u0131 eline ald\u0131ysan, Ki \u015fu an\u2026 Arkana yaslan, o g\u00fczel &#8216;g\u00fcl\u00fcmse\u2018meni tak\u0131n \u00c7ay\u0131n\u0131n demi fazla olmas\u0131n, Kalbinin sa\u011fl\u0131\u011f\u0131 \u00f6nemli benim i\u00e7in Ona ihtiyac\u0131n olacak yazd\u0131klar\u0131m\u0131 okurken, Kal sa\u011fl\u0131cakla\u2026 Ve her nefeste umutla&#8230;    <\/p>\n","protected":false},"excerpt":{"rendered":"<p>Hayat se\u00e7mediklerinden de sorumlu tutuyor seni, Bunu fark etmen zaman denen kavramla, Senin rol\u00fcn aras\u0131nda. Vazge\u00e7tiklerini, niyetlerini, hayal ettiklerini Ellerin ceplerinde kar\u015f\u0131la. \u2018K\u0131\u015f\u2019 so\u011fuk ve kap\u0131da,<span class=\"excerpt-hellip\"> [\u2026]<\/span><\/p>\n","protected":false},"featured_media":0,"template":"","meta":{"_monsterinsights_skip_tracking":false,"_monsterinsights_sitenote_active":false,"_monsterinsights_sitenote_note":"","_monsterinsights_sitenote_category":0},"product_brand":[],"product_cat":[12777,12291],"product_tag":[],"class_list":{"0":"post-726609","1":"product","2":"type-product","3":"status-publish","5":"product_cat-deneme","6":"product_cat-edebiyat","7":"pa_cilt-ciltsiz","8":"pa_tur-kitap","9":"pa_yayinevi-luna-yayinlari","10":"pa_yazar-merve-soyler","12":"first","13":"instock","14":"sale","15":"shipping-taxable","16":"purchasable","17":"product-type-simple"},"_links":{"self":[{"href":"https:\/\/roveyayinevi.com.tr\/index.php\/wp-json\/wp\/v2\/product\/726609","targetHints":{"allow":["GET"]}}],"collection":[{"href":"https:\/\/roveyayinevi.com.tr\/index.php\/wp-json\/wp\/v2\/product"}],"about":[{"href":"https:\/\/roveyayinevi.com.tr\/index.php\/wp-json\/wp\/v2\/types\/product"}],"wp:attachment":[{"href":"https:\/\/roveyayinevi.com.tr\/index.php\/wp-json\/wp\/v2\/media?parent=726609"}],"wp:term":[{"taxonomy":"product_brand","embeddable":true,"href":"https:\/\/roveyayinevi.com.tr\/index.php\/wp-json\/wp\/v2\/product_brand?post=726609"},{"taxonomy":"product_cat","embeddable":true,"href":"https:\/\/roveyayinevi.com.tr\/index.php\/wp-json\/wp\/v2\/product_cat?post=726609"},{"taxonomy":"product_tag","embeddable":true,"href":"https:\/\/roveyayinevi.com.tr\/index.php\/wp-json\/wp\/v2\/product_tag?post=726609"}],"curies":[{"name":"wp","href":"https:\/\/api.w.org\/{rel}","templated":true}]}}