{"id":726607,"date":"2025-08-27T20:09:15","date_gmt":"2025-08-27T17:09:15","guid":{"rendered":"https:\/\/roveyayinevi.com.tr\/index.php\/urun\/gecici-korunanlara-yonelik-saglik-politikalari-analizi\/"},"modified":"2026-04-16T02:34:11","modified_gmt":"2026-04-15T23:34:11","slug":"gecici-korunanlara-yonelik-saglik-politikalari-analizi","status":"publish","type":"product","link":"https:\/\/roveyayinevi.com.tr\/index.php\/urun\/gecici-korunanlara-yonelik-saglik-politikalari-analizi\/","title":{"rendered":"Ge\u00e7ici Korunanlara Y\u00f6nelik Sa\u011fl\u0131k Politikalar\u0131 Analizi"},"content":{"rendered":"<p>G\u00f6\u00e7 olgusu farkl\u0131 t\u00fcrevleriyle olduk\u00e7a dinamik bir s\u00fcre\u00e7tir. \u201cHer insan bir g\u00f6\u00e7, her g\u00f6\u00e7 bir insan\u201d deyi\u015finde oldu\u011fu gibi, g\u00f6\u00e7 eden ki\u015fi say\u0131s\u0131 ve o ki\u015filerin g\u00f6\u00e7 s\u00fcrecindeki deneyimleri kadar farkl\u0131 g\u00f6\u00e7 hik\u00e2yeleri ve farkl\u0131 insan profilleriyle \u015fekillenen topluluklar \u00fczerinden d\u00fcnyada bir mozaik olu\u015fmaktad\u0131r. Nitekim g\u00f6\u00e7 olgusu, g\u00f6\u00e7 karar\u0131n\u0131n al\u0131nmas\u0131, g\u00f6\u00e7 s\u00fcreci ve g\u00f6\u00e7 sonras\u0131nda birey ve toplum \u00fczerinde s\u00fcrekli de\u011fi\u015fimi i\u00e7inde bar\u0131nd\u0131rmaktad\u0131r. Her g\u00fcn de\u011fi\u015fiklik g\u00f6steren ve d\u00f6nemsel olarak yeniden yap\u0131land\u0131r\u0131lan kamu politikalar\u0131yla da g\u00f6\u00e7 edenlere y\u00f6nelik yeni hizmet alanlar\u0131 olu\u015fturulmaktad\u0131r. \u00c7al\u0131\u015fman\u0131n amac\u0131 2011-2019 y\u0131llar\u0131 aras\u0131nda T\u00fcrkiye\u2019de ge\u00e7ici koruma sa\u011flanan Suriyelilere y\u00f6nelik geli\u015ftirilen sa\u011fl\u0131k politikalar\u0131n\u0131n, kamu politikas\u0131 analizi t\u00fcrlerinden s\u00fcre\u00e7 modeli ile her a\u00e7\u0131dan masaya yat\u0131rarak analizini yapmakt\u0131r. Bu kapsamda s\u00fcre\u00e7 modeline uygun olarak, s\u00fcrecin ilk an\u0131ndan itibaren sa\u011fl\u0131k hizmetlerine olan ihtiyac\u0131n belirlenerek problemlerin tan\u0131mlanmas\u0131, politikalar\u0131n g\u00fcndeme gelmesi, form\u00fcle edilmesi, yasala\u015ft\u0131r\u0131lmas\u0131, uygulanmas\u0131 ve hem politika uygulay\u0131c\u0131 hem de politikalardan faydalanan taraflar\u0131yla politikalar\u0131n de\u011ferlendirilmesi hedeflenmi\u015ftir. <\/p>\n","protected":false},"excerpt":{"rendered":"<p>G\u00f6\u00e7 olgusu farkl\u0131 t\u00fcrevleriyle olduk\u00e7a dinamik bir s\u00fcre\u00e7tir. \u201cHer insan bir g\u00f6\u00e7, her g\u00f6\u00e7 bir insan\u201d deyi\u015finde oldu\u011fu gibi, g\u00f6\u00e7 eden ki\u015fi say\u0131s\u0131 ve o ki\u015filerin<span class=\"excerpt-hellip\"> [\u2026]<\/span><\/p>\n","protected":false},"featured_media":0,"template":"","meta":{"_monsterinsights_skip_tracking":false,"_monsterinsights_sitenote_active":false,"_monsterinsights_sitenote_note":"","_monsterinsights_sitenote_category":0},"product_brand":[],"product_cat":[13590,12337],"product_tag":[],"class_list":{"0":"post-726607","1":"product","2":"type-product","3":"status-publish","5":"product_cat-arastirma-inceleme-politika-siyaset","6":"product_cat-politika-siyaset","7":"pa_cilt-ciltsiz","8":"pa_tur-kitap","9":"pa_yayinevi-tiav","10":"pa_yazar-nagihan-onder","12":"first","13":"instock","14":"sale","15":"shipping-taxable","16":"purchasable","17":"product-type-simple"},"_links":{"self":[{"href":"https:\/\/roveyayinevi.com.tr\/index.php\/wp-json\/wp\/v2\/product\/726607","targetHints":{"allow":["GET"]}}],"collection":[{"href":"https:\/\/roveyayinevi.com.tr\/index.php\/wp-json\/wp\/v2\/product"}],"about":[{"href":"https:\/\/roveyayinevi.com.tr\/index.php\/wp-json\/wp\/v2\/types\/product"}],"wp:attachment":[{"href":"https:\/\/roveyayinevi.com.tr\/index.php\/wp-json\/wp\/v2\/media?parent=726607"}],"wp:term":[{"taxonomy":"product_brand","embeddable":true,"href":"https:\/\/roveyayinevi.com.tr\/index.php\/wp-json\/wp\/v2\/product_brand?post=726607"},{"taxonomy":"product_cat","embeddable":true,"href":"https:\/\/roveyayinevi.com.tr\/index.php\/wp-json\/wp\/v2\/product_cat?post=726607"},{"taxonomy":"product_tag","embeddable":true,"href":"https:\/\/roveyayinevi.com.tr\/index.php\/wp-json\/wp\/v2\/product_tag?post=726607"}],"curies":[{"name":"wp","href":"https:\/\/api.w.org\/{rel}","templated":true}]}}