{"id":726606,"date":"2025-08-27T20:09:14","date_gmt":"2025-08-27T17:09:14","guid":{"rendered":"https:\/\/roveyayinevi.com.tr\/index.php\/urun\/kultur-ve-kimlik-disiplinlerarasi-yaklasimlar\/"},"modified":"2026-04-16T02:34:11","modified_gmt":"2026-04-15T23:34:11","slug":"kultur-ve-kimlik-disiplinlerarasi-yaklasimlar","status":"publish","type":"product","link":"https:\/\/roveyayinevi.com.tr\/index.php\/urun\/kultur-ve-kimlik-disiplinlerarasi-yaklasimlar\/","title":{"rendered":"K\u00fclt\u00fcr ve Kimlik &#8211; Disiplinleraras\u0131 Yakla\u015f\u0131mlar"},"content":{"rendered":"<p>Kimlik, en az k\u00fclt\u00fcr kadar, karma\u015f\u0131k ve \u00fczerinde uzla\u015f\u0131lmas\u0131 zor bir kavramd\u0131r. Bireylerin kendi kimliklerini se\u00e7ebilecekleri ve \u015fekillendirebilecekleri fikri, postmodernite etkisi ile b\u00fcy\u00fck bir ivme kazanm\u0131\u015f durumdad\u0131r. Kimlik olgusuna, k\u00fclt\u00fcr\u00fc merkeze alarak bakmak ise kimli\u011fin, kolektif bir k\u00fclt\u00fcr etraf\u0131nda kurguland\u0131\u011f\u0131 iddias\u0131n\u0131 yeniden hat\u0131rlatma gereklili\u011finin bir sonucudur. Bu kitaptaki metinler, milli, etnik ve di\u011fer aktar\u0131lan k\u00fclt\u00fcr unsurlar\u0131n\u0131, bireyin kimli\u011fini tan\u0131mlayan temel kuvvetler olarak ele almaktad\u0131r. Yine de kitaptaki metinler, ki\u015finin, ge\u00e7mi\u015ften gelen ve kendisine aktar\u0131lan k\u00fclt\u00fcrel birikimi reddedemeyece\u011fi iddias\u0131nda bulunmuyor, fakat bu reddedi\u015fin sanc\u0131s\u0131n\u0131n a\u011f\u0131r oldu\u011funa, \u00e7\u00fcnk\u00fc k\u00fclt\u00fcrel birikimin g\u00fcc\u00fc oran\u0131nda, ki\u015finin reddedi\u015f s\u00fcrecindeki sanc\u0131s\u0131n\u0131n fazlal\u0131\u011f\u0131na dikkat \u00e7ekiyor. Bu a\u00e7\u0131dan metinler, hem kimli\u011fin, milli ve etnik k\u00fclt\u00fcr ile in\u015fa edilmesine odaklanarak ki\u015finin, bunlara ba\u011fl\u0131 k\u00fclt\u00fcrel unsurlar\u0131 reddetmeye \u00e7al\u0131\u015ft\u0131\u011f\u0131nda ya\u015fad\u0131\u011f\u0131 kayg\u0131y\u0131 ve g\u00fc\u00e7l\u00fc\u011f\u00fc anlatmak i\u00e7in g\u00fc\u00e7l\u00fc bir \u00e7er\u00e7eve sunuyor hem de nesillerce biriken ve aktar\u0131lan k\u00fclt\u00fcrel unsurlar\u0131n tamam\u0131yla sabit olmad\u0131\u011f\u0131na ve de\u011fi\u015febilece\u011fine dikkat \u00e7ekiyor. <\/p>\n","protected":false},"excerpt":{"rendered":"<p>Kimlik, en az k\u00fclt\u00fcr kadar, karma\u015f\u0131k ve \u00fczerinde uzla\u015f\u0131lmas\u0131 zor bir kavramd\u0131r. Bireylerin kendi kimliklerini se\u00e7ebilecekleri ve \u015fekillendirebilecekleri fikri, postmodernite etkisi ile b\u00fcy\u00fck bir ivme kazanm\u0131\u015f<span class=\"excerpt-hellip\"> [\u2026]<\/span><\/p>\n","protected":false},"featured_media":0,"template":"","meta":{"_monsterinsights_skip_tracking":false,"_monsterinsights_sitenote_active":false,"_monsterinsights_sitenote_note":"","_monsterinsights_sitenote_category":0},"product_brand":[],"product_cat":[13633,12324],"product_tag":[],"class_list":{"0":"post-726606","1":"product","2":"type-product","3":"status-publish","5":"product_cat-kultur-ve-bilim","6":"product_cat-sosyoloji","7":"pa_cilt-ciltsiz","8":"pa_tur-kitap","9":"pa_yayinevi-siyasal-kitabevi-akademik-kitaplar","10":"pa_yazar-siyasal-kolektif","12":"first","13":"instock","14":"sale","15":"shipping-taxable","16":"purchasable","17":"product-type-simple"},"_links":{"self":[{"href":"https:\/\/roveyayinevi.com.tr\/index.php\/wp-json\/wp\/v2\/product\/726606","targetHints":{"allow":["GET"]}}],"collection":[{"href":"https:\/\/roveyayinevi.com.tr\/index.php\/wp-json\/wp\/v2\/product"}],"about":[{"href":"https:\/\/roveyayinevi.com.tr\/index.php\/wp-json\/wp\/v2\/types\/product"}],"wp:attachment":[{"href":"https:\/\/roveyayinevi.com.tr\/index.php\/wp-json\/wp\/v2\/media?parent=726606"}],"wp:term":[{"taxonomy":"product_brand","embeddable":true,"href":"https:\/\/roveyayinevi.com.tr\/index.php\/wp-json\/wp\/v2\/product_brand?post=726606"},{"taxonomy":"product_cat","embeddable":true,"href":"https:\/\/roveyayinevi.com.tr\/index.php\/wp-json\/wp\/v2\/product_cat?post=726606"},{"taxonomy":"product_tag","embeddable":true,"href":"https:\/\/roveyayinevi.com.tr\/index.php\/wp-json\/wp\/v2\/product_tag?post=726606"}],"curies":[{"name":"wp","href":"https:\/\/api.w.org\/{rel}","templated":true}]}}