{"id":726604,"date":"2025-08-27T20:09:13","date_gmt":"2025-08-27T17:09:13","guid":{"rendered":"https:\/\/roveyayinevi.com.tr\/index.php\/urun\/kadinlar-sanat-ve-iktidar\/"},"modified":"2026-04-16T02:34:11","modified_gmt":"2026-04-15T23:34:11","slug":"kadinlar-sanat-ve-iktidar","status":"publish","type":"product","link":"https:\/\/roveyayinevi.com.tr\/index.php\/urun\/kadinlar-sanat-ve-iktidar\/","title":{"rendered":"Kad\u0131nlar, Sanat ve \u0130ktidar"},"content":{"rendered":"<p>Do\u011fru sorular\u0131 sorsak ya da yanl\u0131\u015f sorulardan vazge\u00e7sek sanat d\u00fcnyas\u0131 nas\u0131l g\u00f6r\u00fcn\u00fcrd\u00fc? Sanat tarihinin en g\u00fc\u00e7l\u00fc ve ak\u0131lda kal\u0131c\u0131 metinlerinden \u201cNeden Hi\u00e7 B\u00fcy\u00fck Kad\u0131n Sanat\u00e7\u0131 \u00c7\u0131kmad\u0131?\u201dn\u0131n da aralar\u0131nda bulundu\u011fu Linda Nochlin\u2019e ait yedi yaz\u0131, sanat tarihinde kad\u0131nlar\u0131n yerine bu noktadan yakla\u015f\u0131yor. 2017\u2019de kaybetti\u011fimiz Nochlin\u2019in Kad\u0131nlar, Sanat ve \u0130ktidar kitab\u0131, okurlar\u0131 kad\u0131nlar\u0131n sanatla ili\u015fkilenmelerini cesaretle d\u00fc\u015f\u00fcnmeye davet ediyor.   \u201cKap\u0131lar\u0131 a\u00e7maya devam ettim, her biri yeni bir devrim vaat eden, her biri bir yenisine \u00e7\u0131kan, say\u0131s\u0131z ayd\u0131nl\u0131k odalara do\u011fru.\u201d -Linda Nochlin   \u201cLinda Nochlin\u2019in 1971\u2019de Art News\u2019ta yay\u0131mlanan \u201cNeden Hi\u00e7 B\u00fcy\u00fck Kad\u0131n Sanat\u00e7\u0131 \u00c7\u0131kmad\u0131?\u201d ba\u015fl\u0131kl\u0131 yaz\u0131s\u0131, feminist sanat tarihinin temel metni kabul edilir. Alayc\u0131, provokatif, ikon k\u0131r\u0131c\u0131 Nochlin, sanat d\u00fcnyas\u0131n\u0131n g\u00fc\u00e7l\u00fc kurumlar\u0131n\u0131n kad\u0131nlar \u00fcst\u00fcndeki etkisiyle \u00e7arp\u0131\u015ft\u0131.\u201d -Tamar Garb, The Guardian <\/p>\n","protected":false},"excerpt":{"rendered":"<p>Do\u011fru sorular\u0131 sorsak ya da yanl\u0131\u015f sorulardan vazge\u00e7sek sanat d\u00fcnyas\u0131 nas\u0131l g\u00f6r\u00fcn\u00fcrd\u00fc? Sanat tarihinin en g\u00fc\u00e7l\u00fc ve ak\u0131lda kal\u0131c\u0131 metinlerinden \u201cNeden Hi\u00e7 B\u00fcy\u00fck Kad\u0131n Sanat\u00e7\u0131 \u00c7\u0131kmad\u0131?\u201dn\u0131n<span class=\"excerpt-hellip\"> [\u2026]<\/span><\/p>\n","protected":false},"featured_media":0,"template":"","meta":{"_monsterinsights_skip_tracking":false,"_monsterinsights_sitenote_active":false,"_monsterinsights_sitenote_note":"","_monsterinsights_sitenote_category":0},"product_brand":[],"product_cat":[44608,12408],"product_tag":[],"class_list":{"0":"post-726604","1":"product","2":"type-product","3":"status-publish","5":"product_cat-diger-sanat","6":"product_cat-sanat","7":"pa_cilt-ciltsiz","8":"pa_tur-kitap","9":"pa_yayinevi-yapi-kredi-yayinlari","10":"pa_yazar-linda-nochlin","12":"first","13":"instock","14":"sale","15":"shipping-taxable","16":"purchasable","17":"product-type-simple"},"_links":{"self":[{"href":"https:\/\/roveyayinevi.com.tr\/index.php\/wp-json\/wp\/v2\/product\/726604","targetHints":{"allow":["GET"]}}],"collection":[{"href":"https:\/\/roveyayinevi.com.tr\/index.php\/wp-json\/wp\/v2\/product"}],"about":[{"href":"https:\/\/roveyayinevi.com.tr\/index.php\/wp-json\/wp\/v2\/types\/product"}],"wp:attachment":[{"href":"https:\/\/roveyayinevi.com.tr\/index.php\/wp-json\/wp\/v2\/media?parent=726604"}],"wp:term":[{"taxonomy":"product_brand","embeddable":true,"href":"https:\/\/roveyayinevi.com.tr\/index.php\/wp-json\/wp\/v2\/product_brand?post=726604"},{"taxonomy":"product_cat","embeddable":true,"href":"https:\/\/roveyayinevi.com.tr\/index.php\/wp-json\/wp\/v2\/product_cat?post=726604"},{"taxonomy":"product_tag","embeddable":true,"href":"https:\/\/roveyayinevi.com.tr\/index.php\/wp-json\/wp\/v2\/product_tag?post=726604"}],"curies":[{"name":"wp","href":"https:\/\/api.w.org\/{rel}","templated":true}]}}