{"id":726603,"date":"2025-08-27T20:09:12","date_gmt":"2025-08-27T17:09:12","guid":{"rendered":"https:\/\/roveyayinevi.com.tr\/index.php\/urun\/bir-tanecik-oglum-ciltli\/"},"modified":"2026-04-16T02:34:11","modified_gmt":"2026-04-15T23:34:11","slug":"bir-tanecik-oglum-ciltli","status":"publish","type":"product","link":"https:\/\/roveyayinevi.com.tr\/index.php\/urun\/bir-tanecik-oglum-ciltli\/","title":{"rendered":"Bir Tanecik O\u011flum (Ciltli)"},"content":{"rendered":"<p>Minik bebek d\u00fcnyaya geldi\u011finde karn\u0131 ac\u0131km\u0131\u015f ve a\u011flamaya ba\u015flam\u0131\u015f.Annesi bebe\u011fine hayranl\u0131kla bakm\u0131\u015f ve \u015f\u00f6yle demi\u015f: \u201cSen benim bir tanecik o\u011flumsun. Mutlu olman i\u00e7in ne gerekirse yapar\u0131m.\u201d \u00c7a\u011fda\u015f \u00e7ocuk edebiyat\u0131n\u0131n sevilen yazar\u0131 T\u00fclin Koziko\u011flu\u2019ndan sevginin s\u0131n\u0131rlar\u0131 \u00fczerine d\u00fc\u015f\u00fcnd\u00fcren bir \u00f6yk\u00fc. Bir \u00e7ocu\u011fun do\u011fum an\u0131ndan yeti\u015fkinli\u011fe uzanan yolculu\u011funu s\u0131ra d\u0131\u015f\u0131 bir bak\u0131\u015f a\u00e7\u0131s\u0131yla anlatan yazar, anneyle kurulan sevgi ba\u011f\u0131n\u0131n ba\u011f\u0131ml\u0131l\u0131\u011fa d\u00f6n\u00fc\u015fmesini ve bunun ya\u015famdaki kar\u015f\u0131l\u0131\u011f\u0131n\u0131 cesaretle sorguluyor. B\u00fcy\u00fcme ser\u00fcvenindeki her ya\u015ftan okura ele\u015ftirel okuman\u0131n kap\u0131lar\u0131n\u0131 aralayan kitap, Deniz \u00dc\u00e7ba\u015faran\u2019\u0131n e\u015fsiz resimleriyle boyutlan\u0131yor. <\/p>\n","protected":false},"excerpt":{"rendered":"<p>Minik bebek d\u00fcnyaya geldi\u011finde karn\u0131 ac\u0131km\u0131\u015f ve a\u011flamaya ba\u015flam\u0131\u015f.Annesi bebe\u011fine hayranl\u0131kla bakm\u0131\u015f ve \u015f\u00f6yle demi\u015f: \u201cSen benim bir tanecik o\u011flumsun. Mutlu olman i\u00e7in ne gerekirse yapar\u0131m.\u201d<span class=\"excerpt-hellip\"> [\u2026]<\/span><\/p>\n","protected":false},"featured_media":0,"template":"","meta":{"_monsterinsights_skip_tracking":false,"_monsterinsights_sitenote_active":false,"_monsterinsights_sitenote_note":"","_monsterinsights_sitenote_category":0},"product_brand":[],"product_cat":[12913,12274],"product_tag":[],"class_list":{"0":"post-726603","1":"product","2":"type-product","3":"status-publish","5":"product_cat-3-6-yas-kitaplari","6":"product_cat-cocuk-ve-genclik-kitaplari","7":"pa_cilt-ciltli","8":"pa_tur-kitap","9":"pa_yayinevi-kirmizi-kedi-yayinevi","10":"pa_yazar-tulin-kozikoglu","12":"first","13":"instock","14":"sale","15":"shipping-taxable","16":"purchasable","17":"product-type-simple"},"_links":{"self":[{"href":"https:\/\/roveyayinevi.com.tr\/index.php\/wp-json\/wp\/v2\/product\/726603","targetHints":{"allow":["GET"]}}],"collection":[{"href":"https:\/\/roveyayinevi.com.tr\/index.php\/wp-json\/wp\/v2\/product"}],"about":[{"href":"https:\/\/roveyayinevi.com.tr\/index.php\/wp-json\/wp\/v2\/types\/product"}],"wp:attachment":[{"href":"https:\/\/roveyayinevi.com.tr\/index.php\/wp-json\/wp\/v2\/media?parent=726603"}],"wp:term":[{"taxonomy":"product_brand","embeddable":true,"href":"https:\/\/roveyayinevi.com.tr\/index.php\/wp-json\/wp\/v2\/product_brand?post=726603"},{"taxonomy":"product_cat","embeddable":true,"href":"https:\/\/roveyayinevi.com.tr\/index.php\/wp-json\/wp\/v2\/product_cat?post=726603"},{"taxonomy":"product_tag","embeddable":true,"href":"https:\/\/roveyayinevi.com.tr\/index.php\/wp-json\/wp\/v2\/product_tag?post=726603"}],"curies":[{"name":"wp","href":"https:\/\/api.w.org\/{rel}","templated":true}]}}