{"id":726602,"date":"2025-08-27T20:09:11","date_gmt":"2025-08-27T17:09:11","guid":{"rendered":"https:\/\/roveyayinevi.com.tr\/index.php\/urun\/nisanlilar-icin-sarkili-alfabe\/"},"modified":"2026-04-16T02:34:11","modified_gmt":"2026-04-15T23:34:11","slug":"nisanlilar-icin-sarkili-alfabe","status":"publish","type":"product","link":"https:\/\/roveyayinevi.com.tr\/index.php\/urun\/nisanlilar-icin-sarkili-alfabe\/","title":{"rendered":"Ni\u015fanl\u0131lar \u0130\u00e7in \u015eark\u0131l\u0131 Alfabe"},"content":{"rendered":"<p>Haydar Erg\u00fclen\u2019in uzun zamand\u0131r farkl\u0131 mecralarda yay\u0131nlanan, deneme t\u00fcr\u00fcne yeni soluk katt\u0131\u011f\u0131 \u201calfabe\u201dler nihayet bir araya geliyorlar\u2026 \u00dcstelik bu daha ba\u015flang\u0131\u00e7! Ni\u015fanl\u0131lar \u0130\u00e7in \u015eark\u0131l\u0131 Alfabe\u2019de Erg\u00fclen; A\u2019dan Z\u2019ye, A\u015fk\u2019tan Devrim\u2019e, Cumartesi Anneleri\u2019nden Ne\u015fet\u2019e, Nar\u2019dan \u00dcz\u00fcm\u2019e ve Zeytin\u2019e, Eski\u015fehir\u2019den Napoli\u2019ye, \u00dc\u00e7 Fidan\u2019dan Gezi\u2019ye, Karantina\u2019dan G\u00f6\u00e7men\u2019lere\u2026 otuz iki k\u0131s\u0131m tekmili birden bildi\u011fimiz(i sand\u0131\u011f\u0131m\u0131z) b\u00fct\u00fcn kavram ve kelimelere Haydar Erg\u00fclen\u2019ce kar\u015f\u0131l\u0131klar veriyor. \u015eiirden yola \u00e7\u0131kan, hat\u0131ralarda duraklayan, g\u00fcnceli ku\u015fatan yepyeni bir \u201cl\u00fcgat\u00e7e\u201d. \u201cNi\u015fanl\u0131l\u0131k kadar g\u00fczel ne var?\u201d <\/p>\n","protected":false},"excerpt":{"rendered":"<p>Haydar Erg\u00fclen\u2019in uzun zamand\u0131r farkl\u0131 mecralarda yay\u0131nlanan, deneme t\u00fcr\u00fcne yeni soluk katt\u0131\u011f\u0131 \u201calfabe\u201dler nihayet bir araya geliyorlar\u2026 \u00dcstelik bu daha ba\u015flang\u0131\u00e7! Ni\u015fanl\u0131lar \u0130\u00e7in \u015eark\u0131l\u0131 Alfabe\u2019de Erg\u00fclen;<span class=\"excerpt-hellip\"> [\u2026]<\/span><\/p>\n","protected":false},"featured_media":0,"template":"","meta":{"_monsterinsights_skip_tracking":false,"_monsterinsights_sitenote_active":false,"_monsterinsights_sitenote_note":"","_monsterinsights_sitenote_category":0},"product_brand":[],"product_cat":[12777,12291],"product_tag":[],"class_list":{"0":"post-726602","1":"product","2":"type-product","3":"status-publish","5":"product_cat-deneme","6":"product_cat-edebiyat","7":"pa_cilt-ciltsiz","8":"pa_tur-kitap","9":"pa_yayinevi-kirmizi-kedi-yayinevi","10":"pa_yazar-haydar-ergulen","12":"first","13":"instock","14":"sale","15":"shipping-taxable","16":"purchasable","17":"product-type-simple"},"_links":{"self":[{"href":"https:\/\/roveyayinevi.com.tr\/index.php\/wp-json\/wp\/v2\/product\/726602","targetHints":{"allow":["GET"]}}],"collection":[{"href":"https:\/\/roveyayinevi.com.tr\/index.php\/wp-json\/wp\/v2\/product"}],"about":[{"href":"https:\/\/roveyayinevi.com.tr\/index.php\/wp-json\/wp\/v2\/types\/product"}],"wp:attachment":[{"href":"https:\/\/roveyayinevi.com.tr\/index.php\/wp-json\/wp\/v2\/media?parent=726602"}],"wp:term":[{"taxonomy":"product_brand","embeddable":true,"href":"https:\/\/roveyayinevi.com.tr\/index.php\/wp-json\/wp\/v2\/product_brand?post=726602"},{"taxonomy":"product_cat","embeddable":true,"href":"https:\/\/roveyayinevi.com.tr\/index.php\/wp-json\/wp\/v2\/product_cat?post=726602"},{"taxonomy":"product_tag","embeddable":true,"href":"https:\/\/roveyayinevi.com.tr\/index.php\/wp-json\/wp\/v2\/product_tag?post=726602"}],"curies":[{"name":"wp","href":"https:\/\/api.w.org\/{rel}","templated":true}]}}