{"id":726600,"date":"2025-08-27T20:09:09","date_gmt":"2025-08-27T17:09:09","guid":{"rendered":"https:\/\/roveyayinevi.com.tr\/index.php\/urun\/daima-ask-kazanir\/"},"modified":"2026-04-16T02:34:11","modified_gmt":"2026-04-15T23:34:11","slug":"daima-ask-kazanir","status":"publish","type":"product","link":"https:\/\/roveyayinevi.com.tr\/index.php\/urun\/daima-ask-kazanir\/","title":{"rendered":"Daima A\u015fk Kazan\u0131r"},"content":{"rendered":"<p>Her ka\u00e7\u0131\u015f bir esarettir a\u015fkta\u2026 Ve her esaret bir galibiyettir asl\u0131nda\u2026   Tekin Soy\u00f6nder, kurallar\u0131 yaln\u0131zca kendisinin koydu\u011fu tehlike dolu ya\u015fam\u0131nda g\u00fc\u00e7l\u00fc ve yenilmez bir i\u015f adam\u0131yd\u0131. B\u00fct\u00fcn d\u00fcnyay\u0131 korkuttu\u011fu halde R\u00fcya\u2019y\u0131 durmaks\u0131z\u0131n kendine \u00e7ekiyordu. Bu ba\u015f belas\u0131 k\u0131zdan kurtulmaya, \u00e7at\u0131k ka\u015flar\u0131 ve yak\u0131c\u0131 \u00f6fkesiyle onu kendinden uzak tutmaya \u00e7al\u0131\u015ft\u0131 ancak hayat onlar i\u00e7in \u00e7oktan bir rol belirlemi\u015fti&#8230;   R\u00fcya, s\u0131n\u0131rlar\u0131 babas\u0131n\u0131n \u00e7izdi\u011fi bunalt\u0131c\u0131 hayat\u0131nda ilk kez bir maceraya at\u0131lmak istedi. Bu macera ailesini iflasa s\u00fcr\u00fckleyen adamdan intikam almay\u0131 ama\u00e7l\u0131yordu. Hen\u00fcz i\u015fin ba\u015f\u0131ndayken tats\u0131z bir tan\u0131\u015fma ya\u015fad\u0131\u011f\u0131 Tekin Soy\u00f6nder\u2019e toslay\u0131nca, ka\u00e7\u0131p gitmek yerine onunla inatla\u015fmay\u0131 se\u00e7ti.   Sarpa saran acemi bir plan, hem R\u00fcya\u2019n\u0131n hem de Tekin\u2019in hayat\u0131n\u0131 kar\u0131\u015ft\u0131racak, yeniden bir araya gelmeleri ka\u00e7\u0131n\u0131lmaz olacakt\u0131. \u00c7\u00fcnk\u00fc macera yanl\u0131\u015f ba\u015flam\u0131\u015f olsa da, bu iki z\u0131t insan\u0131 birbirine ba\u011flayan bir do\u011fruyla son bulacakt\u0131. <\/p>\n","protected":false},"excerpt":{"rendered":"<p>Her ka\u00e7\u0131\u015f bir esarettir a\u015fkta\u2026 Ve her esaret bir galibiyettir asl\u0131nda\u2026 Tekin Soy\u00f6nder, kurallar\u0131 yaln\u0131zca kendisinin koydu\u011fu tehlike dolu ya\u015fam\u0131nda g\u00fc\u00e7l\u00fc ve yenilmez bir i\u015f adam\u0131yd\u0131.<span class=\"excerpt-hellip\"> [\u2026]<\/span><\/p>\n","protected":false},"featured_media":0,"template":"","meta":{"_monsterinsights_skip_tracking":false,"_monsterinsights_sitenote_active":false,"_monsterinsights_sitenote_note":"","_monsterinsights_sitenote_category":0},"product_brand":[],"product_cat":[14643,12291],"product_tag":[],"class_list":{"0":"post-726600","1":"product","2":"type-product","3":"status-publish","5":"product_cat-ask","6":"product_cat-edebiyat","7":"pa_cilt-ciltsiz","8":"pa_tur-kitap","9":"pa_yayinevi-ephesus-yayinlari","10":"pa_yazar-asude","12":"first","13":"instock","14":"sale","15":"shipping-taxable","16":"purchasable","17":"product-type-simple"},"_links":{"self":[{"href":"https:\/\/roveyayinevi.com.tr\/index.php\/wp-json\/wp\/v2\/product\/726600","targetHints":{"allow":["GET"]}}],"collection":[{"href":"https:\/\/roveyayinevi.com.tr\/index.php\/wp-json\/wp\/v2\/product"}],"about":[{"href":"https:\/\/roveyayinevi.com.tr\/index.php\/wp-json\/wp\/v2\/types\/product"}],"wp:attachment":[{"href":"https:\/\/roveyayinevi.com.tr\/index.php\/wp-json\/wp\/v2\/media?parent=726600"}],"wp:term":[{"taxonomy":"product_brand","embeddable":true,"href":"https:\/\/roveyayinevi.com.tr\/index.php\/wp-json\/wp\/v2\/product_brand?post=726600"},{"taxonomy":"product_cat","embeddable":true,"href":"https:\/\/roveyayinevi.com.tr\/index.php\/wp-json\/wp\/v2\/product_cat?post=726600"},{"taxonomy":"product_tag","embeddable":true,"href":"https:\/\/roveyayinevi.com.tr\/index.php\/wp-json\/wp\/v2\/product_tag?post=726600"}],"curies":[{"name":"wp","href":"https:\/\/api.w.org\/{rel}","templated":true}]}}