{"id":726598,"date":"2025-08-27T20:09:08","date_gmt":"2025-08-27T17:09:08","guid":{"rendered":"https:\/\/roveyayinevi.com.tr\/index.php\/urun\/kent-hakki\/"},"modified":"2026-04-16T02:34:11","modified_gmt":"2026-04-15T23:34:11","slug":"kent-hakki","status":"publish","type":"product","link":"https:\/\/roveyayinevi.com.tr\/index.php\/urun\/kent-hakki\/","title":{"rendered":"Kent Hakk\u0131"},"content":{"rendered":"<p>Kamusal alanda var olma ve kamusall\u0131\u011f\u0131n s\u0131n\u0131rlar\u0131n\u0131 geni\u015fletme m\u00fccadelesi demokrasi ve sosyal adalet kavramlar\u0131ndan ba\u011f\u0131ms\u0131z d\u00fc\u015f\u00fcn\u00fclemez. Bu ger\u00e7eklikten yola \u00e7\u0131kan Don Mitchell, tarihsel ve mek\u00e2nsal analizi ustaca harmanlayarak kamusal mek\u00e2n \u00fczerindeki dinamik m\u00fccadele bi\u00e7imleri ile toplumsal hareketler aras\u0131ndaki ya\u015famsal ili\u015fkiyi irdeliyor. Kent hakk\u0131 kavram\u0131na sosyal adalet perspektifinden yeni katk\u0131lar sunuyor ve bu kavram\u0131 toplumun en dezavantajl\u0131lar\u0131n\u0131n lehine, onlar\u0131n anlat\u0131s\u0131na ve hislerine yer vererek yeniden yorumluyor. Mitchell bir yandan farkl\u0131 g\u00fc\u00e7 odaklar\u0131n\u0131n hangi gerek\u00e7eler ileri s\u00fcrerek kamusal mek\u00e2n\u0131 kontrol alt\u0131na almaya \u00e7al\u0131\u015ft\u0131\u011f\u0131n\u0131 g\u00f6z \u00f6n\u00fcne seriyor, bir yandan da bu g\u00fc\u00e7 odaklar\u0131na direnen \u00f6znelerin eylemlerine mercek do\u011frultuyor. Yazar, 20. y\u00fczy\u0131l\u0131n ba\u015f\u0131ndaki i\u015f\u00e7i hareketlerinden 1968 isyan\u0131 ve People\u2019s Park m\u00fccadelesine, yetkililerin evsizleri kamusal alandan uzakla\u015ft\u0131rma hamlelerinden 11 Eyl\u00fcl sonras\u0131 \u015fehirleri rehin alan g\u00fcvenlik\u00e7i yakla\u015f\u0131mlara kadar bir\u00e7ok somut vakay\u0131 derinlikli bir bi\u00e7imde i\u015fliyor. Kent Hakk\u0131 kamusall\u0131k, kent ve sosyal adalet \u00fcst\u00fcne d\u00fc\u015f\u00fcnmek isteyenler i\u00e7in m\u00fckemmel bir ba\u015fvuru kayna\u011f\u0131\u2026E\u011fer kitaptan b\u00f6l\u00fcm kullanal\u0131m dersek:\u201cKitaptaki b\u00f6l\u00fcmlerin her birinin alt mesaj\u0131, sosyal eylemlerin -protestolar, davalar\u0131n a\u00e7\u0131lmas\u0131 ve di\u011fer hukuki eylemler, alan\u0131n aktif olarak ele ge\u00e7irilmesi- kent hakk\u0131n\u0131n \u00fczerinde y\u00fckseldi\u011fi dayanaklar oldu\u011fudur; bunu hem fiili uygulamalarla (s\u0131n\u0131rl\u0131d\u0131r), hem de daha a\u00e7\u0131k, daha adil, daha e\u015fitlik\u00e7i bir toplum i\u00e7in bir i\u015faret \u0131\u015f\u0131\u011f\u0131 olarak yol g\u00f6stermeleriyle sa\u011flayabilirler. Kamusal alan\u0131 d\u00fczenleyen \u2018adalet rejimleri\u2019 dahilinde ve kar\u015f\u0131s\u0131nda bu alanlar\u0131 \u015fekillendiren radikal aktivizmin gizli mesaj\u0131, b\u00f6ylesi bir aktivizm s\u0131kl\u0131kla ma\u011flup ediliyor veya sistemin par\u00e7as\u0131 haline getiriliyor olsa bile, k\u00fc\u00e7\u00fck g\u00f6r\u00fclmemeli veya g\u00f6z ard\u0131 edilmemeli. Benim umut verici g\u00f6rd\u00fc\u011f\u00fcm noktalar da tam olarak radikal aktivist hareketlerin \u015fehri geri almak ve daha iyi bir yer haline getirmek i\u00e7in -tekrar tekrar- harekete ge\u00e7ti\u011fi anlar.\u201d<\/p>\n","protected":false},"excerpt":{"rendered":"<p>Kamusal alanda var olma ve kamusall\u0131\u011f\u0131n s\u0131n\u0131rlar\u0131n\u0131 geni\u015fletme m\u00fccadelesi demokrasi ve sosyal adalet kavramlar\u0131ndan ba\u011f\u0131ms\u0131z d\u00fc\u015f\u00fcn\u00fclemez. Bu ger\u00e7eklikten yola \u00e7\u0131kan Don Mitchell, tarihsel ve mek\u00e2nsal analizi<span class=\"excerpt-hellip\"> [\u2026]<\/span><\/p>\n","protected":false},"featured_media":0,"template":"","meta":{"_monsterinsights_skip_tracking":false,"_monsterinsights_sitenote_active":false,"_monsterinsights_sitenote_note":"","_monsterinsights_sitenote_category":0},"product_brand":[],"product_cat":[12835,12324],"product_tag":[],"class_list":{"0":"post-726598","1":"product","2":"type-product","3":"status-publish","5":"product_cat-genel-sosyoloji","6":"product_cat-sosyoloji","7":"pa_cilt-ciltsiz","8":"pa_tur-kitap","9":"pa_yayinevi-ayrinti-yayinlari","10":"pa_yazar-don-mitchell","12":"first","13":"instock","14":"sale","15":"shipping-taxable","16":"purchasable","17":"product-type-simple"},"_links":{"self":[{"href":"https:\/\/roveyayinevi.com.tr\/index.php\/wp-json\/wp\/v2\/product\/726598","targetHints":{"allow":["GET"]}}],"collection":[{"href":"https:\/\/roveyayinevi.com.tr\/index.php\/wp-json\/wp\/v2\/product"}],"about":[{"href":"https:\/\/roveyayinevi.com.tr\/index.php\/wp-json\/wp\/v2\/types\/product"}],"wp:attachment":[{"href":"https:\/\/roveyayinevi.com.tr\/index.php\/wp-json\/wp\/v2\/media?parent=726598"}],"wp:term":[{"taxonomy":"product_brand","embeddable":true,"href":"https:\/\/roveyayinevi.com.tr\/index.php\/wp-json\/wp\/v2\/product_brand?post=726598"},{"taxonomy":"product_cat","embeddable":true,"href":"https:\/\/roveyayinevi.com.tr\/index.php\/wp-json\/wp\/v2\/product_cat?post=726598"},{"taxonomy":"product_tag","embeddable":true,"href":"https:\/\/roveyayinevi.com.tr\/index.php\/wp-json\/wp\/v2\/product_tag?post=726598"}],"curies":[{"name":"wp","href":"https:\/\/api.w.org\/{rel}","templated":true}]}}