{"id":726597,"date":"2025-08-27T20:09:07","date_gmt":"2025-08-27T17:09:07","guid":{"rendered":"https:\/\/roveyayinevi.com.tr\/index.php\/urun\/kesintisiz-felsefe-tarihi-1\/"},"modified":"2026-04-16T02:34:11","modified_gmt":"2026-04-15T23:34:11","slug":"kesintisiz-felsefe-tarihi-1","status":"publish","type":"product","link":"https:\/\/roveyayinevi.com.tr\/index.php\/urun\/kesintisiz-felsefe-tarihi-1\/","title":{"rendered":"Kesintisiz Felsefe Tarihi 1"},"content":{"rendered":"<p>Klasik Felsefe, Adamson&#8217;\u0131n eksiksiz bir felsefe tarihini her zamankinden daha kapsaml\u0131 ama ayn\u0131 zamanda daha e\u011flenceli sunmay\u0131 ama\u00e7lad\u0131\u011f\u0131 bir dizinin ilk kitab\u0131d\u0131r. Pop\u00fcler Felsefe Tarihi podcastine dayanan Klasik Felsefe, Sokrates-\u00f6ncesi filozoflardan ba\u015flayarak, Sokrates&#8217;in sorgulay\u0131c\u0131 tarz\u0131n\u0131 ve Platon&#8217;un diyaloglar\u0131 ve Aristoteles&#8217;in incelemeleriyle felsefenin ilk tam \u00e7i\u00e7ek a\u00e7\u0131\u015f\u0131n\u0131 mizahi ve ayr\u0131nt\u0131l\u0131 bir bak\u0131\u015fla sunuyor.   Hik\u00e2ye sadece b\u00fcy\u00fck fig\u00fcrlerle de\u011fil, ayn\u0131 zamanda Hipokratik K\u00fclliyat, Platoncu Akademi ve antik felsefede kad\u0131nlar\u0131n rol\u00fc gibi daha az tart\u0131\u015f\u0131lan konularla kesintisiz anlat\u0131l\u0131yor. Adamson ayr\u0131ca Platon\u2019un Devlet\u2019ine ve Aristoteles\u2019in Nikomakhos\u2019a Ethik\u2019ine derinlemesine giri\u015fler yap\u0131yor. Bu tam kapsam ona felsefenin t\u00fcm alanlar\u0131ndaki eski tart\u0131\u015fmalar\u0131 ele almas\u0131n\u0131 sa\u011fl\u0131yor. Ard\u0131ndan erken d\u00f6nem Yunan kozmolojisinin Homeros ve Hesiodos\u2019a nas\u0131l tepki verdi\u011fini, Sokrates&#8217;in oyun yazar\u0131 Aristophanes ve tarih\u00e7i Ksenophon\u2019\u0131 nas\u0131l ele ald\u0131\u011f\u0131n\u0131 ve Yunan tarihindeki olaylar\u0131n Platon&#8217;un d\u00fc\u015f\u00fcncesini nas\u0131l etkilemi\u015f olabilece\u011fini aktar\u0131yor.   Adamson Kesintisiz Felsefe Tarihi\u2019yle felsefe tarihini, \u201ce\u011flenceli ama basitle\u015ftirilmemi\u015f bir \u015fekilde&#8221; anlat\u0131yor. <\/p>\n","protected":false},"excerpt":{"rendered":"<p>Klasik Felsefe, Adamson&#8217;\u0131n eksiksiz bir felsefe tarihini her zamankinden daha kapsaml\u0131 ama ayn\u0131 zamanda daha e\u011flenceli sunmay\u0131 ama\u00e7lad\u0131\u011f\u0131 bir dizinin ilk kitab\u0131d\u0131r. Pop\u00fcler Felsefe Tarihi podcastine<span class=\"excerpt-hellip\"> [\u2026]<\/span><\/p>\n","protected":false},"featured_media":0,"template":"","meta":{"_monsterinsights_skip_tracking":false,"_monsterinsights_sitenote_active":false,"_monsterinsights_sitenote_note":"","_monsterinsights_sitenote_category":0},"product_brand":[],"product_cat":[12388,14717],"product_tag":[],"class_list":{"0":"post-726597","1":"product","2":"type-product","3":"status-publish","5":"product_cat-felsefe","6":"product_cat-felsefe-tarihi","7":"pa_cilt-ciltsiz","8":"pa_tur-kitap","9":"pa_yayinevi-alfa-yayinlari","10":"pa_yazar-peter-adamson-richard-c-taylor","12":"first","13":"instock","14":"sale","15":"shipping-taxable","16":"purchasable","17":"product-type-simple"},"_links":{"self":[{"href":"https:\/\/roveyayinevi.com.tr\/index.php\/wp-json\/wp\/v2\/product\/726597","targetHints":{"allow":["GET"]}}],"collection":[{"href":"https:\/\/roveyayinevi.com.tr\/index.php\/wp-json\/wp\/v2\/product"}],"about":[{"href":"https:\/\/roveyayinevi.com.tr\/index.php\/wp-json\/wp\/v2\/types\/product"}],"wp:attachment":[{"href":"https:\/\/roveyayinevi.com.tr\/index.php\/wp-json\/wp\/v2\/media?parent=726597"}],"wp:term":[{"taxonomy":"product_brand","embeddable":true,"href":"https:\/\/roveyayinevi.com.tr\/index.php\/wp-json\/wp\/v2\/product_brand?post=726597"},{"taxonomy":"product_cat","embeddable":true,"href":"https:\/\/roveyayinevi.com.tr\/index.php\/wp-json\/wp\/v2\/product_cat?post=726597"},{"taxonomy":"product_tag","embeddable":true,"href":"https:\/\/roveyayinevi.com.tr\/index.php\/wp-json\/wp\/v2\/product_tag?post=726597"}],"curies":[{"name":"wp","href":"https:\/\/api.w.org\/{rel}","templated":true}]}}