{"id":726596,"date":"2025-08-27T20:09:06","date_gmt":"2025-08-27T17:09:06","guid":{"rendered":"https:\/\/roveyayinevi.com.tr\/index.php\/urun\/her-kotu-geceden-sonra\/"},"modified":"2025-09-30T15:50:51","modified_gmt":"2025-09-30T12:50:51","slug":"her-kotu-geceden-sonra","status":"publish","type":"product","link":"https:\/\/roveyayinevi.com.tr\/index.php\/urun\/her-kotu-geceden-sonra\/","title":{"rendered":"Her K\u00f6t\u00fc Geceden Sonra"},"content":{"rendered":"<p>\u201cBomba \u00fclkenin kalbinde patlad\u0131.\u201d Uzaklarda bir yerde kimileri sa\u011f\u0131r oldu, kimileri k\u00f6r kald\u0131. Her K\u00f6t\u00fc Geceden Sonra baz\u0131 kli\u015felerin boynunu vurarak ba\u015fl\u0131yor. Baran G\u00fczel\u2019in tercihi en zay\u0131f halkalar\u0131 ay\u0131klamak de\u011fil, onlara bahaneler sunmak da de\u011fil. G\u00fczelce yalanlar, bir kurgu, bir montaj. G\u00fcncelin partik\u00fclleri sa\u00e7\u0131ld\u0131klar\u0131 bo\u015flukta, meydanda g\u00f6zle g\u00f6r\u00fclebiliyor: tatminsiz tipler, s\u0131k\u0131nt\u0131 a\u011fa\u00e7lar\u0131, yas planyas\u0131, devrimciler, akran bask\u0131s\u0131, ekranlar ve tweet\u2019ler, tweet\u2019ler\u2026 Her K\u00f6t\u00fc Geceden Sonra t\u00fcm bu olan biteni baba a\u011fr\u0131s\u0131 kar\u015f\u0131l\u0131yor. \u0130nsan eti bir duvara \u00e7arparken o\u011fullu\u011fun nab\u0131z kayd\u0131 tutuluyor. Bu gece 1-1 bitebilir!   D\u00fcnya kocaman bir hayvan le\u015fi. Biz insanlar onu kemiriyoruz. Binlerce y\u0131l \u00f6nceden kalma surlar, orada tar\u0131m yap\u0131ld\u0131\u011f\u0131na delil ilkel oraklar, kral mezarlar\u0131, ta\u015ftan tekerlekler ve bronz heykeller. Hepsi yok olsun, umurumda de\u011fil. Her \u015feyi y\u0131k\u0131p \u00fczerine binalar yapal\u0131m. Tarihi yok edelim. \u0130nsan denen canl\u0131 yok olu\u015funa bir \u00e7\u00f6z\u00fcm bulup varl\u0131\u011f\u0131n\u0131 s\u00fcrd\u00fcrebilirse, binlerce y\u0131l sonra ya\u015fayacaklar da bizden kalanlar\u0131 yok etsin. Bilgiyi aktarmay\u0131 hi\u00e7 \u00f6\u011frenmemeliydik. Belki o zaman medeniyet denen or*spu bu kadar ileri gitmezdi. Ate\u015fi bulan adam kimseye haber veremeden korkudan geberip gitmeliydi. Haddimizi a\u015ft\u0131k. <\/p>\n","protected":false},"excerpt":{"rendered":"<p>\u201cBomba \u00fclkenin kalbinde patlad\u0131.\u201d Uzaklarda bir yerde kimileri sa\u011f\u0131r oldu, kimileri k\u00f6r kald\u0131. Her K\u00f6t\u00fc Geceden Sonra baz\u0131 kli\u015felerin boynunu vurarak ba\u015fl\u0131yor. Baran G\u00fczel\u2019in tercihi en<span class=\"excerpt-hellip\"> [\u2026]<\/span><\/p>\n","protected":false},"featured_media":0,"template":"","meta":{"_monsterinsights_skip_tracking":false,"_monsterinsights_sitenote_active":false,"_monsterinsights_sitenote_note":"","_monsterinsights_sitenote_category":0},"product_brand":[],"product_cat":[12291,12711],"product_tag":[],"class_list":{"0":"post-726596","1":"product","2":"type-product","3":"status-publish","5":"product_cat-edebiyat","6":"product_cat-roman-oyku","7":"pa_cilt-ciltsiz","8":"pa_tur-kitap","9":"pa_yayinevi-everest-yayinlari","10":"pa_yazar-baran-guzel","12":"first","13":"instock","14":"sale","15":"shipping-taxable","16":"purchasable","17":"product-type-simple"},"_links":{"self":[{"href":"https:\/\/roveyayinevi.com.tr\/index.php\/wp-json\/wp\/v2\/product\/726596","targetHints":{"allow":["GET"]}}],"collection":[{"href":"https:\/\/roveyayinevi.com.tr\/index.php\/wp-json\/wp\/v2\/product"}],"about":[{"href":"https:\/\/roveyayinevi.com.tr\/index.php\/wp-json\/wp\/v2\/types\/product"}],"wp:attachment":[{"href":"https:\/\/roveyayinevi.com.tr\/index.php\/wp-json\/wp\/v2\/media?parent=726596"}],"wp:term":[{"taxonomy":"product_brand","embeddable":true,"href":"https:\/\/roveyayinevi.com.tr\/index.php\/wp-json\/wp\/v2\/product_brand?post=726596"},{"taxonomy":"product_cat","embeddable":true,"href":"https:\/\/roveyayinevi.com.tr\/index.php\/wp-json\/wp\/v2\/product_cat?post=726596"},{"taxonomy":"product_tag","embeddable":true,"href":"https:\/\/roveyayinevi.com.tr\/index.php\/wp-json\/wp\/v2\/product_tag?post=726596"}],"curies":[{"name":"wp","href":"https:\/\/api.w.org\/{rel}","templated":true}]}}