{"id":726594,"date":"2025-08-27T20:09:04","date_gmt":"2025-08-27T17:09:04","guid":{"rendered":"https:\/\/roveyayinevi.com.tr\/index.php\/urun\/gelecekbilim-kongresi\/"},"modified":"2025-12-30T10:33:28","modified_gmt":"2025-12-30T07:33:28","slug":"gelecekbilim-kongresi","status":"publish","type":"product","link":"https:\/\/roveyayinevi.com.tr\/index.php\/urun\/gelecekbilim-kongresi\/","title":{"rendered":"Gelecekbilim Kongresi"},"content":{"rendered":"<p>Lem, ustas\u0131 oldu\u011fu iki t\u00fcr\u00fc, bilimkurgu ile yergiyi harmanlay\u0131p talihsiz gezegenimiz D\u00fcnya\u2019n\u0131n gelece\u011fiyle ilgili \u00e7ok da parlak olmayan \u00f6ng\u00f6r\u00fclerde bulunuyor.   Bahts\u0131z uzay gezgini Ijon Tichy, kendini bir kez daha t\u00fcrl\u00fc belalar\u0131n i\u00e7inde buluyor. Ijon Tichy, ak\u0131l hocas\u0131 Profes\u00f6r Tarantoga\u2019n\u0131n \u0131srar\u0131 \u00fczerine Sekizinci Gelecekbilim Kongresine kat\u0131l\u0131r ve kendini gelecekte bulur. Hava kirlili\u011finden g\u00f6z g\u00f6z\u00fc g\u00f6rmeyen, a\u015f\u0131r\u0131 n\u00fcfustan i\u011fne at\u0131lsa yere d\u00fc\u015fmeyen Kosta Rika\u2019da u\u011frad\u0131\u011f\u0131 sald\u0131r\u0131n\u0131n ard\u0131ndan dondurulan kahraman\u0131m\u0131z 2039 y\u0131l\u0131nda uyan\u0131r. \u0130\u015fler kontrolden \u00e7\u0131karsa b*ber gaz\u0131 s\u0131kacak f\u0131skiyelerle dolu, bombalardan ar\u0131nd\u0131r\u0131lm\u0131\u015f \u00f6zel odalarda konuklar\u0131n\u0131 a\u011f\u0131rlayan l\u00fcks otellerin d\u00fcnyas\u0131 geride kalm\u0131\u015ft\u0131r ve Ijon Tichy refah ve mutlulu\u011fun herkes i\u00e7in ula\u015f\u0131labilir oldu\u011fu bir zamandad\u0131r art\u0131k. Peki, her \u015fey ger\u00e7ekten de g\u00f6r\u00fcnd\u00fc\u011f\u00fc gibi midir?<\/p>\n","protected":false},"excerpt":{"rendered":"<p>Lem, ustas\u0131 oldu\u011fu iki t\u00fcr\u00fc, bilimkurgu ile yergiyi harmanlay\u0131p talihsiz gezegenimiz D\u00fcnya\u2019n\u0131n gelece\u011fiyle ilgili \u00e7ok da parlak olmayan \u00f6ng\u00f6r\u00fclerde bulunuyor. Bahts\u0131z uzay gezgini Ijon Tichy, kendini<span class=\"excerpt-hellip\"> [\u2026]<\/span><\/p>\n","protected":false},"featured_media":0,"template":"","meta":{"_monsterinsights_skip_tracking":false,"_monsterinsights_sitenote_active":false,"_monsterinsights_sitenote_note":"","_monsterinsights_sitenote_category":0},"product_brand":[],"product_cat":[12540,12291],"product_tag":[],"class_list":{"0":"post-726594","1":"product","2":"type-product","3":"status-publish","5":"product_cat-bilim-kurgu","6":"product_cat-edebiyat","7":"pa_cilt-ciltsiz","8":"pa_tur-kitap","9":"pa_yayinevi-alfa-yayinlari","10":"pa_yazar-stanislaw-lem","12":"first","13":"instock","14":"sale","15":"shipping-taxable","16":"purchasable","17":"product-type-simple"},"_links":{"self":[{"href":"https:\/\/roveyayinevi.com.tr\/index.php\/wp-json\/wp\/v2\/product\/726594","targetHints":{"allow":["GET"]}}],"collection":[{"href":"https:\/\/roveyayinevi.com.tr\/index.php\/wp-json\/wp\/v2\/product"}],"about":[{"href":"https:\/\/roveyayinevi.com.tr\/index.php\/wp-json\/wp\/v2\/types\/product"}],"wp:attachment":[{"href":"https:\/\/roveyayinevi.com.tr\/index.php\/wp-json\/wp\/v2\/media?parent=726594"}],"wp:term":[{"taxonomy":"product_brand","embeddable":true,"href":"https:\/\/roveyayinevi.com.tr\/index.php\/wp-json\/wp\/v2\/product_brand?post=726594"},{"taxonomy":"product_cat","embeddable":true,"href":"https:\/\/roveyayinevi.com.tr\/index.php\/wp-json\/wp\/v2\/product_cat?post=726594"},{"taxonomy":"product_tag","embeddable":true,"href":"https:\/\/roveyayinevi.com.tr\/index.php\/wp-json\/wp\/v2\/product_tag?post=726594"}],"curies":[{"name":"wp","href":"https:\/\/api.w.org\/{rel}","templated":true}]}}