{"id":726589,"date":"2025-08-27T20:09:00","date_gmt":"2025-08-27T17:09:00","guid":{"rendered":"https:\/\/roveyayinevi.com.tr\/index.php\/urun\/sokrates-2\/"},"modified":"2026-04-16T02:34:11","modified_gmt":"2026-04-15T23:34:11","slug":"sokrates-2","status":"publish","type":"product","link":"https:\/\/roveyayinevi.com.tr\/index.php\/urun\/sokrates-2\/","title":{"rendered":"Sokrates"},"content":{"rendered":"<p>Sokrates ink\u00e2r edilemez \u015fekilde t\u00fcm zamanlar\u0131n en b\u00fcy\u00fck d\u00fc\u015f\u00fcn\u00fcrlerinden biriydi.Ancak o hi\u00e7bir \u015fey yazmad\u0131 ve geride kendisine ait bir eser b\u0131rakmad\u0131. M.\u00d6. 5. y\u00fczy\u0131lda Atina\u2019da ya\u015fayan bu sade ama karizmatik adam\u0131n felsefesini onun hayat hik\u00e2yesinden, d\u00fc\u015f\u00fcncelerinden, eylemlerinden, kararl\u0131 duru\u015fundan, korkusuzca \u00f6l\u00fcme gidi\u015finden ve etki alan\u0131n\u0131n u\u00e7suz bucaks\u0131z olu\u015fundan okumak m\u00fcmk\u00fcnd\u00fc. O, kendi felsefesini tam olarak i\u015fte bu \u015fekilde somutla\u015ft\u0131rd\u0131.Bald\u0131ran zehriyle son bulan s\u0131ra d\u0131\u015f\u0131 ya\u015fam\u0131, g\u00fc\u00e7l\u00fc \u00f6\u011fretileri ve k\u0131\u015fk\u0131rt\u0131c\u0131 felsefesiyle Y\u00fcksek Ruhlar Serisi\u2019nde s\u00f6z \u015fimdi Sokrates\u2019te: \u201cEn faziletli insan ruhen y\u00fckselmeye \u00e7al\u0131\u015fan, en mutlu insan da y\u00fckseldi\u011fini hissedendir&#8230;\u201d<\/p>\n","protected":false},"excerpt":{"rendered":"<p>Sokrates ink\u00e2r edilemez \u015fekilde t\u00fcm zamanlar\u0131n en b\u00fcy\u00fck d\u00fc\u015f\u00fcn\u00fcrlerinden biriydi.Ancak o hi\u00e7bir \u015fey yazmad\u0131 ve geride kendisine ait bir eser b\u0131rakmad\u0131. M.\u00d6. 5. y\u00fczy\u0131lda Atina\u2019da ya\u015fayan<span class=\"excerpt-hellip\"> [\u2026]<\/span><\/p>\n","protected":false},"featured_media":0,"template":"","meta":{"_monsterinsights_skip_tracking":false,"_monsterinsights_sitenote_active":false,"_monsterinsights_sitenote_note":"","_monsterinsights_sitenote_category":0},"product_brand":[],"product_cat":[12388,26788],"product_tag":[],"class_list":{"0":"post-726589","1":"product","2":"type-product","3":"status-publish","5":"product_cat-felsefe","6":"product_cat-filozoflar","7":"pa_cilt-ciltsiz","8":"pa_tur-kitap","9":"pa_yayinevi-profil-kitap","10":"pa_yazar-metehan-dogan","12":"first","13":"instock","14":"sale","15":"shipping-taxable","16":"purchasable","17":"product-type-simple"},"_links":{"self":[{"href":"https:\/\/roveyayinevi.com.tr\/index.php\/wp-json\/wp\/v2\/product\/726589","targetHints":{"allow":["GET"]}}],"collection":[{"href":"https:\/\/roveyayinevi.com.tr\/index.php\/wp-json\/wp\/v2\/product"}],"about":[{"href":"https:\/\/roveyayinevi.com.tr\/index.php\/wp-json\/wp\/v2\/types\/product"}],"wp:attachment":[{"href":"https:\/\/roveyayinevi.com.tr\/index.php\/wp-json\/wp\/v2\/media?parent=726589"}],"wp:term":[{"taxonomy":"product_brand","embeddable":true,"href":"https:\/\/roveyayinevi.com.tr\/index.php\/wp-json\/wp\/v2\/product_brand?post=726589"},{"taxonomy":"product_cat","embeddable":true,"href":"https:\/\/roveyayinevi.com.tr\/index.php\/wp-json\/wp\/v2\/product_cat?post=726589"},{"taxonomy":"product_tag","embeddable":true,"href":"https:\/\/roveyayinevi.com.tr\/index.php\/wp-json\/wp\/v2\/product_tag?post=726589"}],"curies":[{"name":"wp","href":"https:\/\/api.w.org\/{rel}","templated":true}]}}