{"id":726587,"date":"2025-08-27T20:08:59","date_gmt":"2025-08-27T17:08:59","guid":{"rendered":"https:\/\/roveyayinevi.com.tr\/index.php\/urun\/su-anahtari\/"},"modified":"2026-04-16T02:34:11","modified_gmt":"2026-04-15T23:34:11","slug":"su-anahtari","status":"publish","type":"product","link":"https:\/\/roveyayinevi.com.tr\/index.php\/urun\/su-anahtari\/","title":{"rendered":"Su Anahtar\u0131"},"content":{"rendered":"<p>Zihnimin odalar\u0131 kilitli.Duvarlar\u0131nda yank\u0131lan\u0131yor s\u00f6zc\u00fckler.Bir k\u0131sm\u0131n\u0131n a\u00e7\u0131ld\u0131 kap\u0131s\u0131 Suanahtar\u0131\u2019yla.Kelimeler birbirinden farkl\u0131 yollarlaKa\u00e7\u0131p akt\u0131lar sayfalara.Ard\u0131ndan m\u00fcrekkebi harita yapt\u0131lar.Gittiler ba\u015fka zihinlerin odac\u0131klar\u0131na,KonaklamayaSuanahtar\u0131, sizin de kap\u0131lar\u0131n\u0131z\u0131 aralamaya geldi.Her sat\u0131r\u0131na binbir y\u00fcrek gizlendi.Kendiyle,kendinleSevgi \u2013 sizlik \u2013 daimle,Yarat\u0131c\u0131ya a\u011f\u0131tlarlaE\u015fikte bekliyor sakland\u0131\u011f\u0131 yerin alt\u0131nda.<\/p>\n","protected":false},"excerpt":{"rendered":"<p>Zihnimin odalar\u0131 kilitli.Duvarlar\u0131nda yank\u0131lan\u0131yor s\u00f6zc\u00fckler.Bir k\u0131sm\u0131n\u0131n a\u00e7\u0131ld\u0131 kap\u0131s\u0131 Suanahtar\u0131\u2019yla.Kelimeler birbirinden farkl\u0131 yollarlaKa\u00e7\u0131p akt\u0131lar sayfalara.Ard\u0131ndan m\u00fcrekkebi harita yapt\u0131lar.Gittiler ba\u015fka zihinlerin odac\u0131klar\u0131na,KonaklamayaSuanahtar\u0131, sizin de kap\u0131lar\u0131n\u0131z\u0131 aralamaya geldi.Her sat\u0131r\u0131na<span class=\"excerpt-hellip\"> [\u2026]<\/span><\/p>\n","protected":false},"featured_media":0,"template":"","meta":{"_monsterinsights_skip_tracking":false,"_monsterinsights_sitenote_active":false,"_monsterinsights_sitenote_note":"","_monsterinsights_sitenote_category":0},"product_brand":[],"product_cat":[12777,12291],"product_tag":[],"class_list":{"0":"post-726587","1":"product","2":"type-product","3":"status-publish","5":"product_cat-deneme","6":"product_cat-edebiyat","7":"pa_cilt-ciltsiz","8":"pa_tur-kitap","9":"pa_yayinevi-profil-kitap","10":"pa_yazar-meralsu-karaloglu","12":"first","13":"instock","14":"sale","15":"shipping-taxable","16":"purchasable","17":"product-type-simple"},"_links":{"self":[{"href":"https:\/\/roveyayinevi.com.tr\/index.php\/wp-json\/wp\/v2\/product\/726587","targetHints":{"allow":["GET"]}}],"collection":[{"href":"https:\/\/roveyayinevi.com.tr\/index.php\/wp-json\/wp\/v2\/product"}],"about":[{"href":"https:\/\/roveyayinevi.com.tr\/index.php\/wp-json\/wp\/v2\/types\/product"}],"wp:attachment":[{"href":"https:\/\/roveyayinevi.com.tr\/index.php\/wp-json\/wp\/v2\/media?parent=726587"}],"wp:term":[{"taxonomy":"product_brand","embeddable":true,"href":"https:\/\/roveyayinevi.com.tr\/index.php\/wp-json\/wp\/v2\/product_brand?post=726587"},{"taxonomy":"product_cat","embeddable":true,"href":"https:\/\/roveyayinevi.com.tr\/index.php\/wp-json\/wp\/v2\/product_cat?post=726587"},{"taxonomy":"product_tag","embeddable":true,"href":"https:\/\/roveyayinevi.com.tr\/index.php\/wp-json\/wp\/v2\/product_tag?post=726587"}],"curies":[{"name":"wp","href":"https:\/\/api.w.org\/{rel}","templated":true}]}}