{"id":726585,"date":"2025-08-27T20:08:57","date_gmt":"2025-08-27T17:08:57","guid":{"rendered":"https:\/\/roveyayinevi.com.tr\/index.php\/urun\/kurulus-osman\/"},"modified":"2026-04-16T02:34:11","modified_gmt":"2026-04-15T23:34:11","slug":"kurulus-osman","status":"publish","type":"product","link":"https:\/\/roveyayinevi.com.tr\/index.php\/urun\/kurulus-osman\/","title":{"rendered":"Kurulu\u015f Osman"},"content":{"rendered":"<p>1281 y\u0131l\u0131n\u0131n Eyl\u00fcl ay\u0131d\u0131r. Kay\u0131 A\u015fireti\u2019nin reisi Ertu\u011frul Gazi 93 ya\u015f\u0131nda iken vefat etmi\u015ftir ve herkes Kay\u0131lar\u0131n yeni liderinin kim olaca\u011f\u0131n\u0131 merak etmektedir.Ve b\u00f6ylelikle ba\u015flar r\u00fcyalarla m\u00fcjdelenen Osman Gazi\u2019nin; Kay\u0131 A\u015fireti\u2019ne reis olmas\u0131ndan u\u00e7 beyli\u011fine, u\u00e7 beyli\u011finden sancak beyli\u011fine ve nihayetinde 624 y\u0131l \u00fc\u00e7 k\u0131tada h\u00fck\u00fcm s\u00fcrecek bir cihan devletinin h\u00fck\u00fcmdarl\u0131\u011f\u0131na evrilen hik\u00e2yesi&#8230;  Mo\u011follara, Rum tekfurlar\u0131na ve hatta Bizans \u0130mparatorlu\u011fu\u2019na meydan okuya okuya g\u00fc\u00e7lenen Kay\u0131hanl\u0131lar\u0131n m\u00fccadelesi&#8230;Kurulu\u015f: Osman, soluksuz okuyaca\u011f\u0131n\u0131z kurgusuyla Osman Gazi\u2019nin 1258\u2019de ba\u015flay\u0131p 1326\u2019da nihayete eren destans\u0131 hayat\u0131n\u0131 t\u00fcm teferruat\u0131yla g\u00f6zler \u00f6n\u00fcne seriyor. Ve sizleri kutlu bir \u015fafa\u011fa; Mo\u011follar kar\u015f\u0131s\u0131nda tutunamayan Sel\u00e7uklular bir ak\u015fam g\u00fcne\u015fi gibi batarken, Kay\u0131lar\u0131n Osmanl\u0131 Devleti olarak do\u011fu\u015funa \u015fahit olmaya davet ediyor.<\/p>\n","protected":false},"excerpt":{"rendered":"<p>1281 y\u0131l\u0131n\u0131n Eyl\u00fcl ay\u0131d\u0131r. Kay\u0131 A\u015fireti\u2019nin reisi Ertu\u011frul Gazi 93 ya\u015f\u0131nda iken vefat etmi\u015ftir ve herkes Kay\u0131lar\u0131n yeni liderinin kim olaca\u011f\u0131n\u0131 merak etmektedir.Ve b\u00f6ylelikle ba\u015flar r\u00fcyalarla<span class=\"excerpt-hellip\"> [\u2026]<\/span><\/p>\n","protected":false},"featured_media":0,"template":"","meta":{"_monsterinsights_skip_tracking":false,"_monsterinsights_sitenote_active":false,"_monsterinsights_sitenote_note":"","_monsterinsights_sitenote_category":0},"product_brand":[],"product_cat":[12291,12745],"product_tag":[],"class_list":{"0":"post-726585","1":"product","2":"type-product","3":"status-publish","5":"product_cat-edebiyat","6":"product_cat-tarihi-roman","7":"pa_cilt-ciltsiz","8":"pa_tur-kitap","9":"pa_yayinevi-profil-kitap","10":"pa_yazar-ufuk-tufan","12":"first","13":"instock","14":"sale","15":"shipping-taxable","16":"purchasable","17":"product-type-simple"},"_links":{"self":[{"href":"https:\/\/roveyayinevi.com.tr\/index.php\/wp-json\/wp\/v2\/product\/726585","targetHints":{"allow":["GET"]}}],"collection":[{"href":"https:\/\/roveyayinevi.com.tr\/index.php\/wp-json\/wp\/v2\/product"}],"about":[{"href":"https:\/\/roveyayinevi.com.tr\/index.php\/wp-json\/wp\/v2\/types\/product"}],"wp:attachment":[{"href":"https:\/\/roveyayinevi.com.tr\/index.php\/wp-json\/wp\/v2\/media?parent=726585"}],"wp:term":[{"taxonomy":"product_brand","embeddable":true,"href":"https:\/\/roveyayinevi.com.tr\/index.php\/wp-json\/wp\/v2\/product_brand?post=726585"},{"taxonomy":"product_cat","embeddable":true,"href":"https:\/\/roveyayinevi.com.tr\/index.php\/wp-json\/wp\/v2\/product_cat?post=726585"},{"taxonomy":"product_tag","embeddable":true,"href":"https:\/\/roveyayinevi.com.tr\/index.php\/wp-json\/wp\/v2\/product_tag?post=726585"}],"curies":[{"name":"wp","href":"https:\/\/api.w.org\/{rel}","templated":true}]}}