{"id":726584,"date":"2025-08-27T20:08:56","date_gmt":"2025-08-27T17:08:56","guid":{"rendered":"https:\/\/roveyayinevi.com.tr\/index.php\/urun\/istikrarli-iliskiler\/"},"modified":"2026-04-11T02:42:08","modified_gmt":"2026-04-10T23:42:08","slug":"istikrarli-iliskiler","status":"publish","type":"product","link":"https:\/\/roveyayinevi.com.tr\/index.php\/urun\/istikrarli-iliskiler\/","title":{"rendered":"\u0130stikrarl\u0131 \u0130li\u015fkiler"},"content":{"rendered":"<p>Tobias Beck yeni kitab\u0131nda sizi e\u011flenceli, d\u00fc\u015f\u00fcnd\u00fcr\u00fcc\u00fc, kal\u0131plar\u0131 zorlayan ve \u00fcretken bir ke\u015fif yolculu\u011funa \u00e7\u0131kar\u0131yor.Beck, insanlardaki d\u00f6rt temel karakter tipini a\u00e7\u0131klamak i\u00e7in hayvanlar\u0131 model olarak kullan\u0131yor: balina, k\u00f6pekbal\u0131\u011f\u0131, yunus ve bayku\u015f. Bu form\u00fcl milyonlarca ki\u015fiye ilham verdi, evlilikleri kurtard\u0131, ofisleri yarat\u0131c\u0131 ortamlara d\u00f6n\u00fc\u015ft\u00fcrd\u00fc ve kar\u015f\u0131l\u0131kl\u0131 anlay\u0131\u015f\u0131 g\u00fc\u00e7lendirdi. Siz de bu kitab\u0131 okurken e\u015finizi, ailenizi, arkada\u015flar\u0131n\u0131z\u0131, meslekta\u015flar\u0131n\u0131z\u0131 ve kendinizi bir\u00e7ok komik hik\u00e2yede g\u00f6recek ve b\u00f6ylece hem kendinizi hem onlar\u0131 daha iyi anlayacaks\u0131n\u0131z. \u0130stikrarl\u0131 \u0130li\u015fkiler\u2019de bu d\u00f6rt hayvan\u0131n dilini konu\u015facak ve yunuslar\u0131n neden bayku\u015flarla asla evlenmemesi gerekti\u011fini, neden bir balina evlat yeti\u015ftirmeniz gerekti\u011fini ve bir k\u00f6pekbal\u0131\u011f\u0131 taraf\u0131ndan mideye indirilmemek i\u00e7in ne yapman\u0131z gerekti\u011fini \u00f6\u011freneceksiniz.<\/p>\n","protected":false},"excerpt":{"rendered":"<p>Tobias Beck yeni kitab\u0131nda sizi e\u011flenceli, d\u00fc\u015f\u00fcnd\u00fcr\u00fcc\u00fc, kal\u0131plar\u0131 zorlayan ve \u00fcretken bir ke\u015fif yolculu\u011funa \u00e7\u0131kar\u0131yor.Beck, insanlardaki d\u00f6rt temel karakter tipini a\u00e7\u0131klamak i\u00e7in hayvanlar\u0131 model olarak kullan\u0131yor:<span class=\"excerpt-hellip\"> [\u2026]<\/span><\/p>\n","protected":false},"featured_media":0,"template":"","meta":{"_monsterinsights_skip_tracking":false,"_monsterinsights_sitenote_active":false,"_monsterinsights_sitenote_note":"","_monsterinsights_sitenote_category":0},"product_brand":[],"product_cat":[12364,12376],"product_tag":[],"class_list":{"0":"post-726584","1":"product","2":"type-product","3":"status-publish","5":"product_cat-genel-konular","6":"product_cat-kisisel-gelisim","7":"pa_cilt-ciltsiz","8":"pa_tur-kitap","9":"pa_yayinevi-profil-kitap","10":"pa_yazar-tobias-beck","12":"first","13":"instock","14":"sale","15":"shipping-taxable","16":"purchasable","17":"product-type-simple"},"_links":{"self":[{"href":"https:\/\/roveyayinevi.com.tr\/index.php\/wp-json\/wp\/v2\/product\/726584","targetHints":{"allow":["GET"]}}],"collection":[{"href":"https:\/\/roveyayinevi.com.tr\/index.php\/wp-json\/wp\/v2\/product"}],"about":[{"href":"https:\/\/roveyayinevi.com.tr\/index.php\/wp-json\/wp\/v2\/types\/product"}],"wp:attachment":[{"href":"https:\/\/roveyayinevi.com.tr\/index.php\/wp-json\/wp\/v2\/media?parent=726584"}],"wp:term":[{"taxonomy":"product_brand","embeddable":true,"href":"https:\/\/roveyayinevi.com.tr\/index.php\/wp-json\/wp\/v2\/product_brand?post=726584"},{"taxonomy":"product_cat","embeddable":true,"href":"https:\/\/roveyayinevi.com.tr\/index.php\/wp-json\/wp\/v2\/product_cat?post=726584"},{"taxonomy":"product_tag","embeddable":true,"href":"https:\/\/roveyayinevi.com.tr\/index.php\/wp-json\/wp\/v2\/product_tag?post=726584"}],"curies":[{"name":"wp","href":"https:\/\/api.w.org\/{rel}","templated":true}]}}