{"id":726578,"date":"2025-08-27T20:08:50","date_gmt":"2025-08-27T17:08:50","guid":{"rendered":"https:\/\/roveyayinevi.com.tr\/index.php\/urun\/cinar-agaci-ve-yuruyen-kosk\/"},"modified":"2026-04-16T02:34:10","modified_gmt":"2026-04-15T23:34:10","slug":"cinar-agaci-ve-yuruyen-kosk","status":"publish","type":"product","link":"https:\/\/roveyayinevi.com.tr\/index.php\/urun\/cinar-agaci-ve-yuruyen-kosk\/","title":{"rendered":"\u00c7\u0131nar A\u011fac\u0131 ve Y\u00fcr\u00fcyen K\u00f6\u015fk"},"content":{"rendered":"<p>1929 yaz\u0131nda \u0130stanbul\u2019dan Bursa\u2019ya giden Atat\u00fcrk, Yalova a\u00e7\u0131klar\u0131nda sahilde g\u00f6rd\u00fc\u011f\u00fc kocaman, ye\u015fil mi ye\u015fil \u00e7\u0131nar a\u011fac\u0131ndan \u00e7ok etkilenmi\u015f ve yan\u0131na bir ev yap\u0131lmas\u0131n\u0131 istemi\u015f. Bu iste\u011fi \u00fczerine hemen minik bir k\u00f6\u015fk yap\u0131lm\u0131\u015f ve Atat\u00fcrk yaz aylar\u0131n\u0131 orada ge\u00e7irmeye ba\u015flam\u0131\u015f. Bir sonraki y\u0131l \u00e7\u0131nar\u0131n dallar\u0131 uzad\u0131k\u00e7a uzam\u0131\u015f, bir de k\u00f6\u015fke de\u011fince, bah\u00e7\u0131van dallar\u0131 kesmeye karar vermi\u015f. Bunu g\u00f6ren Atat\u00fcrk kar\u015f\u0131 \u00e7\u0131km\u0131\u015f ve \u00e7ok \u015fa\u015f\u0131rt\u0131c\u0131 bir \u00e7\u00f6z\u00fcm bulmu\u015f: K\u00f6\u015fk\u00fcn yerini de\u011fi\u015ftirmek! Peki bu m\u00fcmk\u00fcn m\u00fcym\u00fc\u015f?  Ara\u015ft\u0131rmac\u0131 yazar \u0130lknur G\u00fcnt\u00fcrk\u00fcn Kal\u0131p\u00e7\u0131, tarihte ya\u015fanm\u0131\u015f bu ilgin\u00e7 olay\u0131 \u00e7ocuklar i\u00e7in hem masals\u0131 bir dille anlat\u0131yor hem de Atat\u00fcrk ve do\u011fa sevgisini vurguluyor. <\/p>\n","protected":false},"excerpt":{"rendered":"<p>1929 yaz\u0131nda \u0130stanbul\u2019dan Bursa\u2019ya giden Atat\u00fcrk, Yalova a\u00e7\u0131klar\u0131nda sahilde g\u00f6rd\u00fc\u011f\u00fc kocaman, ye\u015fil mi ye\u015fil \u00e7\u0131nar a\u011fac\u0131ndan \u00e7ok etkilenmi\u015f ve yan\u0131na bir ev yap\u0131lmas\u0131n\u0131 istemi\u015f. Bu iste\u011fi<span class=\"excerpt-hellip\"> [\u2026]<\/span><\/p>\n","protected":false},"featured_media":0,"template":"","meta":{"_monsterinsights_skip_tracking":false,"_monsterinsights_sitenote_active":false,"_monsterinsights_sitenote_note":"","_monsterinsights_sitenote_category":0},"product_brand":[],"product_cat":[12913,12274],"product_tag":[],"class_list":{"0":"post-726578","1":"product","2":"type-product","3":"status-publish","5":"product_cat-3-6-yas-kitaplari","6":"product_cat-cocuk-ve-genclik-kitaplari","7":"pa_cilt-ciltsiz","8":"pa_tur-kitap","9":"pa_yayinevi-ucanfil-ozel-urun","10":"pa_yazar-ilknur-gunturkun-kalipci","12":"first","13":"instock","14":"sale","15":"shipping-taxable","16":"purchasable","17":"product-type-simple"},"_links":{"self":[{"href":"https:\/\/roveyayinevi.com.tr\/index.php\/wp-json\/wp\/v2\/product\/726578","targetHints":{"allow":["GET"]}}],"collection":[{"href":"https:\/\/roveyayinevi.com.tr\/index.php\/wp-json\/wp\/v2\/product"}],"about":[{"href":"https:\/\/roveyayinevi.com.tr\/index.php\/wp-json\/wp\/v2\/types\/product"}],"wp:attachment":[{"href":"https:\/\/roveyayinevi.com.tr\/index.php\/wp-json\/wp\/v2\/media?parent=726578"}],"wp:term":[{"taxonomy":"product_brand","embeddable":true,"href":"https:\/\/roveyayinevi.com.tr\/index.php\/wp-json\/wp\/v2\/product_brand?post=726578"},{"taxonomy":"product_cat","embeddable":true,"href":"https:\/\/roveyayinevi.com.tr\/index.php\/wp-json\/wp\/v2\/product_cat?post=726578"},{"taxonomy":"product_tag","embeddable":true,"href":"https:\/\/roveyayinevi.com.tr\/index.php\/wp-json\/wp\/v2\/product_tag?post=726578"}],"curies":[{"name":"wp","href":"https:\/\/api.w.org\/{rel}","templated":true}]}}