{"id":726574,"date":"2025-08-27T20:08:47","date_gmt":"2025-08-27T17:08:47","guid":{"rendered":"https:\/\/roveyayinevi.com.tr\/index.php\/urun\/ayikulak\/"},"modified":"2026-04-16T02:34:10","modified_gmt":"2026-04-15T23:34:10","slug":"ayikulak","status":"publish","type":"product","link":"https:\/\/roveyayinevi.com.tr\/index.php\/urun\/ayikulak\/","title":{"rendered":"Ay\u0131kulak"},"content":{"rendered":"<p>Vay ba\u015f\u0131ma, hay ba\u015f\u0131ma; bir Ay\u0131kulak \u00e7\u0131kt\u0131 kar\u015f\u0131ma&#8230; Devlet ku\u015fu konsa ba\u015f\u0131na, \u00e2\u015f\u0131k olsa topra\u011f\u0131na ta\u015f\u0131na&#8230; Bindi Berkut ku\u015funa&#8230; Yol bitecek gibi de\u011fil, e\u011fil da\u011flar e\u011fil!.. Bu masal unutulacak gibi de\u011fil&#8230; &#8230;Padi\u015fah k\u0131z\u0131 has bah\u00e7ede gezinirken bir ay\u0131 al\u0131p onu ka\u00e7\u0131r\u0131r. Arar, tarar k\u0131z\u0131 bulamazlar. Ay\u0131, onu ma\u011faras\u0131na g\u00f6t\u00fcr\u00fcr, k\u0131z\u0131n ay\u0131dan bir o\u011flu d\u00fcnyaya gelir. \u00c7ocuk insana, kulaklar\u0131 ise ay\u0131ya benzemektedir. K\u0131z, \u00e7ocu\u011fun ad\u0131n\u0131 \u201cAy\u0131kulak\u201d koyar.  <\/p>\n","protected":false},"excerpt":{"rendered":"<p>Vay ba\u015f\u0131ma, hay ba\u015f\u0131ma; bir Ay\u0131kulak \u00e7\u0131kt\u0131 kar\u015f\u0131ma&#8230; Devlet ku\u015fu konsa ba\u015f\u0131na, \u00e2\u015f\u0131k olsa topra\u011f\u0131na ta\u015f\u0131na&#8230; Bindi Berkut ku\u015funa&#8230; Yol bitecek gibi de\u011fil, e\u011fil da\u011flar e\u011fil!..<span class=\"excerpt-hellip\"> [\u2026]<\/span><\/p>\n","protected":false},"featured_media":0,"template":"","meta":{"_monsterinsights_skip_tracking":false,"_monsterinsights_sitenote_active":false,"_monsterinsights_sitenote_note":"","_monsterinsights_sitenote_category":0},"product_brand":[],"product_cat":[12913,12274],"product_tag":[],"class_list":{"0":"post-726574","1":"product","2":"type-product","3":"status-publish","5":"product_cat-3-6-yas-kitaplari","6":"product_cat-cocuk-ve-genclik-kitaplari","7":"pa_cilt-ciltsiz","8":"pa_tur-kitap","9":"pa_yayinevi-dogu-bati-cocuk","10":"pa_yazar-yucel-feyzioglu","12":"first","13":"instock","14":"sale","15":"shipping-taxable","16":"purchasable","17":"product-type-simple"},"_links":{"self":[{"href":"https:\/\/roveyayinevi.com.tr\/index.php\/wp-json\/wp\/v2\/product\/726574","targetHints":{"allow":["GET"]}}],"collection":[{"href":"https:\/\/roveyayinevi.com.tr\/index.php\/wp-json\/wp\/v2\/product"}],"about":[{"href":"https:\/\/roveyayinevi.com.tr\/index.php\/wp-json\/wp\/v2\/types\/product"}],"wp:attachment":[{"href":"https:\/\/roveyayinevi.com.tr\/index.php\/wp-json\/wp\/v2\/media?parent=726574"}],"wp:term":[{"taxonomy":"product_brand","embeddable":true,"href":"https:\/\/roveyayinevi.com.tr\/index.php\/wp-json\/wp\/v2\/product_brand?post=726574"},{"taxonomy":"product_cat","embeddable":true,"href":"https:\/\/roveyayinevi.com.tr\/index.php\/wp-json\/wp\/v2\/product_cat?post=726574"},{"taxonomy":"product_tag","embeddable":true,"href":"https:\/\/roveyayinevi.com.tr\/index.php\/wp-json\/wp\/v2\/product_tag?post=726574"}],"curies":[{"name":"wp","href":"https:\/\/api.w.org\/{rel}","templated":true}]}}