{"id":726573,"date":"2025-08-27T20:08:46","date_gmt":"2025-08-27T17:08:46","guid":{"rendered":"https:\/\/roveyayinevi.com.tr\/index.php\/urun\/hermeneutigin-oykusu\/"},"modified":"2026-04-16T02:34:10","modified_gmt":"2026-04-15T23:34:10","slug":"hermeneutigin-oykusu","status":"publish","type":"product","link":"https:\/\/roveyayinevi.com.tr\/index.php\/urun\/hermeneutigin-oykusu\/","title":{"rendered":"Hermeneuti\u011fin \u00d6yk\u00fcs\u00fc"},"content":{"rendered":"<p>Hermeneutik, felsefenin ve be\u015fer\u00ee bilimlerin, en dikkat \u00e7eken, merak edilen, irdelenen ve tart\u0131\u015f\u0131lan konular\u0131 aras\u0131ndad\u0131r. Zira, anlamaya ve anla\u015f\u0131lmaya ili\u015fkin hassasiyetlerimiz varl\u0131\u011f\u0131m\u0131z\u0131n en asl\u00ee karakterlerinden biridir. Hermeneuti\u011fin kalbinde, bir anlama, aktarma, anla\u015f\u0131l\u0131r hale getirme ve yorumlama sorunu yatar. Bu nedenle hermeneutik, sadece metodoloji tart\u0131\u015fmalar\u0131 ba\u011flam\u0131nda g\u00fcndeme gelen bir konu de\u011fildir. Hermeneuti\u011fin kadim tarihi d\u00fc\u015f\u00fcn\u00fcld\u00fc\u011f\u00fcnde, metodoloji, hermeneuti\u011fin \u00e7ok k\u00fc\u00e7\u00fck bir k\u0131sm\u0131n\u0131 te\u015fkil eder. Hermeneuti\u011fin k\u00f6keninde her zaman insan\u0131n kendisi, yabanc\u0131 bir ifadenin, s\u00f6z veya mesaj\u0131n anla\u015f\u0131lmas\u0131 problemi yer al\u0131r. \u0130fadenin s\u00f6z konusu oldu\u011fu her yerde, anlama, eksik anlama, anlamama veya yanl\u0131\u015f anlama olagelmi\u015ftir. Bu bak\u0131mdan hermeneutik, insan\u0131n kendini ifade edi\u015f tarz\u0131 ile m\u00fcndemi\u00e7tir. \u0130nsan\u0131n belli bir zaman sonra devrald\u0131\u011f\u0131 bir yetkeyi de\u011fil, varolu\u015fsal bir aidiyetini, birlikteli\u011fini ve arac\u0131l\u0131\u011f\u0131n\u0131 yans\u0131t\u0131r. Hermeneuti\u011fin elinden \u00e7\u0131km\u0131\u015f, yaz\u0131l\u0131 ve s\u00f6zel, her bir ifadenin yorumlanma te\u015febb\u00fcs\u00fc, anlamaya a\u00e7\u0131lan bir penceredir. Bu y\u00f6n\u00fcyle, hermeneutik, filozof, sosyal bilimci, yazar, sanat\u00e7\u0131 ve metinle vuku bulan bir diyalogdur.Felsef\u00ee hermeneuti\u011fe a\u00e7\u0131lan bu pencere de hermeneuti\u011fin devasa tarihine k\u00fc\u00e7\u00fck bir bellek izi daha kazand\u0131rmak amac\u0131ndad\u0131r; hermeneuti\u011fin k\u0131vr\u0131ml\u0131 patikalar\u0131nda y\u00f6n bulmay\u0131 kolayla\u015ft\u0131ran, rehberlik eden bir iz, konuya ilgi duyan t\u00fcm \u00f6\u011frenciler ve ara\u015ft\u0131rmac\u0131lar i\u00e7in faydal\u0131 olmas\u0131n\u0131 umdu\u011fum, k\u0131sa, anla\u015f\u0131l\u0131r ve yol g\u00f6sterici bir k\u0131lavuz.<\/p>\n","protected":false},"excerpt":{"rendered":"<p>Hermeneutik, felsefenin ve be\u015fer\u00ee bilimlerin, en dikkat \u00e7eken, merak edilen, irdelenen ve tart\u0131\u015f\u0131lan konular\u0131 aras\u0131ndad\u0131r. Zira, anlamaya ve anla\u015f\u0131lmaya ili\u015fkin hassasiyetlerimiz varl\u0131\u011f\u0131m\u0131z\u0131n en asl\u00ee karakterlerinden biridir.<span class=\"excerpt-hellip\"> [\u2026]<\/span><\/p>\n","protected":false},"featured_media":0,"template":"","meta":{"_monsterinsights_skip_tracking":false,"_monsterinsights_sitenote_active":false,"_monsterinsights_sitenote_note":"","_monsterinsights_sitenote_category":0},"product_brand":[],"product_cat":[12389,12388],"product_tag":[],"class_list":{"0":"post-726573","1":"product","2":"type-product","3":"status-publish","5":"product_cat-diger-felsefe","6":"product_cat-felsefe","7":"pa_cilt-ciltsiz","8":"pa_tur-kitap","9":"pa_yayinevi-ani-yayincilik","10":"pa_yazar-emre-ozturk","12":"first","13":"instock","14":"sale","15":"shipping-taxable","16":"purchasable","17":"product-type-simple"},"_links":{"self":[{"href":"https:\/\/roveyayinevi.com.tr\/index.php\/wp-json\/wp\/v2\/product\/726573","targetHints":{"allow":["GET"]}}],"collection":[{"href":"https:\/\/roveyayinevi.com.tr\/index.php\/wp-json\/wp\/v2\/product"}],"about":[{"href":"https:\/\/roveyayinevi.com.tr\/index.php\/wp-json\/wp\/v2\/types\/product"}],"wp:attachment":[{"href":"https:\/\/roveyayinevi.com.tr\/index.php\/wp-json\/wp\/v2\/media?parent=726573"}],"wp:term":[{"taxonomy":"product_brand","embeddable":true,"href":"https:\/\/roveyayinevi.com.tr\/index.php\/wp-json\/wp\/v2\/product_brand?post=726573"},{"taxonomy":"product_cat","embeddable":true,"href":"https:\/\/roveyayinevi.com.tr\/index.php\/wp-json\/wp\/v2\/product_cat?post=726573"},{"taxonomy":"product_tag","embeddable":true,"href":"https:\/\/roveyayinevi.com.tr\/index.php\/wp-json\/wp\/v2\/product_tag?post=726573"}],"curies":[{"name":"wp","href":"https:\/\/api.w.org\/{rel}","templated":true}]}}