{"id":726571,"date":"2025-08-27T20:08:45","date_gmt":"2025-08-27T17:08:45","guid":{"rendered":"https:\/\/roveyayinevi.com.tr\/index.php\/urun\/isaretleri-izle-ciltli\/"},"modified":"2026-04-16T02:34:10","modified_gmt":"2026-04-15T23:34:10","slug":"isaretleri-izle-ciltli","status":"publish","type":"product","link":"https:\/\/roveyayinevi.com.tr\/index.php\/urun\/isaretleri-izle-ciltli\/","title":{"rendered":"\u0130\u015faretleri \u0130zle (Ciltli)"},"content":{"rendered":"<p>Riley iki sene \u00f6nce annesini kaybetti\u011finden beri yas destek grubunda edindi\u011fi tuhaf ailesi onun en b\u00fcy\u00fck s\u0131\u011f\u0131na\u011f\u0131 olmu\u015ftu. Jay, Kate ve Noah ac\u0131s\u0131n\u0131 anl\u0131yorlard\u0131; hepsi sevdikleri birini kaybetmi\u015fti ve farkl\u0131l\u0131klar\u0131na ra\u011fmen yaln\u0131zca kendilerinin anlayabilece\u011fi trajedilerle birbirlerine kenetlenmi\u015flerdi. Riley, annesini bir markette al\u0131\u015fveri\u015f yaparken g\u00f6rd\u00fc\u011f\u00fcn\u00fc sand\u0131\u011f\u0131nda akl\u0131n\u0131 ka\u00e7\u0131rd\u0131\u011f\u0131n\u0131 d\u00fc\u015f\u00fcnm\u00fc\u015ft\u00fc. Jay ve Kate\u2019in de benzer tecr\u00fcbeler ya\u015famas\u0131, Noah\u2019y\u0131 onlardan uzakla\u015ft\u0131rm\u0131\u015f gibiydi ve onun birden ortadan kaybolmas\u0131 t\u00fcm grubu alarma ge\u00e7irmi\u015fti. \u00c7\u0131lg\u0131nca onu aramaya koyulduklar\u0131nda, \u00f6l\u00fcmden sonraki ya\u015fama dair birtak\u0131m ipu\u00e7lar\u0131 bar\u0131nd\u0131ran bir gizemin i\u00e7ine \u00e7ekildiler. Riley bir yandan da i\u00e7inde uzun zamand\u0131r b\u00fcy\u00fcyen hisleriyle bo\u011fu\u015fmak zorundayd\u0131. E\u011fer sevdiklerine ve kendine yard\u0131m etmek istiyorsa, \u00f6nce zincirlerinden kurtulmal\u0131yd\u0131. \u201cAlt\u0131nc\u0131 His ve Da Vinci \u015eifresi\u2019nin gen\u00e7 okurlar i\u00e7in ba\u015ftan yarat\u0131lm\u0131\u015f h\u00e2li.\u201d \u2014Kirkus \u201cTrajedinin ard\u0131ndan insanlar\u0131n hayatlar\u0131na devam edebilmesini sa\u011flayan \u015feye dair \u00e7ok g\u00fc\u00e7l\u00fc bir mesaj\u0131 var.\u201d \u2014Publishers Weekly \u201cBiraz gizem, biraz do\u011fa\u00fcst\u00fc olaylar, biraz da spirit\u00fcel meditasyon \u2013 kusursuz kar\u0131\u015f\u0131m.\u201d \u2014Booklist \u201cOkurlar bu yazar\u0131n heybesinde ba\u015fka neler oldu\u011funu g\u00f6rmeye can atacak.\u201d \u2014VOYA \u201cBazen kahkaha att\u0131racak kadar komik, bazen g\u00f6zya\u015f\u0131 d\u00f6kt\u00fcrecek kadar h\u00fcz\u00fcnl\u00fc, bazen de t\u00fcylerinizi diken diken edecek kadar \u00fcrpertici. Kalbe dokunan ve elinizden b\u0131rakmas\u0131 \u00e7ok g\u00fc\u00e7 bir gizem.\u201d Jodi Lynn Anderson\u201c\u0130\u015faretleri \u0130zle sanki benim i\u00e7in yaz\u0131lm\u0131\u015f.\u201d \u2014Gwenda Bond \u201cBu kitap ya\u015fam\u0131n ve ondan sonra gelen gizemin perdesini aral\u0131yor. Son sayfay\u0131 kapad\u0131ktan \u00e7ok sonra bile sizinle kalacak.\u201d \u2014Melanie Crowder \u201cKomik, merak uyand\u0131ran ve romantik esintiler ta\u015f\u0131yan \u0130\u015faretleri \u0130zle\u2019de Emily France bize bir insan\u0131n derin bir kay\u0131p kar\u015f\u0131s\u0131nda ya\u015fam\u0131n\u0131 nas\u0131l s\u00fcrd\u00fcrebilece\u011fini g\u00f6steriyor.\u201d \u2014Deborah Heiligman \u201cEmily France, insan kalbinin derinliklerini ustal\u0131kla g\u00f6zler \u00f6n\u00fcne sererken, yak\u0131nlar\u0131n\u0131 kaybeden d\u00f6rt arkada\u015f\u0131n anlam ve sevgi aray\u0131\u015f\u0131n\u0131 konu alan bu hik\u00e2yeyi bir yandan da mistisizm, arkada\u015fl\u0131k, zek\u00e2 ve yas gibi konularla harmanl\u0131yor.\u201d \u2014Ingrid Law  \u201c\u0130\u015faretleri \u0130zle, ger\u00e7ek spirit\u00fcel yolculu\u011fa bir kap\u0131 a\u00e7\u0131yor.\u201d \u2014Elizabeth Searle <\/p>\n","protected":false},"excerpt":{"rendered":"<p>Riley iki sene \u00f6nce annesini kaybetti\u011finden beri yas destek grubunda edindi\u011fi tuhaf ailesi onun en b\u00fcy\u00fck s\u0131\u011f\u0131na\u011f\u0131 olmu\u015ftu. Jay, Kate ve Noah ac\u0131s\u0131n\u0131 anl\u0131yorlard\u0131; hepsi sevdikleri<span class=\"excerpt-hellip\"> [\u2026]<\/span><\/p>\n","protected":false},"featured_media":0,"template":"","meta":{"_monsterinsights_skip_tracking":false,"_monsterinsights_sitenote_active":false,"_monsterinsights_sitenote_note":"","_monsterinsights_sitenote_category":0},"product_brand":[],"product_cat":[12291,17033],"product_tag":[],"class_list":{"0":"post-726571","1":"product","2":"type-product","3":"status-publish","5":"product_cat-edebiyat","6":"product_cat-korku-gerilim","7":"pa_cilt-ciltli","8":"pa_tur-kitap","9":"pa_yayinevi-yabanci-yayinevi","10":"pa_yazar-emily-france","12":"first","13":"instock","14":"sale","15":"shipping-taxable","16":"purchasable","17":"product-type-simple"},"_links":{"self":[{"href":"https:\/\/roveyayinevi.com.tr\/index.php\/wp-json\/wp\/v2\/product\/726571","targetHints":{"allow":["GET"]}}],"collection":[{"href":"https:\/\/roveyayinevi.com.tr\/index.php\/wp-json\/wp\/v2\/product"}],"about":[{"href":"https:\/\/roveyayinevi.com.tr\/index.php\/wp-json\/wp\/v2\/types\/product"}],"wp:attachment":[{"href":"https:\/\/roveyayinevi.com.tr\/index.php\/wp-json\/wp\/v2\/media?parent=726571"}],"wp:term":[{"taxonomy":"product_brand","embeddable":true,"href":"https:\/\/roveyayinevi.com.tr\/index.php\/wp-json\/wp\/v2\/product_brand?post=726571"},{"taxonomy":"product_cat","embeddable":true,"href":"https:\/\/roveyayinevi.com.tr\/index.php\/wp-json\/wp\/v2\/product_cat?post=726571"},{"taxonomy":"product_tag","embeddable":true,"href":"https:\/\/roveyayinevi.com.tr\/index.php\/wp-json\/wp\/v2\/product_tag?post=726571"}],"curies":[{"name":"wp","href":"https:\/\/api.w.org\/{rel}","templated":true}]}}