{"id":726569,"date":"2025-08-27T20:08:44","date_gmt":"2025-08-27T17:08:44","guid":{"rendered":"https:\/\/roveyayinevi.com.tr\/index.php\/urun\/financial-and-managerial-issues-in-multinational-enterprises\/"},"modified":"2026-04-16T02:34:10","modified_gmt":"2026-04-15T23:34:10","slug":"financial-and-managerial-issues-in-multinational-enterprises","status":"publish","type":"product","link":"https:\/\/roveyayinevi.com.tr\/index.php\/urun\/financial-and-managerial-issues-in-multinational-enterprises\/","title":{"rendered":"Financial and Managerial Issues in Mult\u0131national Enterprises"},"content":{"rendered":"<p>CONTENTS BIBLIOGRAPH\u0130C RESEARCH ON FINANCIAL PROBLEMS OF MULTINATIONAL CORPORATIONS,: TURK\u0130SH LITERATURE EXAMPLE \u2013 Murat Berbero\u011flu   COMPARISON OF THE RELATIONSHIP BETWEEN THE BOARD STRUCTURES AND FINANCIAL FAILURES OF MULTINATIONAL AND NON-MULTINATIONAL CORPORATIONS: AN ANALYSIS OF THE BIST INDUSTRIAL INDEX \u2013 Adem Ruhan S\u00f6nmez   THE RELATIONSHIP BETWEEN FINANCIAL RISK SITUATIONS AND MARKETVALUES OF MULTINATIONAL ENTERPRISESS: AN APPLICATION ON TRANSFORMATION, STORAGE, COMMUNICATION SECTORS IN TURKEY  &#8211; Mustafa Uysal, Zafer Adal\u0131   MULTINATIONAL ENTERPRISES\u2019 EFFECTS ON THE PERFORMANCES OF THEIR SUBSIDIARY FIRMS: AN EMPIRICAL STUDY ON JOINT VENTURES IN TURKEY &#8211; U\u011fur UZUN, Osman KARAMUSTAFA   THE EFFECT OF THE STRUCTURE OF THE BOARD ON FINANCIAL PERFORMANCE AS A STRATEGIC DECISION IN MULTINATIONAL ENTERPRISES: INSTITUTIONAL LOGICS AND LOCAL ADAPTATION THEORIES\u2019 PERSPECTIVE &#8211; Ertu\u011frul KARO\u011eLU       HUMAN RESOURCE MANAGEMENT, BUSINESS PERFORMANCE AND BALANCED SCORECARD IN MULTINATIONAL ENTERPRISES &#8211; Nihan B\u0110R\u0110NC\u0110O\u011eLU   THE EFFECT OF INTERNATIONALIZATION ON WOMEN\u2019S MANAGERIAL POSITIONS &#8211; Emrah KOPARAN     FAVOURITISM IN HUMAN RESOURCE MANAGEMENT IN INTERNATIONAL ENTERPRISES &#8211; Polat Y\u00dcCEKAYA   THE PROBLEM OF DETERMINING THE INTERNATIONAL STAFFING APPROACH IN MULTINATIONAL CORPORATIONS &#8211; Selcen SARI AYTEK\u0130N   FINANCIAL RATIO ANALYSIS THROUGH THE LEADING INTERNATIONAL STEEL COMPANIES &#8211; Ay\u015feg\u00fcl \u015eEN YAL\u00c7IN, Metin KILI\u00c7   STEEL INDUSTRY   CONCLUSION<\/p>\n","protected":false},"excerpt":{"rendered":"<p>CONTENTS BIBLIOGRAPH\u0130C RESEARCH ON FINANCIAL PROBLEMS OF MULTINATIONAL CORPORATIONS,: TURK\u0130SH LITERATURE EXAMPLE \u2013 Murat Berbero\u011flu COMPARISON OF THE RELATIONSHIP BETWEEN THE BOARD STRUCTURES AND FINANCIAL FAILURES<span class=\"excerpt-hellip\"> [\u2026]<\/span><\/p>\n","protected":false},"featured_media":0,"template":"","meta":{"_monsterinsights_skip_tracking":false,"_monsterinsights_sitenote_active":false,"_monsterinsights_sitenote_note":"","_monsterinsights_sitenote_category":0},"product_brand":[],"product_cat":[12472],"product_tag":[],"class_list":{"0":"post-726569","1":"product","2":"type-product","3":"status-publish","5":"product_cat-yabanci-dilde-kitaplar","6":"pa_cilt-ciltsiz","7":"pa_tur-kitap","8":"pa_yayinevi-gazi-kitabevi","9":"pa_yazar-gazi-kolektif","11":"first","12":"instock","13":"sale","14":"shipping-taxable","15":"purchasable","16":"product-type-simple"},"_links":{"self":[{"href":"https:\/\/roveyayinevi.com.tr\/index.php\/wp-json\/wp\/v2\/product\/726569","targetHints":{"allow":["GET"]}}],"collection":[{"href":"https:\/\/roveyayinevi.com.tr\/index.php\/wp-json\/wp\/v2\/product"}],"about":[{"href":"https:\/\/roveyayinevi.com.tr\/index.php\/wp-json\/wp\/v2\/types\/product"}],"wp:attachment":[{"href":"https:\/\/roveyayinevi.com.tr\/index.php\/wp-json\/wp\/v2\/media?parent=726569"}],"wp:term":[{"taxonomy":"product_brand","embeddable":true,"href":"https:\/\/roveyayinevi.com.tr\/index.php\/wp-json\/wp\/v2\/product_brand?post=726569"},{"taxonomy":"product_cat","embeddable":true,"href":"https:\/\/roveyayinevi.com.tr\/index.php\/wp-json\/wp\/v2\/product_cat?post=726569"},{"taxonomy":"product_tag","embeddable":true,"href":"https:\/\/roveyayinevi.com.tr\/index.php\/wp-json\/wp\/v2\/product_tag?post=726569"}],"curies":[{"name":"wp","href":"https:\/\/api.w.org\/{rel}","templated":true}]}}