{"id":726568,"date":"2025-08-27T20:08:42","date_gmt":"2025-08-27T17:08:42","guid":{"rendered":"https:\/\/roveyayinevi.com.tr\/index.php\/urun\/kizil-veba-3\/"},"modified":"2026-04-16T02:34:10","modified_gmt":"2026-04-15T23:34:10","slug":"kizil-veba-3","status":"publish","type":"product","link":"https:\/\/roveyayinevi.com.tr\/index.php\/urun\/kizil-veba-3\/","title":{"rendered":"K\u0131z\u0131l Veba"},"content":{"rendered":"<p>\u201cLondon\u2019\u0131n \u00fcslubu co\u015fkulu, bak\u0131\u015f a\u00e7\u0131s\u0131 ise \u015f\u00fcpheci ve distopik. K\u0131z\u0131l Veba, Shakespeare\u2019in F\u0131rt\u0131na\u2019s\u0131 gibi s\u00f6m\u00fcr\u00fc ve a\u00e7g\u00f6zl\u00fcl\u00fck \u00fczerine kafa yorup bize kendi umursamazl\u0131klar\u0131m\u0131z\u0131n sebep oldu\u011fu tehlikeleri an\u0131msat\u0131yor.\u201d \u2013The Times   Jack London edebiyat tarihinin ilk k\u0131yamet sonras\u0131 anlat\u0131lar\u0131ndan biri olan K\u0131z\u0131l Veba\u2019y\u0131 tefrika halinde yay\u0131mlad\u0131\u011f\u0131nda y\u0131l 1912\u2019ydi ve halihaz\u0131rda bilimkurguyla temas eden Demir \u00d6k\u00e7e ve Adem\u2019den \u00d6nce kitaplar\u0131n\u0131 yay\u0131mlam\u0131\u015ft\u0131. Di\u011fer bilimkurgusal roman\u0131 Y\u0131ld\u0131z Gezgini\u2019nin yay\u0131mlanmas\u0131na ise \u00fc\u00e7 sene daha vard\u0131. Bu s\u00fcre\u00e7 i\u00e7erisinde yazd\u0131\u011f\u0131 pek \u00e7ok spek\u00fclatif \u00f6yk\u00fc ve romanda London, gelece\u011fe dair \u00f6ng\u00f6r\u00fclerde bulundu ve 2020 itibariyle bu \u00f6ng\u00f6r\u00fclerin b\u00fcy\u00fck \u00f6l\u00e7\u00fcde ger\u00e7ekle\u015fti\u011fi eseri K\u0131z\u0131l Veba oldu.   Y\u0131l 2073. K\u0131z\u0131l Veba\u2019n\u0131n, d\u00fcnya n\u00fcfusunun neredeyse tamam\u0131n\u0131 yok etmesinin \u00fczerinden altm\u0131\u015f y\u0131l ge\u00e7mi\u015ftir. Ge\u00e7mi\u015fe dair t\u00fcm ya\u015fan\u0131lanlar b\u00fcy\u00fck \u00f6l\u00e7\u00fcde unutulmu\u015f, insanl\u0131\u011f\u0131n binlerce y\u0131ld\u0131r s\u00fcrd\u00fcrd\u00fc\u011f\u00fc geli\u015fmeler tarih olmu\u015ftur. O g\u00fcnleri sadece bir ki\u015fi hat\u0131rlar: \u0130htiyar James Howard Smith. Bat\u0131l inan\u00e7larla dolu bu vah\u015fi gelecekte, torunlar\u0131 ondan salg\u0131ndan \u00f6nceki hayat\u0131 anlatmas\u0131n\u0131 ister\u2026 anlatt\u0131klar\u0131na her ne kadar inanmasalar da. Bu edisyonda \u201cK\u0131z\u0131l Veba\u201d ile birlikte \u00c7in\u2019in s\u00fcperg\u00fc\u00e7, biyolojik sava\u015f\u0131n tek \u00e7\u00f6z\u00fcm oldu\u011fu ba\u015fka bir gelecek tahayy\u00fcl\u00fc sunan bilimkurgu \u00f6yk\u00fcs\u00fc \u201cG\u00f6r\u00fclmemi\u015f \u0130stila\u201d da kendine yer buluyor.<\/p>\n","protected":false},"excerpt":{"rendered":"<p>\u201cLondon\u2019\u0131n \u00fcslubu co\u015fkulu, bak\u0131\u015f a\u00e7\u0131s\u0131 ise \u015f\u00fcpheci ve distopik. K\u0131z\u0131l Veba, Shakespeare\u2019in F\u0131rt\u0131na\u2019s\u0131 gibi s\u00f6m\u00fcr\u00fc ve a\u00e7g\u00f6zl\u00fcl\u00fck \u00fczerine kafa yorup bize kendi umursamazl\u0131klar\u0131m\u0131z\u0131n sebep oldu\u011fu tehlikeleri<span class=\"excerpt-hellip\"> [\u2026]<\/span><\/p>\n","protected":false},"featured_media":0,"template":"","meta":{"_monsterinsights_skip_tracking":false,"_monsterinsights_sitenote_active":false,"_monsterinsights_sitenote_note":"","_monsterinsights_sitenote_category":0},"product_brand":[],"product_cat":[12540,12291],"product_tag":[],"class_list":{"0":"post-726568","1":"product","2":"type-product","3":"status-publish","5":"product_cat-bilim-kurgu","6":"product_cat-edebiyat","7":"pa_cilt-ciltsiz","8":"pa_tur-kitap","9":"pa_yayinevi-ithaki-yayinlari","10":"pa_yazar-jack-london","12":"first","13":"instock","14":"sale","15":"shipping-taxable","16":"purchasable","17":"product-type-simple"},"_links":{"self":[{"href":"https:\/\/roveyayinevi.com.tr\/index.php\/wp-json\/wp\/v2\/product\/726568","targetHints":{"allow":["GET"]}}],"collection":[{"href":"https:\/\/roveyayinevi.com.tr\/index.php\/wp-json\/wp\/v2\/product"}],"about":[{"href":"https:\/\/roveyayinevi.com.tr\/index.php\/wp-json\/wp\/v2\/types\/product"}],"wp:attachment":[{"href":"https:\/\/roveyayinevi.com.tr\/index.php\/wp-json\/wp\/v2\/media?parent=726568"}],"wp:term":[{"taxonomy":"product_brand","embeddable":true,"href":"https:\/\/roveyayinevi.com.tr\/index.php\/wp-json\/wp\/v2\/product_brand?post=726568"},{"taxonomy":"product_cat","embeddable":true,"href":"https:\/\/roveyayinevi.com.tr\/index.php\/wp-json\/wp\/v2\/product_cat?post=726568"},{"taxonomy":"product_tag","embeddable":true,"href":"https:\/\/roveyayinevi.com.tr\/index.php\/wp-json\/wp\/v2\/product_tag?post=726568"}],"curies":[{"name":"wp","href":"https:\/\/api.w.org\/{rel}","templated":true}]}}