{"id":726567,"date":"2025-08-27T20:08:42","date_gmt":"2025-08-27T17:08:42","guid":{"rendered":"https:\/\/roveyayinevi.com.tr\/index.php\/urun\/sosyal-bilimler-perspektifinden-guc-cilt-i\/"},"modified":"2026-04-16T02:34:10","modified_gmt":"2026-04-15T23:34:10","slug":"sosyal-bilimler-perspektifinden-guc-cilt-i","status":"publish","type":"product","link":"https:\/\/roveyayinevi.com.tr\/index.php\/urun\/sosyal-bilimler-perspektifinden-guc-cilt-i\/","title":{"rendered":"Sosyal Bilimler Perspektifinden G\u00fc\u00e7 (Cilt I)"},"content":{"rendered":"<p>Politik Yeti ve G\u00fc\u00e7 \u0130li\u015fkisi \u2013  Gizem Ta\u015fk\u0131n, Erkan Ta\u015fk\u0131ran   \u00d6rg\u00fct\u00fcn Karanl\u0131k Y\u00fcz\u00fc \u2013 \u00d6zlem Alt\u0131nda\u011f   Kamu Y\u00f6netiminde Liderin G\u00fc\u00e7 Kullan\u0131m\u0131 ve Be\u015feri Sermaye \u0130li\u015fkisi \u2013 \u015eerafettin Erten, \u0130brahim T\u00fcrkmen, Bar\u0131\u015f Sardo\u011fan   Finansal G\u00fc\u00e7 Unsuru Olarak Finansal Yap\u0131 ve  Ekonomik B\u00fcy\u00fcme \u2013 Hakan Bal, S\u0131tk\u0131 S\u00f6nmezer   Finansal G\u00fc\u00e7 G\u00f6stergesi Olarak \u015eerefiye  &#8211; Salih Tutar, Batuhan Medeto\u011flu     Ekonomik G\u00fc\u00e7 Unsuru Olarak  \u00dclke Lojistik Performans\u0131n\u0131n Temel Ekonomik G\u00f6stergeler \u00dczerine Etkisi \u2013 Hakan Emanet   Rekabet G\u00fcc\u00fc Ba\u011flam\u0131nda Uluslar aras\u0131 Ticaret ve Ekonomik B\u00fcy\u00fcme: BRICS \u2013 T \u00dclkeleri \u00dczerine Bir Analiz \u2013 Mustafa Batuhan Tufaner   Bir Yumu\u015fak G\u00fc\u00e7 Unsuru Olarak G\u00fc\u00e7 Diplomasisi \u2013 Melek \u00d6zlem Ayas   Sendikala\u015fma ve Emek Pay\u0131 \u0130li\u015fkisi \u00dczerine: \u00dcretim ve  G\u00fc\u00e7 Kavramlar\u0131 Ba\u011flam\u0131nda Amerika Birle\u015fik Devletleri  \u00d6rne\u011fi &#8211;  Onur \u00d6zdemir   Devlet G\u00fcc\u00fcn\u00fcn Kullan\u0131m\u0131nda Kuvvetler Ayr\u0131l\u0131\u011f\u0131 \u0130lkesi ve Yarg\u0131 Organ\u0131 \u2013 \u0130brahim Korkmaz   Sanat ve G\u00fc\u00e7 \u0130li\u015fkisi : Ayt\u00fcl Papila   Medya Okuryazarl\u0131\u011f\u0131 ve G\u00fcc\u00fcn D\u00f6n\u00fc\u015f\u00fcm\u00fc: Evin Do\u011fan, Asuman Kutlu <\/p>\n","protected":false},"excerpt":{"rendered":"<p>Politik Yeti ve G\u00fc\u00e7 \u0130li\u015fkisi \u2013 Gizem Ta\u015fk\u0131n, Erkan Ta\u015fk\u0131ran \u00d6rg\u00fct\u00fcn Karanl\u0131k Y\u00fcz\u00fc \u2013 \u00d6zlem Alt\u0131nda\u011f Kamu Y\u00f6netiminde Liderin G\u00fc\u00e7 Kullan\u0131m\u0131 ve Be\u015feri Sermaye \u0130li\u015fkisi \u2013<span class=\"excerpt-hellip\"> [\u2026]<\/span><\/p>\n","protected":false},"featured_media":0,"template":"","meta":{"_monsterinsights_skip_tracking":false,"_monsterinsights_sitenote_active":false,"_monsterinsights_sitenote_note":"","_monsterinsights_sitenote_category":0},"product_brand":[],"product_cat":[12337,17225],"product_tag":[],"class_list":{"0":"post-726567","1":"product","2":"type-product","3":"status-publish","5":"product_cat-politika-siyaset","6":"product_cat-uluslararasi-iliskiler","7":"pa_cilt-ciltsiz","8":"pa_tur-kitap","9":"pa_yayinevi-gazi-kitabevi","10":"pa_yazar-volkan-ongel-hasan-sadik-tatli","12":"first","13":"instock","14":"sale","15":"shipping-taxable","16":"purchasable","17":"product-type-simple"},"_links":{"self":[{"href":"https:\/\/roveyayinevi.com.tr\/index.php\/wp-json\/wp\/v2\/product\/726567","targetHints":{"allow":["GET"]}}],"collection":[{"href":"https:\/\/roveyayinevi.com.tr\/index.php\/wp-json\/wp\/v2\/product"}],"about":[{"href":"https:\/\/roveyayinevi.com.tr\/index.php\/wp-json\/wp\/v2\/types\/product"}],"wp:attachment":[{"href":"https:\/\/roveyayinevi.com.tr\/index.php\/wp-json\/wp\/v2\/media?parent=726567"}],"wp:term":[{"taxonomy":"product_brand","embeddable":true,"href":"https:\/\/roveyayinevi.com.tr\/index.php\/wp-json\/wp\/v2\/product_brand?post=726567"},{"taxonomy":"product_cat","embeddable":true,"href":"https:\/\/roveyayinevi.com.tr\/index.php\/wp-json\/wp\/v2\/product_cat?post=726567"},{"taxonomy":"product_tag","embeddable":true,"href":"https:\/\/roveyayinevi.com.tr\/index.php\/wp-json\/wp\/v2\/product_tag?post=726567"}],"curies":[{"name":"wp","href":"https:\/\/api.w.org\/{rel}","templated":true}]}}