{"id":726566,"date":"2025-08-27T20:08:41","date_gmt":"2025-08-27T17:08:41","guid":{"rendered":"https:\/\/roveyayinevi.com.tr\/index.php\/urun\/dublinliler-2\/"},"modified":"2026-04-12T02:41:02","modified_gmt":"2026-04-11T23:41:02","slug":"dublinliler-2","status":"publish","type":"product","link":"https:\/\/roveyayinevi.com.tr\/index.php\/urun\/dublinliler-2\/","title":{"rendered":"Dublinliler"},"content":{"rendered":"<p>Modern edebiyat\u0131n en \u00e7etrefil, dilin, anlat\u0131n\u0131n s\u0131n\u0131rlar\u0131n\u0131 y\u0131k\u0131p ge\u00e7en, roman t\u00fcr\u00fcn\u00fc bamba\u015fka ihtimallerle tan\u0131\u015ft\u0131ran yazar\u0131 James Joyce i\u00e7in, Beckett \u201conun eserleri \u015feyle ilgili de\u011fil, o \u015feyin ta kendisidir,\u201d der. Jorge Luis Borges, Flann O\u2019Brien, David Foster Wallace, Gabriel Garcia Marquez ve ba\u015fka say\u0131s\u0131z yazar\u0131 etkileyen Joyce, sadece Dublin\u2019i ve \u0130rlanda\u2019y\u0131 anlatarak evrensel ve zamans\u0131z bir edebiyat b\u0131rakt\u0131 ard\u0131nda.   Joyce, Dublinliler\u2019de, kalemini felcin merkezinde olan bu \u015fehirde gezdirerek bir \u00fclkenin ahlaki tarihini irdeliyor.  Bir peder \u00f6l\u00fcr, bir kad\u0131n a\u015fk\u0131n pe\u015finden gidip gitmeyece\u011fine karar verir, ba\u015far\u0131l\u0131 arkada\u015f\u0131n\u0131 dinlerken k\u0131r\u0131k hayallerini d\u00fc\u015f\u00fcn\u00fcr bir adam, alkolik bir k\u00e2tip kafay\u0131 \u00e7ekmek i\u00e7in i\u015ften ka\u00e7ar, siyaset dillerden d\u00fc\u015fmez ve pazar yerinin giri\u015findeki bir \u00e7ocuk, yeti\u015fkinli\u011fe ad\u0131m atar.   James Joyce\u2019un Dublinliler\u2019inde herkesin, t\u00fcm \u00f6lenlerin, hayattakilerin \u00fczerine ayn\u0131 kar ya\u011f\u0131yor, usulca ge\u00e7ip gidecek ruhlar\u0131 sarmalayan bedenler ayn\u0131 sokaklarda y\u00fcr\u00fcyorlar. Ve bir \u015fehir b\u00f6yle \u00f6l\u00fcms\u00fczle\u015fiyor demek ki. Kelimelerle, insanlarla. \u201cJoyce gen\u00e7li\u011finde kendisini a\u015fm\u0131\u015ft\u0131.\u201d \u2013Ian McEwan   \u201cDublinliler, edebiyat d\u00fcnyam\u0131z\u0131n i\u00e7ine i\u015flemi\u015f vaziyette ama yirminci y\u00fczy\u0131l\u0131n ba\u015flar\u0131nda, daha \u00f6nce hi\u00e7 kar\u015f\u0131la\u015f\u0131lmayan t\u00fcrde bir kitapt\u0131, \u00f6zellikle de \u0130rlandal\u0131 bir yazardan ve kitab\u0131n b\u00fcy\u00fck bir k\u0131sm\u0131 geleneksel edebiyat d\u00fcnyas\u0131n\u0131n afallatm\u0131\u015ft\u0131.\u201d \u2013Colum McCann <\/p>\n","protected":false},"excerpt":{"rendered":"<p>Modern edebiyat\u0131n en \u00e7etrefil, dilin, anlat\u0131n\u0131n s\u0131n\u0131rlar\u0131n\u0131 y\u0131k\u0131p ge\u00e7en, roman t\u00fcr\u00fcn\u00fc bamba\u015fka ihtimallerle tan\u0131\u015ft\u0131ran yazar\u0131 James Joyce i\u00e7in, Beckett \u201conun eserleri \u015feyle ilgili de\u011fil, o \u015feyin<span class=\"excerpt-hellip\"> [\u2026]<\/span><\/p>\n","protected":false},"featured_media":0,"template":"","meta":{"_monsterinsights_skip_tracking":false,"_monsterinsights_sitenote_active":false,"_monsterinsights_sitenote_note":"","_monsterinsights_sitenote_category":0},"product_brand":[],"product_cat":[12291,12711],"product_tag":[],"class_list":{"0":"post-726566","1":"product","2":"type-product","3":"status-publish","5":"product_cat-edebiyat","6":"product_cat-roman-oyku","7":"pa_cilt-ciltsiz","8":"pa_tur-kitap","9":"pa_yayinevi-ithaki-yayinlari","10":"pa_yazar-james-joyce","12":"first","13":"instock","14":"sale","15":"shipping-taxable","16":"purchasable","17":"product-type-simple"},"_links":{"self":[{"href":"https:\/\/roveyayinevi.com.tr\/index.php\/wp-json\/wp\/v2\/product\/726566","targetHints":{"allow":["GET"]}}],"collection":[{"href":"https:\/\/roveyayinevi.com.tr\/index.php\/wp-json\/wp\/v2\/product"}],"about":[{"href":"https:\/\/roveyayinevi.com.tr\/index.php\/wp-json\/wp\/v2\/types\/product"}],"wp:attachment":[{"href":"https:\/\/roveyayinevi.com.tr\/index.php\/wp-json\/wp\/v2\/media?parent=726566"}],"wp:term":[{"taxonomy":"product_brand","embeddable":true,"href":"https:\/\/roveyayinevi.com.tr\/index.php\/wp-json\/wp\/v2\/product_brand?post=726566"},{"taxonomy":"product_cat","embeddable":true,"href":"https:\/\/roveyayinevi.com.tr\/index.php\/wp-json\/wp\/v2\/product_cat?post=726566"},{"taxonomy":"product_tag","embeddable":true,"href":"https:\/\/roveyayinevi.com.tr\/index.php\/wp-json\/wp\/v2\/product_tag?post=726566"}],"curies":[{"name":"wp","href":"https:\/\/api.w.org\/{rel}","templated":true}]}}