{"id":726565,"date":"2025-08-27T20:08:40","date_gmt":"2025-08-27T17:08:40","guid":{"rendered":"https:\/\/roveyayinevi.com.tr\/index.php\/urun\/dunya-markalarinin-en-etkili-uluslararasi-pazarlama-yontemleri\/"},"modified":"2026-04-16T02:34:10","modified_gmt":"2026-04-15T23:34:10","slug":"dunya-markalarinin-en-etkili-uluslararasi-pazarlama-yontemleri","status":"publish","type":"product","link":"https:\/\/roveyayinevi.com.tr\/index.php\/urun\/dunya-markalarinin-en-etkili-uluslararasi-pazarlama-yontemleri\/","title":{"rendered":"D\u00fcnya Markalar\u0131n\u0131n En Etkili Uluslararas\u0131 Pazarlama Y\u00f6ntemleri"},"content":{"rendered":"<p>Neden Pazarlama Stratejisi Olu\u015fturulmal\u0131? EN ETK\u0130L\u0130 PAZARLAMA STRATEJ\u0130LER\u0130 Hesap Bazl\u0131 Pazarlama Marka Pazarlamas\u0131 Ba\u011flam Pazarlamas\u0131 Sohbet Pazarlamas\u0131 Tart\u0131\u015fmal\u0131 Pazarlama Etkinlik Pazarlamas\u0131 Gelen Pazarlama Etkili Ki\u015fi Pazarlamas\u0131   Interaktif Pazarlama \u00c7ok K\u00fclt\u00fcrl\u00fc Pazarlama Do\u011fal Pazarlama Ki\u015fiselle\u015ftirilmi\u015f Pazarlama Ki\u015fiselle\u015ftirilmi\u015f Pazarlaman\u0131n Faydalar\u0131 \u00dcr\u00fcn Pazarlamas\u0131 Ki\u015fisel Alan Pazarlamas\u0131 \u0130li\u015fki Pazarlamas\u0131 Arama Motoru Pazarlamas\u0131 Sosyal Medya Pazarlamas\u0131 Gizli Pazarlama Video Pazarlama Sesli Pazarlama A\u011f\u0131zdan A\u011fza Pazarlama <\/p>\n","protected":false},"excerpt":{"rendered":"<p>Neden Pazarlama Stratejisi Olu\u015fturulmal\u0131? EN ETK\u0130L\u0130 PAZARLAMA STRATEJ\u0130LER\u0130 Hesap Bazl\u0131 Pazarlama Marka Pazarlamas\u0131 Ba\u011flam Pazarlamas\u0131 Sohbet Pazarlamas\u0131 Tart\u0131\u015fmal\u0131 Pazarlama Etkinlik Pazarlamas\u0131 Gelen Pazarlama Etkili Ki\u015fi Pazarlamas\u0131<span class=\"excerpt-hellip\"> [\u2026]<\/span><\/p>\n","protected":false},"featured_media":0,"template":"","meta":{"_monsterinsights_skip_tracking":false,"_monsterinsights_sitenote_active":false,"_monsterinsights_sitenote_note":"","_monsterinsights_sitenote_category":0},"product_brand":[],"product_cat":[13043,14381],"product_tag":[],"class_list":{"0":"post-726565","1":"product","2":"type-product","3":"status-publish","5":"product_cat-ekonomi","6":"product_cat-isletme-muhasebe-maliye","7":"pa_cilt-ciltsiz","8":"pa_tur-kitap","9":"pa_yayinevi-gazi-kitabevi","10":"pa_yazar-hasan-bardakci","12":"first","13":"instock","14":"sale","15":"shipping-taxable","16":"purchasable","17":"product-type-simple"},"_links":{"self":[{"href":"https:\/\/roveyayinevi.com.tr\/index.php\/wp-json\/wp\/v2\/product\/726565","targetHints":{"allow":["GET"]}}],"collection":[{"href":"https:\/\/roveyayinevi.com.tr\/index.php\/wp-json\/wp\/v2\/product"}],"about":[{"href":"https:\/\/roveyayinevi.com.tr\/index.php\/wp-json\/wp\/v2\/types\/product"}],"wp:attachment":[{"href":"https:\/\/roveyayinevi.com.tr\/index.php\/wp-json\/wp\/v2\/media?parent=726565"}],"wp:term":[{"taxonomy":"product_brand","embeddable":true,"href":"https:\/\/roveyayinevi.com.tr\/index.php\/wp-json\/wp\/v2\/product_brand?post=726565"},{"taxonomy":"product_cat","embeddable":true,"href":"https:\/\/roveyayinevi.com.tr\/index.php\/wp-json\/wp\/v2\/product_cat?post=726565"},{"taxonomy":"product_tag","embeddable":true,"href":"https:\/\/roveyayinevi.com.tr\/index.php\/wp-json\/wp\/v2\/product_tag?post=726565"}],"curies":[{"name":"wp","href":"https:\/\/api.w.org\/{rel}","templated":true}]}}