{"id":726564,"date":"2025-08-27T20:08:39","date_gmt":"2025-08-27T17:08:39","guid":{"rendered":"https:\/\/roveyayinevi.com.tr\/index.php\/urun\/golyat-ciltli\/"},"modified":"2026-04-16T02:34:10","modified_gmt":"2026-04-15T23:34:10","slug":"golyat-ciltli","status":"publish","type":"product","link":"https:\/\/roveyayinevi.com.tr\/index.php\/urun\/golyat-ciltli\/","title":{"rendered":"Golyat (Ciltli )"},"content":{"rendered":"<p>Gatl\u0131 Golyat\u2019\u0131n sava\u015fla pek ilgisi yoktu. Ona fikri sorulsa k\u0131l\u0131\u00e7 ku\u015fanmay\u0131 de\u011fil idari i\u015fleri y\u00fcr\u00fctmeyi tercih ederdi. Ama gelin g\u00f6r\u00fcn ki kral\u0131n emri \u00fczerine \u0130sraillilere kar\u015f\u0131 g\u00fcnde iki kez sava\u015f \u00e7a\u011fr\u0131s\u0131 yapmakla g\u00f6revlendirildi. Peki B\u00f6yle \u00f6nemli bir g\u00f6rev i\u00e7in do\u011fru insan m\u0131yd\u0131?    \u00c7a\u011f\u0131m\u0131z\u0131n en pop\u00fcler karikat\u00fcristlerinden Tom Gauld, Golyat\u2019ta y\u00fczy\u0131llard\u0131r anlat\u0131lagelen bir hik\u00e2yeyi yeniden yorumlay\u0131p vadinin \u00f6te taraf\u0131nda i\u015flerin nas\u0131l y\u00fcr\u00fcd\u00fc\u011f\u00fcn\u00fc hassasiyet y\u00fckl\u00fc \u00e7izimleriyle aktar\u0131yor.    \u201cGolyat h\u00fcz\u00fcn dolu ve i\u00e7ten bir eser. Muazzam \u00e7izimleri ve hik\u00e2yesiyle Tom Gauld var olman\u0131n bile ac\u0131 kayna\u011f\u0131 oldu\u011fu, Tanr\u0131\u2019n\u0131n gazab\u0131ndan nasibini almak i\u00e7in \u00e7ok da bir \u015fey yapmamak gerekti\u011fi bir d\u00fcnya tasvir ediyor.\u201d \u2013Chris Adrian    \u201cTom Gauld\u2019u ne kadar \u00f6vsem eksik kal\u0131r\u2026 En iyi karikat\u00fcristlerden biri.\u201d \u2013Mark Frauenfelder    \u201cGauld, sava\u015f ve kahramanl\u0131k gibi karma\u015f\u0131k konular\u0131 basit ve ak\u0131l dolu \u00e7izgileriyle aktar\u0131yor.\u201d \u2013New York Times <\/p>\n","protected":false},"excerpt":{"rendered":"<p>Gatl\u0131 Golyat\u2019\u0131n sava\u015fla pek ilgisi yoktu. Ona fikri sorulsa k\u0131l\u0131\u00e7 ku\u015fanmay\u0131 de\u011fil idari i\u015fleri y\u00fcr\u00fctmeyi tercih ederdi. Ama gelin g\u00f6r\u00fcn ki kral\u0131n emri \u00fczerine \u0130sraillilere kar\u015f\u0131<span class=\"excerpt-hellip\"> [\u2026]<\/span><\/p>\n","protected":false},"featured_media":0,"template":"","meta":{"_monsterinsights_skip_tracking":false,"_monsterinsights_sitenote_active":false,"_monsterinsights_sitenote_note":"","_monsterinsights_sitenote_category":0},"product_brand":[],"product_cat":[12416,12291],"product_tag":[],"class_list":{"0":"post-726564","1":"product","2":"type-product","3":"status-publish","5":"product_cat-cizgi-roman","6":"product_cat-edebiyat","7":"pa_cilt-ciltli","8":"pa_tur-kitap","9":"pa_yayinevi-ithaki-yayinlari","10":"pa_yazar-tom-gauld","12":"first","13":"instock","14":"sale","15":"shipping-taxable","16":"purchasable","17":"product-type-simple"},"_links":{"self":[{"href":"https:\/\/roveyayinevi.com.tr\/index.php\/wp-json\/wp\/v2\/product\/726564","targetHints":{"allow":["GET"]}}],"collection":[{"href":"https:\/\/roveyayinevi.com.tr\/index.php\/wp-json\/wp\/v2\/product"}],"about":[{"href":"https:\/\/roveyayinevi.com.tr\/index.php\/wp-json\/wp\/v2\/types\/product"}],"wp:attachment":[{"href":"https:\/\/roveyayinevi.com.tr\/index.php\/wp-json\/wp\/v2\/media?parent=726564"}],"wp:term":[{"taxonomy":"product_brand","embeddable":true,"href":"https:\/\/roveyayinevi.com.tr\/index.php\/wp-json\/wp\/v2\/product_brand?post=726564"},{"taxonomy":"product_cat","embeddable":true,"href":"https:\/\/roveyayinevi.com.tr\/index.php\/wp-json\/wp\/v2\/product_cat?post=726564"},{"taxonomy":"product_tag","embeddable":true,"href":"https:\/\/roveyayinevi.com.tr\/index.php\/wp-json\/wp\/v2\/product_tag?post=726564"}],"curies":[{"name":"wp","href":"https:\/\/api.w.org\/{rel}","templated":true}]}}