{"id":726562,"date":"2025-08-27T20:08:38","date_gmt":"2025-08-27T17:08:38","guid":{"rendered":"https:\/\/roveyayinevi.com.tr\/index.php\/urun\/dodo-kalem-amca-ve-silgirella\/"},"modified":"2026-04-16T02:34:10","modified_gmt":"2026-04-15T23:34:10","slug":"dodo-kalem-amca-ve-silgirella","status":"publish","type":"product","link":"https:\/\/roveyayinevi.com.tr\/index.php\/urun\/dodo-kalem-amca-ve-silgirella\/","title":{"rendered":"Dodo &#8211; Kalem Amca ve Silgirella"},"content":{"rendered":"<p>Senin i\u00e7in de yeni \u015feyler denemek zor mu? Yeni bir \u015fey yap\u0131nca be\u011fenilmemek seni de korkutuyor mu? \u00d6yleyse yeni arkada\u015f\u0131n DODO\u2019nun maceralar\u0131n\u0131 hemen okumaya ba\u015fla! Hadi, pozitif ve duygusal kahraman\u0131m\u0131z DODO ile tan\u0131\u015f! <\/p>\n","protected":false},"excerpt":{"rendered":"<p>Senin i\u00e7in de yeni \u015feyler denemek zor mu? Yeni bir \u015fey yap\u0131nca be\u011fenilmemek seni de korkutuyor mu? \u00d6yleyse yeni arkada\u015f\u0131n DODO\u2019nun maceralar\u0131n\u0131 hemen okumaya ba\u015fla! Hadi,<span class=\"excerpt-hellip\"> [\u2026]<\/span><\/p>\n","protected":false},"featured_media":0,"template":"","meta":{"_monsterinsights_skip_tracking":false,"_monsterinsights_sitenote_active":false,"_monsterinsights_sitenote_note":"","_monsterinsights_sitenote_category":0},"product_brand":[],"product_cat":[12274,12284],"product_tag":[],"class_list":{"0":"post-726562","1":"product","2":"type-product","3":"status-publish","5":"product_cat-cocuk-ve-genclik-kitaplari","6":"product_cat-hikayeler","7":"pa_cilt-ciltsiz","8":"pa_tur-kitap","9":"pa_yayinevi-yade-yayinlari","10":"pa_yazar-guliz-sutcu","12":"first","13":"instock","14":"sale","15":"shipping-taxable","16":"purchasable","17":"product-type-simple"},"_links":{"self":[{"href":"https:\/\/roveyayinevi.com.tr\/index.php\/wp-json\/wp\/v2\/product\/726562","targetHints":{"allow":["GET"]}}],"collection":[{"href":"https:\/\/roveyayinevi.com.tr\/index.php\/wp-json\/wp\/v2\/product"}],"about":[{"href":"https:\/\/roveyayinevi.com.tr\/index.php\/wp-json\/wp\/v2\/types\/product"}],"wp:attachment":[{"href":"https:\/\/roveyayinevi.com.tr\/index.php\/wp-json\/wp\/v2\/media?parent=726562"}],"wp:term":[{"taxonomy":"product_brand","embeddable":true,"href":"https:\/\/roveyayinevi.com.tr\/index.php\/wp-json\/wp\/v2\/product_brand?post=726562"},{"taxonomy":"product_cat","embeddable":true,"href":"https:\/\/roveyayinevi.com.tr\/index.php\/wp-json\/wp\/v2\/product_cat?post=726562"},{"taxonomy":"product_tag","embeddable":true,"href":"https:\/\/roveyayinevi.com.tr\/index.php\/wp-json\/wp\/v2\/product_tag?post=726562"}],"curies":[{"name":"wp","href":"https:\/\/api.w.org\/{rel}","templated":true}]}}