{"id":726560,"date":"2025-08-27T20:08:36","date_gmt":"2025-08-27T17:08:36","guid":{"rendered":"https:\/\/roveyayinevi.com.tr\/index.php\/urun\/dodo-mangir-ile-sangir\/"},"modified":"2026-04-16T02:34:10","modified_gmt":"2026-04-15T23:34:10","slug":"dodo-mangir-ile-sangir","status":"publish","type":"product","link":"https:\/\/roveyayinevi.com.tr\/index.php\/urun\/dodo-mangir-ile-sangir\/","title":{"rendered":"Dodo &#8211; Mang\u0131r ile \u015eang\u0131r"},"content":{"rendered":"<p>Senin i\u00e7in de payla\u015fmak zor mu? Peki ya payla\u015ft\u0131\u011f\u0131n zaman sen de daha mutlu oldun mu? \u00d6yleyse yeni arkada\u015f\u0131n DODO\u2019nun maceralar\u0131n\u0131 hemen okumaya ba\u015fla! Hadi, pozitif ve duygusal kahraman\u0131m\u0131z DODO ile tan\u0131\u015f! <\/p>\n","protected":false},"excerpt":{"rendered":"<p>Senin i\u00e7in de payla\u015fmak zor mu? Peki ya payla\u015ft\u0131\u011f\u0131n zaman sen de daha mutlu oldun mu? \u00d6yleyse yeni arkada\u015f\u0131n DODO\u2019nun maceralar\u0131n\u0131 hemen okumaya ba\u015fla! Hadi, pozitif<span class=\"excerpt-hellip\"> [\u2026]<\/span><\/p>\n","protected":false},"featured_media":0,"template":"","meta":{"_monsterinsights_skip_tracking":false,"_monsterinsights_sitenote_active":false,"_monsterinsights_sitenote_note":"","_monsterinsights_sitenote_category":0},"product_brand":[],"product_cat":[12274,12284],"product_tag":[],"class_list":{"0":"post-726560","1":"product","2":"type-product","3":"status-publish","5":"product_cat-cocuk-ve-genclik-kitaplari","6":"product_cat-hikayeler","7":"pa_cilt-ciltsiz","8":"pa_tur-kitap","9":"pa_yayinevi-yade-yayinlari","10":"pa_yazar-guliz-sutcu","12":"first","13":"instock","14":"sale","15":"shipping-taxable","16":"purchasable","17":"product-type-simple"},"_links":{"self":[{"href":"https:\/\/roveyayinevi.com.tr\/index.php\/wp-json\/wp\/v2\/product\/726560","targetHints":{"allow":["GET"]}}],"collection":[{"href":"https:\/\/roveyayinevi.com.tr\/index.php\/wp-json\/wp\/v2\/product"}],"about":[{"href":"https:\/\/roveyayinevi.com.tr\/index.php\/wp-json\/wp\/v2\/types\/product"}],"wp:attachment":[{"href":"https:\/\/roveyayinevi.com.tr\/index.php\/wp-json\/wp\/v2\/media?parent=726560"}],"wp:term":[{"taxonomy":"product_brand","embeddable":true,"href":"https:\/\/roveyayinevi.com.tr\/index.php\/wp-json\/wp\/v2\/product_brand?post=726560"},{"taxonomy":"product_cat","embeddable":true,"href":"https:\/\/roveyayinevi.com.tr\/index.php\/wp-json\/wp\/v2\/product_cat?post=726560"},{"taxonomy":"product_tag","embeddable":true,"href":"https:\/\/roveyayinevi.com.tr\/index.php\/wp-json\/wp\/v2\/product_tag?post=726560"}],"curies":[{"name":"wp","href":"https:\/\/api.w.org\/{rel}","templated":true}]}}