{"id":726555,"date":"2025-08-27T20:08:32","date_gmt":"2025-08-27T17:08:32","guid":{"rendered":"https:\/\/roveyayinevi.com.tr\/index.php\/urun\/sanat-ve-21-yuzyil\/"},"modified":"2026-04-16T02:34:10","modified_gmt":"2026-04-15T23:34:10","slug":"sanat-ve-21-yuzyil","status":"publish","type":"product","link":"https:\/\/roveyayinevi.com.tr\/index.php\/urun\/sanat-ve-21-yuzyil\/","title":{"rendered":"Sanat ve 21. Y\u00fczy\u0131l"},"content":{"rendered":"<p>Giorgio Agamben, &#8220;\u00c7a\u011fda\u015f Nedir?&#8221; isimli \u00e7al\u0131\u015fmas\u0131nda \u015fu sorular\u0131 sorar, &#8220;Kimin ve neyin \u00e7a\u011fda\u015flar\u0131y\u0131z?&#8221; &#8220;\u00c7a\u011fda\u015f olmak ne anlama geliyor?&#8221;O halde \u00f6ncelikle bu sorular\u0131n cevab\u0131n\u0131 bulmam\u0131z gereklidir.Her medeniyet kendi k\u00fclt\u00fcr\u00fcn\u00fc, her k\u00fclt\u00fcr kendi sanat\u0131n\u0131 do\u011furur ve ya\u015fat\u0131r. Sanat, hem k\u00fclt\u00fcrler aras\u0131nda hem de d\u00f6nemler aras\u0131nda farkl\u0131l\u0131klar g\u00f6stermi\u015f, bu farkl\u0131l\u0131klar sonucunda bir\u00e7ok ak\u0131m ve anlay\u0131\u015f var etmi\u015ftir. Bu g\u00fcn ise sanat\u0131n duygusal ve d\u00fc\u015f\u00fcnsel etkileme g\u00fcc\u00fcne sahip olu\u015fu belirleyici bir rol oynamaktad\u0131r.<\/p>\n","protected":false},"excerpt":{"rendered":"<p>Giorgio Agamben, &#8220;\u00c7a\u011fda\u015f Nedir?&#8221; isimli \u00e7al\u0131\u015fmas\u0131nda \u015fu sorular\u0131 sorar, &#8220;Kimin ve neyin \u00e7a\u011fda\u015flar\u0131y\u0131z?&#8221; &#8220;\u00c7a\u011fda\u015f olmak ne anlama geliyor?&#8221;O halde \u00f6ncelikle bu sorular\u0131n cevab\u0131n\u0131 bulmam\u0131z gereklidir.Her medeniyet<span class=\"excerpt-hellip\"> [\u2026]<\/span><\/p>\n","protected":false},"featured_media":0,"template":"","meta":{"_monsterinsights_skip_tracking":false,"_monsterinsights_sitenote_active":false,"_monsterinsights_sitenote_note":"","_monsterinsights_sitenote_category":0},"product_brand":[],"product_cat":[12408],"product_tag":[],"class_list":{"0":"post-726555","1":"product","2":"type-product","3":"status-publish","5":"product_cat-sanat","6":"pa_cilt-ciltsiz","7":"pa_tur-kitap","8":"pa_yayinevi-fa-yayinlari","9":"pa_yazar-funda-tumer","11":"first","12":"instock","13":"sale","14":"shipping-taxable","15":"purchasable","16":"product-type-simple"},"_links":{"self":[{"href":"https:\/\/roveyayinevi.com.tr\/index.php\/wp-json\/wp\/v2\/product\/726555","targetHints":{"allow":["GET"]}}],"collection":[{"href":"https:\/\/roveyayinevi.com.tr\/index.php\/wp-json\/wp\/v2\/product"}],"about":[{"href":"https:\/\/roveyayinevi.com.tr\/index.php\/wp-json\/wp\/v2\/types\/product"}],"wp:attachment":[{"href":"https:\/\/roveyayinevi.com.tr\/index.php\/wp-json\/wp\/v2\/media?parent=726555"}],"wp:term":[{"taxonomy":"product_brand","embeddable":true,"href":"https:\/\/roveyayinevi.com.tr\/index.php\/wp-json\/wp\/v2\/product_brand?post=726555"},{"taxonomy":"product_cat","embeddable":true,"href":"https:\/\/roveyayinevi.com.tr\/index.php\/wp-json\/wp\/v2\/product_cat?post=726555"},{"taxonomy":"product_tag","embeddable":true,"href":"https:\/\/roveyayinevi.com.tr\/index.php\/wp-json\/wp\/v2\/product_tag?post=726555"}],"curies":[{"name":"wp","href":"https:\/\/api.w.org\/{rel}","templated":true}]}}