{"id":726554,"date":"2025-08-27T20:08:31","date_gmt":"2025-08-27T17:08:31","guid":{"rendered":"https:\/\/roveyayinevi.com.tr\/index.php\/urun\/diplomatik-muzakereler\/"},"modified":"2026-04-16T02:34:10","modified_gmt":"2026-04-15T23:34:10","slug":"diplomatik-muzakereler","status":"publish","type":"product","link":"https:\/\/roveyayinevi.com.tr\/index.php\/urun\/diplomatik-muzakereler\/","title":{"rendered":"Diplomatik M\u00fczakereler"},"content":{"rendered":"<p>So\u011fuk Sava\u015f\u0131n biti\u015fiyle birlikte uluslararas\u0131 ili\u015fkiler alan\u0131ndaki akademik kuramlarda ve diplomatik m\u00fczakerelerde de\u011fi\u015fimler ya\u015fan\u0131yor. Bu de\u011fi\u015fimler, bir taraftan eski al\u0131\u015fkanl\u0131klar\u0131n birer zihniyet d\u00fcnyas\u0131 haline gelmesinin, di\u011fer taraftan yeni siyasal davran\u0131\u015f kal\u0131plar\u0131n\u0131n g\u00f6zden ge\u00e7irilmesini gerektirecek kadar kilitlenmelere ve do\u011fal olarak da krizlere yol a\u00e7\u0131yor. Elinizdeki kitap, bu davran\u0131\u015f kal\u0131plar\u0131n\u0131 \u00f6rneklerle a\u00e7\u0131klayarak d\u00fcnyan\u0131n ve \u00fclkemizin \u00f6n\u00fcm\u00fczdeki y\u0131llarda ihtiyac\u0131 olacak zihniyet de\u011fi\u015fimine nereden ba\u015flanmas\u0131n\u0131 akademik a\u00e7\u0131dan ortaya koymaya \u00e7al\u0131\u015f\u0131yor.<\/p>\n","protected":false},"excerpt":{"rendered":"<p>So\u011fuk Sava\u015f\u0131n biti\u015fiyle birlikte uluslararas\u0131 ili\u015fkiler alan\u0131ndaki akademik kuramlarda ve diplomatik m\u00fczakerelerde de\u011fi\u015fimler ya\u015fan\u0131yor. Bu de\u011fi\u015fimler, bir taraftan eski al\u0131\u015fkanl\u0131klar\u0131n birer zihniyet d\u00fcnyas\u0131 haline gelmesinin, di\u011fer<span class=\"excerpt-hellip\"> [\u2026]<\/span><\/p>\n","protected":false},"featured_media":0,"template":"","meta":{"_monsterinsights_skip_tracking":false,"_monsterinsights_sitenote_active":false,"_monsterinsights_sitenote_note":"","_monsterinsights_sitenote_category":0},"product_brand":[],"product_cat":[12338,12337],"product_tag":[],"class_list":{"0":"post-726554","1":"product","2":"type-product","3":"status-publish","5":"product_cat-dunya-siyaseti-ve-politikasi","6":"product_cat-politika-siyaset","7":"pa_cilt-ciltsiz","8":"pa_tur-kitap","9":"pa_yayinevi-astana-yayinlari","10":"pa_yazar-cumhur-mumcu","12":"first","13":"instock","14":"sale","15":"shipping-taxable","16":"purchasable","17":"product-type-simple"},"_links":{"self":[{"href":"https:\/\/roveyayinevi.com.tr\/index.php\/wp-json\/wp\/v2\/product\/726554","targetHints":{"allow":["GET"]}}],"collection":[{"href":"https:\/\/roveyayinevi.com.tr\/index.php\/wp-json\/wp\/v2\/product"}],"about":[{"href":"https:\/\/roveyayinevi.com.tr\/index.php\/wp-json\/wp\/v2\/types\/product"}],"wp:attachment":[{"href":"https:\/\/roveyayinevi.com.tr\/index.php\/wp-json\/wp\/v2\/media?parent=726554"}],"wp:term":[{"taxonomy":"product_brand","embeddable":true,"href":"https:\/\/roveyayinevi.com.tr\/index.php\/wp-json\/wp\/v2\/product_brand?post=726554"},{"taxonomy":"product_cat","embeddable":true,"href":"https:\/\/roveyayinevi.com.tr\/index.php\/wp-json\/wp\/v2\/product_cat?post=726554"},{"taxonomy":"product_tag","embeddable":true,"href":"https:\/\/roveyayinevi.com.tr\/index.php\/wp-json\/wp\/v2\/product_tag?post=726554"}],"curies":[{"name":"wp","href":"https:\/\/api.w.org\/{rel}","templated":true}]}}