{"id":726553,"date":"2025-08-27T20:08:30","date_gmt":"2025-08-27T17:08:30","guid":{"rendered":"https:\/\/roveyayinevi.com.tr\/index.php\/urun\/kaktus-ve-lavinia\/"},"modified":"2026-04-16T02:34:10","modified_gmt":"2026-04-15T23:34:10","slug":"kaktus-ve-lavinia","status":"publish","type":"product","link":"https:\/\/roveyayinevi.com.tr\/index.php\/urun\/kaktus-ve-lavinia\/","title":{"rendered":"Kakt\u00fcs ve Lavinia"},"content":{"rendered":"<p>Bart\u0131nc\u0131\u011f\u0131m, diledi\u011fin gibi ya\u015fa. Bizim olay\u0131m\u0131z sevgi ve ya\u015famak. Ondan bu kadar ya\u015fam ge\u00e7iyor sat\u0131rlar\u0131mda. Yar\u0131na uyanmayacak gibi h\u0131zl\u0131 ya\u015fa. \u00c7\u00fcnk\u00fc Alar, uyanmas\u0131n\u0131 istedi\u011fin bir g\u00fcne y\u00fcksek ihtimalle uyanmad\u0131 ki bunu okuyorsun.<\/p>\n","protected":false},"excerpt":{"rendered":"<p>Bart\u0131nc\u0131\u011f\u0131m, diledi\u011fin gibi ya\u015fa. Bizim olay\u0131m\u0131z sevgi ve ya\u015famak. Ondan bu kadar ya\u015fam ge\u00e7iyor sat\u0131rlar\u0131mda. Yar\u0131na uyanmayacak gibi h\u0131zl\u0131 ya\u015fa. \u00c7\u00fcnk\u00fc Alar, uyanmas\u0131n\u0131 istedi\u011fin bir g\u00fcne<span class=\"excerpt-hellip\"> [\u2026]<\/span><\/p>\n","protected":false},"featured_media":0,"template":"","meta":{"_monsterinsights_skip_tracking":false,"_monsterinsights_sitenote_active":false,"_monsterinsights_sitenote_note":"","_monsterinsights_sitenote_category":0},"product_brand":[],"product_cat":[12291,12711],"product_tag":[],"class_list":{"0":"post-726553","1":"product","2":"type-product","3":"status-publish","5":"product_cat-edebiyat","6":"product_cat-roman-oyku","7":"pa_cilt-ciltsiz","8":"pa_tur-kitap","9":"pa_yayinevi-fa-yayinlari","10":"pa_yazar-emirhan-sarica","12":"first","13":"instock","14":"sale","15":"shipping-taxable","16":"purchasable","17":"product-type-simple"},"_links":{"self":[{"href":"https:\/\/roveyayinevi.com.tr\/index.php\/wp-json\/wp\/v2\/product\/726553","targetHints":{"allow":["GET"]}}],"collection":[{"href":"https:\/\/roveyayinevi.com.tr\/index.php\/wp-json\/wp\/v2\/product"}],"about":[{"href":"https:\/\/roveyayinevi.com.tr\/index.php\/wp-json\/wp\/v2\/types\/product"}],"wp:attachment":[{"href":"https:\/\/roveyayinevi.com.tr\/index.php\/wp-json\/wp\/v2\/media?parent=726553"}],"wp:term":[{"taxonomy":"product_brand","embeddable":true,"href":"https:\/\/roveyayinevi.com.tr\/index.php\/wp-json\/wp\/v2\/product_brand?post=726553"},{"taxonomy":"product_cat","embeddable":true,"href":"https:\/\/roveyayinevi.com.tr\/index.php\/wp-json\/wp\/v2\/product_cat?post=726553"},{"taxonomy":"product_tag","embeddable":true,"href":"https:\/\/roveyayinevi.com.tr\/index.php\/wp-json\/wp\/v2\/product_tag?post=726553"}],"curies":[{"name":"wp","href":"https:\/\/api.w.org\/{rel}","templated":true}]}}