{"id":726551,"date":"2025-08-27T20:08:29","date_gmt":"2025-08-27T17:08:29","guid":{"rendered":"https:\/\/roveyayinevi.com.tr\/index.php\/urun\/oldugun-gibisin\/"},"modified":"2026-04-16T02:34:10","modified_gmt":"2026-04-15T23:34:10","slug":"oldugun-gibisin","status":"publish","type":"product","link":"https:\/\/roveyayinevi.com.tr\/index.php\/urun\/oldugun-gibisin\/","title":{"rendered":"Oldu\u011fun Gibisin"},"content":{"rendered":"<p>Sen oldu\u011fun gibisin Ponpon, Ben seni oldu\u011fun gibi seviyorum! Bak ben sana bir s\u0131r vereyim\u2026 Biri sana senin hakk\u0131nda bir \u015fey dedi\u011finde sana kendisi hakk\u0131nda da bir \u015fey s\u00f6ylemi\u015f olur.   Pozitif ve \u015fiddetsiz ileti\u015fim hakk\u0131nda harika bir hikaye. LE PELERIN K\u00fc\u00e7\u00fcklerin birbirini anlamas\u0131na ve \u00e7at\u0131\u015fmalar\u0131n\u0131 \u015fiddetsiz ileti\u015fim arac\u0131l\u0131\u011f\u0131yla \u00e7\u00f6zmelerine yard\u0131mc\u0131 olacak, pedagojik a\u00e7\u0131dan g\u00fc\u00e7l\u00fc bir hikaye. Hem k\u00fc\u00e7\u00fcklere, hem b\u00fcy\u00fcklere! LA CLASSE MATERNELLE<\/p>\n","protected":false},"excerpt":{"rendered":"<p>Sen oldu\u011fun gibisin Ponpon, Ben seni oldu\u011fun gibi seviyorum! Bak ben sana bir s\u0131r vereyim\u2026 Biri sana senin hakk\u0131nda bir \u015fey dedi\u011finde sana kendisi hakk\u0131nda da<span class=\"excerpt-hellip\"> [\u2026]<\/span><\/p>\n","protected":false},"featured_media":0,"template":"","meta":{"_monsterinsights_skip_tracking":false,"_monsterinsights_sitenote_active":false,"_monsterinsights_sitenote_note":"","_monsterinsights_sitenote_category":0},"product_brand":[],"product_cat":[12913,12274],"product_tag":[],"class_list":{"0":"post-726551","1":"product","2":"type-product","3":"status-publish","5":"product_cat-3-6-yas-kitaplari","6":"product_cat-cocuk-ve-genclik-kitaplari","7":"pa_cilt-ciltsiz","8":"pa_tur-kitap","9":"pa_yayinevi-aylak-kitap","10":"pa_yazar-olivier-clerck","12":"first","13":"instock","14":"sale","15":"shipping-taxable","16":"purchasable","17":"product-type-simple"},"_links":{"self":[{"href":"https:\/\/roveyayinevi.com.tr\/index.php\/wp-json\/wp\/v2\/product\/726551","targetHints":{"allow":["GET"]}}],"collection":[{"href":"https:\/\/roveyayinevi.com.tr\/index.php\/wp-json\/wp\/v2\/product"}],"about":[{"href":"https:\/\/roveyayinevi.com.tr\/index.php\/wp-json\/wp\/v2\/types\/product"}],"wp:attachment":[{"href":"https:\/\/roveyayinevi.com.tr\/index.php\/wp-json\/wp\/v2\/media?parent=726551"}],"wp:term":[{"taxonomy":"product_brand","embeddable":true,"href":"https:\/\/roveyayinevi.com.tr\/index.php\/wp-json\/wp\/v2\/product_brand?post=726551"},{"taxonomy":"product_cat","embeddable":true,"href":"https:\/\/roveyayinevi.com.tr\/index.php\/wp-json\/wp\/v2\/product_cat?post=726551"},{"taxonomy":"product_tag","embeddable":true,"href":"https:\/\/roveyayinevi.com.tr\/index.php\/wp-json\/wp\/v2\/product_tag?post=726551"}],"curies":[{"name":"wp","href":"https:\/\/api.w.org\/{rel}","templated":true}]}}