{"id":726550,"date":"2025-08-27T20:08:28","date_gmt":"2025-08-27T17:08:28","guid":{"rendered":"https:\/\/roveyayinevi.com.tr\/index.php\/urun\/gobekli-tepe-1\/"},"modified":"2026-04-16T02:34:10","modified_gmt":"2026-04-15T23:34:10","slug":"gobekli-tepe-1","status":"publish","type":"product","link":"https:\/\/roveyayinevi.com.tr\/index.php\/urun\/gobekli-tepe-1\/","title":{"rendered":"G\u00f6bekli Tepe 1"},"content":{"rendered":"<p>G\u00f6bekli Tepe, birden bire ortaya \u00e7\u0131km\u0131\u015f de\u011fildir. Orijinal ismini bilmesek de, bu co\u011frafyada \u00e7ok daha eski d\u00f6nemlerden beri var olagelen ve belki de, \u00e7ok renkli k\u00fclt\u00fcrlerin bir sentezlenmesi neticesinde ortaya \u00e7\u0131kan kendi d\u00f6neminin k\u00fclt\u00fcr\u00fcn\u00fcn doruk noktalar\u0131ndan biridir. G\u00f6bekli Tepe\u2019nin gerek mimaride, gerekse de sembollerde d\u0131\u015fa vuran kompleks yap\u0131s\u0131, onun dar, b\u00f6lgesel bir olu\u015fum olmad\u0131\u011f\u0131na da i\u015faret etmektedir. G\u00f6r\u00fcnen o ki, binlerce y\u0131ll\u0131k s\u00fcre zarf\u0131nda geni\u015f bir co\u011frafyada ya\u015fayan de\u011fi\u015fik toplumlar vas\u0131tas\u0131yla birbirlerinden k\u00fclt\u00fcrel, inan\u00e7sal al\u0131\u015fveri\u015fte bulunan \u00e7ok renkli k\u00fclt\u00fcrler yuma\u011f\u0131n\u0131n bir \u00fcr\u00fcn\u00fc ve sentezle\u015fmesi sonucunda ortaya \u00e7\u0131km\u0131\u015ft\u0131r. Tap\u0131nak ve ba\u015fka bir\u00e7ok i\u015flevi i\u00e7inde bar\u0131nd\u0131ran bu yap\u0131 kompleksinin toplumsal, inan\u00e7sal, ekonomik v.d. bir\u00e7ok i\u015flevleri vard\u0131. Toplumsal \u00f6rg\u00fctlenme ise bir arada ya\u015fama eti\u011fi ve davran\u0131\u015f kurallar\u0131n\u0131 gerektirir. Periyodik olarak ilerleyen zaman\u0131n belli dilimlere ayr\u0131\u015ft\u0131r\u0131l\u0131p, ona uygun aktivitelerin planlanmas\u0131 da takvimi gerekli k\u0131lm\u0131\u015ft\u0131r. \u0130\u015flerin do\u011fru zamanda ba\u015flat\u0131l\u0131p, yine do\u011fru bir zamanda tamamlanmas\u0131 ve zaman\u0131n en iyi bir \u015fekilde de\u011ferlendirilmesi de yine bu ve buna benzer merkezler arac\u0131l\u0131\u011f\u0131yla sa\u011flanm\u0131\u015ft\u0131r. Buralar\u0131 sadece ibadetlerin yap\u0131ld\u0131\u011f\u0131 yerler de\u011fil; ayn\u0131 inanca sahip olup, bir birlerinden uzak oturan insan topluluklar\u0131n\u0131n y\u0131l\u0131n belli d\u00f6nemlerinde toplanmalar\u0131n\u0131 da sa\u011flayan bir \u00e7e\u015fit hac ziyaretinin yap\u0131ld\u0131\u011f\u0131 yerlerdi ayn\u0131 zamanda. <\/p>\n","protected":false},"excerpt":{"rendered":"<p>G\u00f6bekli Tepe, birden bire ortaya \u00e7\u0131km\u0131\u015f de\u011fildir. Orijinal ismini bilmesek de, bu co\u011frafyada \u00e7ok daha eski d\u00f6nemlerden beri var olagelen ve belki de, \u00e7ok renkli k\u00fclt\u00fcrlerin<span class=\"excerpt-hellip\"> [\u2026]<\/span><\/p>\n","protected":false},"featured_media":0,"template":"","meta":{"_monsterinsights_skip_tracking":false,"_monsterinsights_sitenote_active":false,"_monsterinsights_sitenote_note":"","_monsterinsights_sitenote_category":0},"product_brand":[],"product_cat":[12370,12304],"product_tag":[],"class_list":{"0":"post-726550","1":"product","2":"type-product","3":"status-publish","5":"product_cat-arastirma-inceleme","6":"product_cat-tarih","7":"pa_cilt-ciltsiz","8":"pa_tur-kitap","9":"pa_yayinevi-kalkedon-yayincilik","10":"pa_yazar-cemal-ozcelik","12":"first","13":"instock","14":"sale","15":"shipping-taxable","16":"purchasable","17":"product-type-simple"},"_links":{"self":[{"href":"https:\/\/roveyayinevi.com.tr\/index.php\/wp-json\/wp\/v2\/product\/726550","targetHints":{"allow":["GET"]}}],"collection":[{"href":"https:\/\/roveyayinevi.com.tr\/index.php\/wp-json\/wp\/v2\/product"}],"about":[{"href":"https:\/\/roveyayinevi.com.tr\/index.php\/wp-json\/wp\/v2\/types\/product"}],"wp:attachment":[{"href":"https:\/\/roveyayinevi.com.tr\/index.php\/wp-json\/wp\/v2\/media?parent=726550"}],"wp:term":[{"taxonomy":"product_brand","embeddable":true,"href":"https:\/\/roveyayinevi.com.tr\/index.php\/wp-json\/wp\/v2\/product_brand?post=726550"},{"taxonomy":"product_cat","embeddable":true,"href":"https:\/\/roveyayinevi.com.tr\/index.php\/wp-json\/wp\/v2\/product_cat?post=726550"},{"taxonomy":"product_tag","embeddable":true,"href":"https:\/\/roveyayinevi.com.tr\/index.php\/wp-json\/wp\/v2\/product_tag?post=726550"}],"curies":[{"name":"wp","href":"https:\/\/api.w.org\/{rel}","templated":true}]}}