{"id":726548,"date":"2025-08-27T20:08:26","date_gmt":"2025-08-27T17:08:26","guid":{"rendered":"https:\/\/roveyayinevi.com.tr\/index.php\/urun\/son-kelime\/"},"modified":"2025-11-21T06:19:13","modified_gmt":"2025-11-21T03:19:13","slug":"son-kelime","status":"publish","type":"product","link":"https:\/\/roveyayinevi.com.tr\/index.php\/urun\/son-kelime\/","title":{"rendered":"Son Kelime"},"content":{"rendered":"<p>\u0130klim de\u011fi\u015fikli\u011finin harap etti\u011fi bir d\u00fcnya, korkuyla y\u00f6netilen bir toplum ve bunlara kar\u015f\u0131 gelecek cesarete sahip bir k\u0131z&#8230;  Letta&#8217;n\u0131n hayat\u0131 her zamankinden daha da tehlikede. Ark&#8217;\u0131n yeni y\u00f6neticisi dilin kullan\u0131m\u0131n\u0131 be\u015f y\u00fcz kelimeyle s\u0131n\u0131rlad\u0131 ve geceleri bebeklerin kayboldu\u011funa dair s\u00f6ylentiler dola\u015f\u0131yor. Letta b\u00fcy\u00fck bir risk alarak kendini gizlice okullarda dil \u00f6\u011fretmeye ve dili canl\u0131 tutmaya adar. Felaket ya\u015fand\u0131\u011f\u0131nda ise Letta su\u00e7u \u00fcstlenir ve Marlo&#8217;yla ka\u00e7ak zorunda kal\u0131r. Bu ka\u00e7\u0131\u015fta dili sonsuza dek yok etmeyi planlayan korkun\u00e7 plan\u0131 ke\u015ffederler&#8230;<\/p>\n","protected":false},"excerpt":{"rendered":"<p>\u0130klim de\u011fi\u015fikli\u011finin harap etti\u011fi bir d\u00fcnya, korkuyla y\u00f6netilen bir toplum ve bunlara kar\u015f\u0131 gelecek cesarete sahip bir k\u0131z&#8230; Letta&#8217;n\u0131n hayat\u0131 her zamankinden daha da tehlikede. Ark&#8217;\u0131n<span class=\"excerpt-hellip\"> [\u2026]<\/span><\/p>\n","protected":false},"featured_media":0,"template":"","meta":{"_monsterinsights_skip_tracking":false,"_monsterinsights_sitenote_active":false,"_monsterinsights_sitenote_note":"","_monsterinsights_sitenote_category":0},"product_brand":[],"product_cat":[12540,12291],"product_tag":[],"class_list":{"0":"post-726548","1":"product","2":"type-product","3":"status-publish","5":"product_cat-bilim-kurgu","6":"product_cat-edebiyat","7":"pa_cilt-ciltsiz","8":"pa_tur-kitap","9":"pa_yayinevi-genc-timas","10":"pa_yazar-patricia-forde","12":"first","13":"instock","14":"sale","15":"shipping-taxable","16":"purchasable","17":"product-type-simple"},"_links":{"self":[{"href":"https:\/\/roveyayinevi.com.tr\/index.php\/wp-json\/wp\/v2\/product\/726548","targetHints":{"allow":["GET"]}}],"collection":[{"href":"https:\/\/roveyayinevi.com.tr\/index.php\/wp-json\/wp\/v2\/product"}],"about":[{"href":"https:\/\/roveyayinevi.com.tr\/index.php\/wp-json\/wp\/v2\/types\/product"}],"wp:attachment":[{"href":"https:\/\/roveyayinevi.com.tr\/index.php\/wp-json\/wp\/v2\/media?parent=726548"}],"wp:term":[{"taxonomy":"product_brand","embeddable":true,"href":"https:\/\/roveyayinevi.com.tr\/index.php\/wp-json\/wp\/v2\/product_brand?post=726548"},{"taxonomy":"product_cat","embeddable":true,"href":"https:\/\/roveyayinevi.com.tr\/index.php\/wp-json\/wp\/v2\/product_cat?post=726548"},{"taxonomy":"product_tag","embeddable":true,"href":"https:\/\/roveyayinevi.com.tr\/index.php\/wp-json\/wp\/v2\/product_tag?post=726548"}],"curies":[{"name":"wp","href":"https:\/\/api.w.org\/{rel}","templated":true}]}}