{"id":726546,"date":"2025-08-27T20:08:24","date_gmt":"2025-08-27T17:08:24","guid":{"rendered":"https:\/\/roveyayinevi.com.tr\/index.php\/urun\/babaya-mektup-7\/"},"modified":"2026-04-16T02:34:10","modified_gmt":"2026-04-15T23:34:10","slug":"babaya-mektup-7","status":"publish","type":"product","link":"https:\/\/roveyayinevi.com.tr\/index.php\/urun\/babaya-mektup-7\/","title":{"rendered":"Babaya Mektup"},"content":{"rendered":"<p>Kafka\u2019n\u0131n babas\u0131na g\u00f6nderilmesi amac\u0131yla yazd\u0131\u011f\u0131 ancak al\u0131c\u0131s\u0131n\u0131n eline hi\u00e7bir zaman ge\u00e7meyen bu mektup, Kafka\u2019n\u0131n yak\u0131n dostu Max Brod taraf\u0131ndan 1950\u2019lerin ba\u015f\u0131nda toplu eserlere d\u00e2hil edilmi\u015ftir. Kas\u0131m 1919 tarihinde yaz\u0131ld\u0131\u011f\u0131 tahmin edilen, el yaz\u0131s\u0131yla yakla\u015f\u0131k y\u00fcz sayfa olan Kafka\u2019n\u0131n mektubu \u00fc\u00e7 b\u00f6l\u00fcmden olu\u015fmaktad\u0131r. \u0130lk b\u00f6l\u00fcmde Kafka, mektubun ba\u015flar\u0131nda babas\u0131n\u0131n ki\u015fili\u011finden ve kendi varolu\u015fu \u00fczerindeki etkisinden s\u00f6z etmektedir. \u0130kinci b\u00f6l\u00fcmde, s\u0131radan bir baba-o\u011ful ili\u015fkisi, mektupta giderek baba ile o\u011ful aras\u0131ndaki \u00e7at\u0131\u015fmaya d\u00f6n\u00fc\u015f\u00fcr ve bu \u00e7at\u0131\u015fman\u0131n Kafka\u2019da a\u00e7t\u0131\u011f\u0131 psikolojik yaralar\u0131 i\u015faret eder. \u00dc\u00e7\u00fcnc\u00fc b\u00f6l\u00fcmdeyse Kafka\u2019n\u0131n babas\u0131na a\u00e7\u0131k\u00e7a y\u00f6nlendirdi\u011fi su\u00e7lamalar g\u00f6r\u00fclmektedir. Kafka, mektubun ilk c\u00fcmlelerinde babas\u0131na kar\u015f\u0131 hissetti\u011fi korku ve \u00e7ekince nedeniyle mektubu yazarken fazla net olamayaca\u011f\u0131n\u0131 belirtmi\u015ftir.<\/p>\n","protected":false},"excerpt":{"rendered":"<p>Kafka\u2019n\u0131n babas\u0131na g\u00f6nderilmesi amac\u0131yla yazd\u0131\u011f\u0131 ancak al\u0131c\u0131s\u0131n\u0131n eline hi\u00e7bir zaman ge\u00e7meyen bu mektup, Kafka\u2019n\u0131n yak\u0131n dostu Max Brod taraf\u0131ndan 1950\u2019lerin ba\u015f\u0131nda toplu eserlere d\u00e2hil edilmi\u015ftir. Kas\u0131m<span class=\"excerpt-hellip\"> [\u2026]<\/span><\/p>\n","protected":false},"featured_media":0,"template":"","meta":{"_monsterinsights_skip_tracking":false,"_monsterinsights_sitenote_active":false,"_monsterinsights_sitenote_note":"","_monsterinsights_sitenote_category":0},"product_brand":[],"product_cat":[12291,13872],"product_tag":[],"class_list":{"0":"post-726546","1":"product","2":"type-product","3":"status-publish","5":"product_cat-edebiyat","6":"product_cat-klasikler","7":"pa_cilt-ciltsiz","8":"pa_tur-kitap","9":"pa_yayinevi-sifir6-yayinevi","10":"pa_yazar-franz-kafka","12":"first","13":"instock","14":"sale","15":"shipping-taxable","16":"purchasable","17":"product-type-simple"},"_links":{"self":[{"href":"https:\/\/roveyayinevi.com.tr\/index.php\/wp-json\/wp\/v2\/product\/726546","targetHints":{"allow":["GET"]}}],"collection":[{"href":"https:\/\/roveyayinevi.com.tr\/index.php\/wp-json\/wp\/v2\/product"}],"about":[{"href":"https:\/\/roveyayinevi.com.tr\/index.php\/wp-json\/wp\/v2\/types\/product"}],"wp:attachment":[{"href":"https:\/\/roveyayinevi.com.tr\/index.php\/wp-json\/wp\/v2\/media?parent=726546"}],"wp:term":[{"taxonomy":"product_brand","embeddable":true,"href":"https:\/\/roveyayinevi.com.tr\/index.php\/wp-json\/wp\/v2\/product_brand?post=726546"},{"taxonomy":"product_cat","embeddable":true,"href":"https:\/\/roveyayinevi.com.tr\/index.php\/wp-json\/wp\/v2\/product_cat?post=726546"},{"taxonomy":"product_tag","embeddable":true,"href":"https:\/\/roveyayinevi.com.tr\/index.php\/wp-json\/wp\/v2\/product_tag?post=726546"}],"curies":[{"name":"wp","href":"https:\/\/api.w.org\/{rel}","templated":true}]}}