{"id":726545,"date":"2025-08-27T20:08:23","date_gmt":"2025-08-27T17:08:23","guid":{"rendered":"https:\/\/roveyayinevi.com.tr\/index.php\/urun\/donusum-26\/"},"modified":"2026-04-16T02:34:10","modified_gmt":"2026-04-15T23:34:10","slug":"donusum-26","status":"publish","type":"product","link":"https:\/\/roveyayinevi.com.tr\/index.php\/urun\/donusum-26\/","title":{"rendered":"D\u00f6n\u00fc\u015f\u00fcm"},"content":{"rendered":"<p>Bir sabah tedirgin d\u00fc\u015flerden uyanan Gregor Samsa, kocaman bir b\u00f6ce\u011fe d\u00f6n\u00fc\u015fm\u00fc\u015f buldu kendini. Bir z\u0131rh gibi sertle\u015fmi\u015f s\u0131rt\u0131n\u0131n \u00fczerinde yat\u0131yor, ba\u015f\u0131n\u0131 biraz kald\u0131r\u0131nca yay bi\u00e7iminde b\u00f6lmelere ayr\u0131lm\u0131\u015f bir kalkan gibi duran kahverengi karn\u0131n\u0131 g\u00f6r\u00fcyordu. Bu karn\u0131n tepesindeki yorgan, her an kay\u0131p tamamen yere d\u00fc\u015fmeye haz\u0131rd\u0131 ancak zar zor tutunabilmekteydi. V\u00fccudunun kalan b\u00f6l\u00fcm\u00fcne oranla ac\u0131nacak kadar c\u0131l\u0131z bir s\u00fcr\u00fc bacak\u00e7\u0131k, ne yapacaklar\u0131n\u0131 \u015fa\u015f\u0131rm\u0131\u015f, g\u00f6zlerinin \u00f6n\u00fcnde aral\u0131ks\u0131z yan\u0131p s\u00f6n\u00fcyordu. \u201cBana da ne oldu b\u00f6yle?\u201d diye d\u00fc\u015f\u00fcnd\u00fc. Gregor Samsa. Hay\u0131r! R\u00fcya falan de\u011fildi. Odas\u0131, biraz fazla k\u00fc\u00e7\u00fck ama tam olarak bir insan odas\u0131yd\u0131 ve al\u0131\u015fk\u0131n oldu\u011fu d\u00f6rt duvar aras\u0131nda sessiz sakin duruyordu. Ambalajlar\u0131ndan \u00e7\u0131kar\u0131lm\u0131\u015f kuma\u015f \u00f6rneklerinden bir koleksiyonun yay\u0131ld\u0131\u011f\u0131 masan\u0131n \u00fczerindeki duvarda (Samsa bir firman\u0131n pazarlamac\u0131l\u0131\u011f\u0131n\u0131 yap\u0131yordu) k\u0131sa s\u00fcre \u00f6nce resimli bir dergiden kesip alt\u0131n yald\u0131zl\u0131 \u015firin bir \u00e7er\u00e7eveye ge\u00e7irdi\u011fi bir resim as\u0131lm\u0131\u015ft\u0131. Ba\u015f\u0131nda k\u00fcrk \u015fapka, boynunda y\u0131lan bi\u00e7imindeki uzun k\u00fcrk atk\u0131yla dimdik oturmu\u015f bir kad\u0131n, kollar\u0131n\u0131n dirsekten a\u015fa\u011f\u0131s\u0131n\u0131n kayboldu\u011fu a\u011f\u0131r bir man\u015fonu yukar\u0131 kald\u0131rarak seyircilere do\u011fru uzatm\u0131\u015ft\u0131 resimde.<\/p>\n","protected":false},"excerpt":{"rendered":"<p>Bir sabah tedirgin d\u00fc\u015flerden uyanan Gregor Samsa, kocaman bir b\u00f6ce\u011fe d\u00f6n\u00fc\u015fm\u00fc\u015f buldu kendini. Bir z\u0131rh gibi sertle\u015fmi\u015f s\u0131rt\u0131n\u0131n \u00fczerinde yat\u0131yor, ba\u015f\u0131n\u0131 biraz kald\u0131r\u0131nca yay bi\u00e7iminde b\u00f6lmelere<span class=\"excerpt-hellip\"> [\u2026]<\/span><\/p>\n","protected":false},"featured_media":0,"template":"","meta":{"_monsterinsights_skip_tracking":false,"_monsterinsights_sitenote_active":false,"_monsterinsights_sitenote_note":"","_monsterinsights_sitenote_category":0},"product_brand":[],"product_cat":[12291,13872],"product_tag":[],"class_list":{"0":"post-726545","1":"product","2":"type-product","3":"status-publish","5":"product_cat-edebiyat","6":"product_cat-klasikler","7":"pa_cilt-ciltsiz","8":"pa_tur-kitap","9":"pa_yayinevi-sifir6-yayinevi","10":"pa_yazar-franz-kafka","12":"first","13":"instock","14":"sale","15":"shipping-taxable","16":"purchasable","17":"product-type-simple"},"_links":{"self":[{"href":"https:\/\/roveyayinevi.com.tr\/index.php\/wp-json\/wp\/v2\/product\/726545","targetHints":{"allow":["GET"]}}],"collection":[{"href":"https:\/\/roveyayinevi.com.tr\/index.php\/wp-json\/wp\/v2\/product"}],"about":[{"href":"https:\/\/roveyayinevi.com.tr\/index.php\/wp-json\/wp\/v2\/types\/product"}],"wp:attachment":[{"href":"https:\/\/roveyayinevi.com.tr\/index.php\/wp-json\/wp\/v2\/media?parent=726545"}],"wp:term":[{"taxonomy":"product_brand","embeddable":true,"href":"https:\/\/roveyayinevi.com.tr\/index.php\/wp-json\/wp\/v2\/product_brand?post=726545"},{"taxonomy":"product_cat","embeddable":true,"href":"https:\/\/roveyayinevi.com.tr\/index.php\/wp-json\/wp\/v2\/product_cat?post=726545"},{"taxonomy":"product_tag","embeddable":true,"href":"https:\/\/roveyayinevi.com.tr\/index.php\/wp-json\/wp\/v2\/product_tag?post=726545"}],"curies":[{"name":"wp","href":"https:\/\/api.w.org\/{rel}","templated":true}]}}