{"id":726544,"date":"2025-08-27T20:08:23","date_gmt":"2025-08-27T17:08:23","guid":{"rendered":"https:\/\/roveyayinevi.com.tr\/index.php\/urun\/fazlasi-zarar\/"},"modified":"2026-04-16T02:34:10","modified_gmt":"2026-04-15T23:34:10","slug":"fazlasi-zarar","status":"publish","type":"product","link":"https:\/\/roveyayinevi.com.tr\/index.php\/urun\/fazlasi-zarar\/","title":{"rendered":"Fazlas\u0131 Zarar"},"content":{"rendered":"<p>Can koleksiyon yapmaya bay\u0131l\u0131yordu. Uzayda dola\u015f\u0131rken buldu\u011fu her \u015feyi topluyordu. Kendisi gibi koleksiyon seven bir de arkada\u015f bulunca, ya\u015fam\u0131 m\u00fckemmel oldu. Art\u0131k arkada\u015f\u0131yla birlikte uzayda gezip, g\u00fczel e\u015fyalar topluyor,  koleksiyonlar\u0131n\u0131n keyfini \u00e7\u0131kar\u0131yorlard\u0131.  Sonra bir anda olaylar \u00e7\u0131\u011f\u0131r\u0131ndan \u00e7\u0131kt\u0131. \u00c7ocuklar\u0131n d\u00fcnya g\u00f6r\u00fc\u015flerine katk\u0131 sa\u011flayacak, e\u011flenceli bir \u00f6yk\u00fc&#8230; <\/p>\n","protected":false},"excerpt":{"rendered":"<p>Can koleksiyon yapmaya bay\u0131l\u0131yordu. Uzayda dola\u015f\u0131rken buldu\u011fu her \u015feyi topluyordu. Kendisi gibi koleksiyon seven bir de arkada\u015f bulunca, ya\u015fam\u0131 m\u00fckemmel oldu. Art\u0131k arkada\u015f\u0131yla birlikte uzayda gezip,<span class=\"excerpt-hellip\"> [\u2026]<\/span><\/p>\n","protected":false},"featured_media":0,"template":"","meta":{"_monsterinsights_skip_tracking":false,"_monsterinsights_sitenote_active":false,"_monsterinsights_sitenote_note":"","_monsterinsights_sitenote_category":0},"product_brand":[],"product_cat":[12274,12518],"product_tag":[],"class_list":{"0":"post-726544","1":"product","2":"type-product","3":"status-publish","5":"product_cat-cocuk-ve-genclik-kitaplari","6":"product_cat-okul-oncesi-kitaplar","7":"pa_cilt-ciltsiz","8":"pa_tur-kitap","9":"pa_yayinevi-is-bankasi-kultur-yayinlari","10":"pa_yazar-ian-mutch","12":"first","13":"instock","14":"sale","15":"shipping-taxable","16":"purchasable","17":"product-type-simple"},"_links":{"self":[{"href":"https:\/\/roveyayinevi.com.tr\/index.php\/wp-json\/wp\/v2\/product\/726544","targetHints":{"allow":["GET"]}}],"collection":[{"href":"https:\/\/roveyayinevi.com.tr\/index.php\/wp-json\/wp\/v2\/product"}],"about":[{"href":"https:\/\/roveyayinevi.com.tr\/index.php\/wp-json\/wp\/v2\/types\/product"}],"wp:attachment":[{"href":"https:\/\/roveyayinevi.com.tr\/index.php\/wp-json\/wp\/v2\/media?parent=726544"}],"wp:term":[{"taxonomy":"product_brand","embeddable":true,"href":"https:\/\/roveyayinevi.com.tr\/index.php\/wp-json\/wp\/v2\/product_brand?post=726544"},{"taxonomy":"product_cat","embeddable":true,"href":"https:\/\/roveyayinevi.com.tr\/index.php\/wp-json\/wp\/v2\/product_cat?post=726544"},{"taxonomy":"product_tag","embeddable":true,"href":"https:\/\/roveyayinevi.com.tr\/index.php\/wp-json\/wp\/v2\/product_tag?post=726544"}],"curies":[{"name":"wp","href":"https:\/\/api.w.org\/{rel}","templated":true}]}}