{"id":726541,"date":"2025-08-27T20:08:20","date_gmt":"2025-08-27T17:08:20","guid":{"rendered":"https:\/\/roveyayinevi.com.tr\/index.php\/urun\/caglar-sonbaharda-ilk-okuma-kitabim\/"},"modified":"2026-04-16T02:34:10","modified_gmt":"2026-04-15T23:34:10","slug":"caglar-sonbaharda-ilk-okuma-kitabim","status":"publish","type":"product","link":"https:\/\/roveyayinevi.com.tr\/index.php\/urun\/caglar-sonbaharda-ilk-okuma-kitabim\/","title":{"rendered":"\u00c7a\u011flar Sonbaharda &#8211;  \u0130lk Okuma Kitab\u0131m"},"content":{"rendered":"<p>\u00c7a\u011flar bir sonbahar g\u00fcn\u00fcnde en yak\u0131n arkada\u015f\u0131 Pelin ve onun annesiyle ormanda y\u00fcr\u00fcy\u00fc\u015fe \u00e7\u0131kt\u0131. Eve d\u00f6nd\u00fcklerinde, Pelin\u2019le toplad\u0131klar\u0131 kuru yapraklar, kestaneler ve me\u015fe palamutlar\u0131ndan neler yapt\u0131lar neler. Birka\u00e7 g\u00fcn sonra da abisiyle u\u00e7urtma u\u00e7urdular. \u00c7a\u011flar sonbahar\u0131 \u00e7ok seviyordu, bu mevsimde yap\u0131lacak ne \u00e7ok \u015fey vard\u0131\u2026 <\/p>\n","protected":false},"excerpt":{"rendered":"<p>\u00c7a\u011flar bir sonbahar g\u00fcn\u00fcnde en yak\u0131n arkada\u015f\u0131 Pelin ve onun annesiyle ormanda y\u00fcr\u00fcy\u00fc\u015fe \u00e7\u0131kt\u0131. Eve d\u00f6nd\u00fcklerinde, Pelin\u2019le toplad\u0131klar\u0131 kuru yapraklar, kestaneler ve me\u015fe palamutlar\u0131ndan neler yapt\u0131lar<span class=\"excerpt-hellip\"> [\u2026]<\/span><\/p>\n","protected":false},"featured_media":0,"template":"","meta":{"_monsterinsights_skip_tracking":false,"_monsterinsights_sitenote_active":false,"_monsterinsights_sitenote_note":"","_monsterinsights_sitenote_category":0},"product_brand":[],"product_cat":[12274,12518],"product_tag":[],"class_list":{"0":"post-726541","1":"product","2":"type-product","3":"status-publish","5":"product_cat-cocuk-ve-genclik-kitaplari","6":"product_cat-okul-oncesi-kitaplar","7":"pa_cilt-ciltsiz","8":"pa_tur-kitap","9":"pa_yayinevi-is-bankasi-kultur-yayinlari","10":"pa_yazar-christian-tielmann","12":"first","13":"instock","14":"sale","15":"shipping-taxable","16":"purchasable","17":"product-type-simple"},"_links":{"self":[{"href":"https:\/\/roveyayinevi.com.tr\/index.php\/wp-json\/wp\/v2\/product\/726541","targetHints":{"allow":["GET"]}}],"collection":[{"href":"https:\/\/roveyayinevi.com.tr\/index.php\/wp-json\/wp\/v2\/product"}],"about":[{"href":"https:\/\/roveyayinevi.com.tr\/index.php\/wp-json\/wp\/v2\/types\/product"}],"wp:attachment":[{"href":"https:\/\/roveyayinevi.com.tr\/index.php\/wp-json\/wp\/v2\/media?parent=726541"}],"wp:term":[{"taxonomy":"product_brand","embeddable":true,"href":"https:\/\/roveyayinevi.com.tr\/index.php\/wp-json\/wp\/v2\/product_brand?post=726541"},{"taxonomy":"product_cat","embeddable":true,"href":"https:\/\/roveyayinevi.com.tr\/index.php\/wp-json\/wp\/v2\/product_cat?post=726541"},{"taxonomy":"product_tag","embeddable":true,"href":"https:\/\/roveyayinevi.com.tr\/index.php\/wp-json\/wp\/v2\/product_tag?post=726541"}],"curies":[{"name":"wp","href":"https:\/\/api.w.org\/{rel}","templated":true}]}}