{"id":726540,"date":"2025-08-27T20:08:19","date_gmt":"2025-08-27T17:08:19","guid":{"rendered":"https:\/\/roveyayinevi.com.tr\/index.php\/urun\/muhendis-olacagim\/"},"modified":"2026-04-16T02:34:10","modified_gmt":"2026-04-15T23:34:10","slug":"muhendis-olacagim","status":"publish","type":"product","link":"https:\/\/roveyayinevi.com.tr\/index.php\/urun\/muhendis-olacagim\/","title":{"rendered":"M\u00fchendis Olaca\u011f\u0131m"},"content":{"rendered":"<p>GER\u00c7EK B\u0130R M\u00dcHEND\u0130S OLMAK \u0130\u00c7\u0130N B\u0130LMEN GEREKENLER M\u00dcHEND\u0130S OLACA\u011eIM K\u0131sa ama \u00f6z bilgilerle dolu bu kitap yarat\u0131c\u0131l\u0131k, \u00f6zenli olmak ve sorunlar\u0131 \u00e7\u00f6zebilmek gibi M\u00dcHEND\u0130SL\u0130K i\u00e7in gerekli olan becerileri \u00f6\u011frenmeni sa\u011flayacak. Basit g\u00f6revleri yerine getir ve farkl\u0131 m\u00fchendislik t\u00fcrlerini ke\u015ffedip m\u00fchendis gibi d\u00fc\u015f\u00fcnmeyi \u00f6\u011frenirken, pratik deneyim kazan. Bu seri, \u00e7ocuklar\u0131 STEM konular\u0131na ve onlarla ba\u011flant\u0131l\u0131 muhte\u015fem mesleklere ilgi duymalar\u0131n\u0131 sa\u011flar. \u00c7ocuklar m\u00fchendislikten astronotlu\u011fa bir\u00e7ok meslek i\u00e7in gerekli bilgi ve becerilerin neler oldu\u011funu \u00f6\u011frenecekler. STEM e\u011fitimi, fen (science), teknoloji (technology), m\u00fchendislik (engineering) ve matematik (mathematics) gibi d\u00f6rt \u00f6nemli disiplinin bir araya getirilmesiyle olu\u015fturulan bir \u00f6\u011fretim modeli olarak tan\u0131mlanmaktad\u0131r. <\/p>\n","protected":false},"excerpt":{"rendered":"<p>GER\u00c7EK B\u0130R M\u00dcHEND\u0130S OLMAK \u0130\u00c7\u0130N B\u0130LMEN GEREKENLER M\u00dcHEND\u0130S OLACA\u011eIM K\u0131sa ama \u00f6z bilgilerle dolu bu kitap yarat\u0131c\u0131l\u0131k, \u00f6zenli olmak ve sorunlar\u0131 \u00e7\u00f6zebilmek gibi M\u00dcHEND\u0130SL\u0130K i\u00e7in gerekli<span class=\"excerpt-hellip\"> [\u2026]<\/span><\/p>\n","protected":false},"featured_media":0,"template":"","meta":{"_monsterinsights_skip_tracking":false,"_monsterinsights_sitenote_active":false,"_monsterinsights_sitenote_note":"","_monsterinsights_sitenote_category":0},"product_brand":[],"product_cat":[12274,12518],"product_tag":[],"class_list":{"0":"post-726540","1":"product","2":"type-product","3":"status-publish","5":"product_cat-cocuk-ve-genclik-kitaplari","6":"product_cat-okul-oncesi-kitaplar","7":"pa_cilt-ciltsiz","8":"pa_tur-kitap","9":"pa_yayinevi-is-bankasi-kultur-yayinlari","10":"pa_yazar-catherine-ard","12":"first","13":"instock","14":"sale","15":"shipping-taxable","16":"purchasable","17":"product-type-simple"},"_links":{"self":[{"href":"https:\/\/roveyayinevi.com.tr\/index.php\/wp-json\/wp\/v2\/product\/726540","targetHints":{"allow":["GET"]}}],"collection":[{"href":"https:\/\/roveyayinevi.com.tr\/index.php\/wp-json\/wp\/v2\/product"}],"about":[{"href":"https:\/\/roveyayinevi.com.tr\/index.php\/wp-json\/wp\/v2\/types\/product"}],"wp:attachment":[{"href":"https:\/\/roveyayinevi.com.tr\/index.php\/wp-json\/wp\/v2\/media?parent=726540"}],"wp:term":[{"taxonomy":"product_brand","embeddable":true,"href":"https:\/\/roveyayinevi.com.tr\/index.php\/wp-json\/wp\/v2\/product_brand?post=726540"},{"taxonomy":"product_cat","embeddable":true,"href":"https:\/\/roveyayinevi.com.tr\/index.php\/wp-json\/wp\/v2\/product_cat?post=726540"},{"taxonomy":"product_tag","embeddable":true,"href":"https:\/\/roveyayinevi.com.tr\/index.php\/wp-json\/wp\/v2\/product_tag?post=726540"}],"curies":[{"name":"wp","href":"https:\/\/api.w.org\/{rel}","templated":true}]}}