{"id":726539,"date":"2025-08-27T20:08:18","date_gmt":"2025-08-27T17:08:18","guid":{"rendered":"https:\/\/roveyayinevi.com.tr\/index.php\/urun\/dava-12\/"},"modified":"2026-04-16T02:34:10","modified_gmt":"2026-04-15T23:34:10","slug":"dava-12","status":"publish","type":"product","link":"https:\/\/roveyayinevi.com.tr\/index.php\/urun\/dava-12\/","title":{"rendered":"Dava"},"content":{"rendered":"<p>Biri Josef K.\u2019ye iftira att\u0131\u011f\u0131 i\u00e7in bir sabah birdenbire tutukland\u0131. Her sabah saat sekize do\u011fru kahvalt\u0131s\u0131n\u0131 getiren pansiyon sahibi Bayan Grubach\u2019\u0131n hizmet\u00e7isi o sabah etrafta g\u00f6r\u00fcnmemi\u015fti. B\u00f6yle bir \u015feyle ilk defa kar\u015f\u0131la\u015f\u0131yordu. K. Biraz daha bekledi, kafas\u0131 yast\u0131kta, yatt\u0131\u011f\u0131 yerden kar\u015f\u0131 evdeki ya\u015fl\u0131 kad\u0131n\u0131 izledi, tuhaf bir merakla kendisini g\u00f6zetliyordu kad\u0131n. Ama derken bir a\u00e7l\u0131k ve tedirginlik duygusuyla zile bast\u0131. Hemen kap\u0131 \u00e7al\u0131n\u0131p \u015fimdiye kadar pansiyonda hi\u00e7 g\u00f6rmedi\u011fi bir adam girdi i\u00e7eri; ince, uzun boylu ama g\u00fc\u00e7l\u00fc yap\u0131l\u0131yd\u0131. \u00dczerine tam oturmu\u015f siyah bir giysi vard\u0131 \u00fcst\u00fcnde. Gezilerde giyilen elbiseler gibi \u00e7e\u015fitli pileler, cepler, tokalar, d\u00fc\u011fmeler ve bir kemerle s\u00fcslenmi\u015fti. Bu y\u00fczden ne diye giyildi\u011fi \u00e7ok anla\u015f\u0131lmamas\u0131na ra\u011fmen hayli pratik bir g\u00f6r\u00fcn\u00fc\u015f\u00fc vard\u0131. \u201cSiz kimsiniz?\u201d diye sordu K. ve hemen yatakta yan do\u011frulup oturdu. Ama adam odadaki varl\u0131\u011f\u0131n\u0131n itirazs\u0131z kabul\u00fc gerekiyormu\u015f gibi duymazdan geldi soruyu ve sadece \u201cZile siz mi bast\u0131n\u0131z?\u201d dedi.<\/p>\n","protected":false},"excerpt":{"rendered":"<p>Biri Josef K.\u2019ye iftira att\u0131\u011f\u0131 i\u00e7in bir sabah birdenbire tutukland\u0131. Her sabah saat sekize do\u011fru kahvalt\u0131s\u0131n\u0131 getiren pansiyon sahibi Bayan Grubach\u2019\u0131n hizmet\u00e7isi o sabah etrafta g\u00f6r\u00fcnmemi\u015fti.<span class=\"excerpt-hellip\"> [\u2026]<\/span><\/p>\n","protected":false},"featured_media":0,"template":"","meta":{"_monsterinsights_skip_tracking":false,"_monsterinsights_sitenote_active":false,"_monsterinsights_sitenote_note":"","_monsterinsights_sitenote_category":0},"product_brand":[],"product_cat":[12291,13872],"product_tag":[],"class_list":{"0":"post-726539","1":"product","2":"type-product","3":"status-publish","5":"product_cat-edebiyat","6":"product_cat-klasikler","7":"pa_cilt-ciltsiz","8":"pa_tur-kitap","9":"pa_yayinevi-sifir6-yayinevi","10":"pa_yazar-franz-kafka","12":"first","13":"instock","14":"sale","15":"shipping-taxable","16":"purchasable","17":"product-type-simple"},"_links":{"self":[{"href":"https:\/\/roveyayinevi.com.tr\/index.php\/wp-json\/wp\/v2\/product\/726539","targetHints":{"allow":["GET"]}}],"collection":[{"href":"https:\/\/roveyayinevi.com.tr\/index.php\/wp-json\/wp\/v2\/product"}],"about":[{"href":"https:\/\/roveyayinevi.com.tr\/index.php\/wp-json\/wp\/v2\/types\/product"}],"wp:attachment":[{"href":"https:\/\/roveyayinevi.com.tr\/index.php\/wp-json\/wp\/v2\/media?parent=726539"}],"wp:term":[{"taxonomy":"product_brand","embeddable":true,"href":"https:\/\/roveyayinevi.com.tr\/index.php\/wp-json\/wp\/v2\/product_brand?post=726539"},{"taxonomy":"product_cat","embeddable":true,"href":"https:\/\/roveyayinevi.com.tr\/index.php\/wp-json\/wp\/v2\/product_cat?post=726539"},{"taxonomy":"product_tag","embeddable":true,"href":"https:\/\/roveyayinevi.com.tr\/index.php\/wp-json\/wp\/v2\/product_tag?post=726539"}],"curies":[{"name":"wp","href":"https:\/\/api.w.org\/{rel}","templated":true}]}}