{"id":726538,"date":"2025-08-27T20:08:17","date_gmt":"2025-08-27T17:08:17","guid":{"rendered":"https:\/\/roveyayinevi.com.tr\/index.php\/urun\/okula-hazirlaniyorum-sayilar\/"},"modified":"2026-04-16T02:34:10","modified_gmt":"2026-04-15T23:34:10","slug":"okula-hazirlaniyorum-sayilar","status":"publish","type":"product","link":"https:\/\/roveyayinevi.com.tr\/index.php\/urun\/okula-hazirlaniyorum-sayilar\/","title":{"rendered":"Okula Haz\u0131rlan\u0131yorum &#8211; Say\u0131lar"},"content":{"rendered":"<p>Hadi Ba\u015flayal\u0131m! E\u015fle\u015ftirme, fark bulma ve boyama etkinliklerini yaparken hem e\u011flenecek hem de say\u0131lar\u0131 tan\u0131yacaks\u0131n! \u00c7ocuklar, okul \u00f6ncesi d\u00f6nemde \u00e7ok y\u00f6nl\u00fc al\u0131\u015ft\u0131rma ve etkinliklerle zihinsel beceri, konsantrasyon yetene\u011fi ve kalem tutma becerilerini geli\u015ftirirken okula haz\u0131rl\u0131k i\u00e7in b\u00fcy\u00fck bir ad\u0131m atacaklar. <\/p>\n","protected":false},"excerpt":{"rendered":"<p>Hadi Ba\u015flayal\u0131m! E\u015fle\u015ftirme, fark bulma ve boyama etkinliklerini yaparken hem e\u011flenecek hem de say\u0131lar\u0131 tan\u0131yacaks\u0131n! \u00c7ocuklar, okul \u00f6ncesi d\u00f6nemde \u00e7ok y\u00f6nl\u00fc al\u0131\u015ft\u0131rma ve etkinliklerle zihinsel beceri,<span class=\"excerpt-hellip\"> [\u2026]<\/span><\/p>\n","protected":false},"featured_media":0,"template":"","meta":{"_monsterinsights_skip_tracking":false,"_monsterinsights_sitenote_active":false,"_monsterinsights_sitenote_note":"","_monsterinsights_sitenote_category":0},"product_brand":[],"product_cat":[12274,12518],"product_tag":[],"class_list":{"0":"post-726538","1":"product","2":"type-product","3":"status-publish","5":"product_cat-cocuk-ve-genclik-kitaplari","6":"product_cat-okul-oncesi-kitaplar","7":"pa_cilt-ciltsiz","8":"pa_tur-kitap","9":"pa_yayinevi-is-bankasi-kultur-yayinlari","10":"pa_yazar-christine-mildner","12":"first","13":"instock","14":"sale","15":"shipping-taxable","16":"purchasable","17":"product-type-simple"},"_links":{"self":[{"href":"https:\/\/roveyayinevi.com.tr\/index.php\/wp-json\/wp\/v2\/product\/726538","targetHints":{"allow":["GET"]}}],"collection":[{"href":"https:\/\/roveyayinevi.com.tr\/index.php\/wp-json\/wp\/v2\/product"}],"about":[{"href":"https:\/\/roveyayinevi.com.tr\/index.php\/wp-json\/wp\/v2\/types\/product"}],"wp:attachment":[{"href":"https:\/\/roveyayinevi.com.tr\/index.php\/wp-json\/wp\/v2\/media?parent=726538"}],"wp:term":[{"taxonomy":"product_brand","embeddable":true,"href":"https:\/\/roveyayinevi.com.tr\/index.php\/wp-json\/wp\/v2\/product_brand?post=726538"},{"taxonomy":"product_cat","embeddable":true,"href":"https:\/\/roveyayinevi.com.tr\/index.php\/wp-json\/wp\/v2\/product_cat?post=726538"},{"taxonomy":"product_tag","embeddable":true,"href":"https:\/\/roveyayinevi.com.tr\/index.php\/wp-json\/wp\/v2\/product_tag?post=726538"}],"curies":[{"name":"wp","href":"https:\/\/api.w.org\/{rel}","templated":true}]}}