{"id":726537,"date":"2025-08-27T20:08:16","date_gmt":"2025-08-27T17:08:16","guid":{"rendered":"https:\/\/roveyayinevi.com.tr\/index.php\/urun\/okula-hazirlaniyorum-kavramlar\/"},"modified":"2026-04-16T02:34:10","modified_gmt":"2026-04-15T23:34:10","slug":"okula-hazirlaniyorum-kavramlar","status":"publish","type":"product","link":"https:\/\/roveyayinevi.com.tr\/index.php\/urun\/okula-hazirlaniyorum-kavramlar\/","title":{"rendered":"Okula Haz\u0131rlan\u0131yorum &#8211; Kavramlar"},"content":{"rendered":"<p>Hadi Ba\u015flayal\u0131m! Mevsimler, zaman ve y\u00f6n bulma etkinliklerini yaparken hem e\u011flenecek hem de kavramlar\u0131 peki\u015ftireceksin! \u00c7ocuklar, okul \u00f6ncesi d\u00f6nemde \u00e7ok y\u00f6nl\u00fc al\u0131\u015ft\u0131rma ve etkinliklerle zihinsel beceri, konsantrasyon yetene\u011fi ve kalem tutma becerilerini geli\u015ftirirken okula haz\u0131rl\u0131k i\u00e7in b\u00fcy\u00fck bir ad\u0131m atacaklar. <\/p>\n","protected":false},"excerpt":{"rendered":"<p>Hadi Ba\u015flayal\u0131m! Mevsimler, zaman ve y\u00f6n bulma etkinliklerini yaparken hem e\u011flenecek hem de kavramlar\u0131 peki\u015ftireceksin! \u00c7ocuklar, okul \u00f6ncesi d\u00f6nemde \u00e7ok y\u00f6nl\u00fc al\u0131\u015ft\u0131rma ve etkinliklerle zihinsel beceri,<span class=\"excerpt-hellip\"> [\u2026]<\/span><\/p>\n","protected":false},"featured_media":0,"template":"","meta":{"_monsterinsights_skip_tracking":false,"_monsterinsights_sitenote_active":false,"_monsterinsights_sitenote_note":"","_monsterinsights_sitenote_category":0},"product_brand":[],"product_cat":[12274,12518],"product_tag":[],"class_list":{"0":"post-726537","1":"product","2":"type-product","3":"status-publish","5":"product_cat-cocuk-ve-genclik-kitaplari","6":"product_cat-okul-oncesi-kitaplar","7":"pa_cilt-ciltsiz","8":"pa_tur-kitap","9":"pa_yayinevi-is-bankasi-kultur-yayinlari","10":"pa_yazar-christine-mildner","12":"first","13":"instock","14":"sale","15":"shipping-taxable","16":"purchasable","17":"product-type-simple"},"_links":{"self":[{"href":"https:\/\/roveyayinevi.com.tr\/index.php\/wp-json\/wp\/v2\/product\/726537","targetHints":{"allow":["GET"]}}],"collection":[{"href":"https:\/\/roveyayinevi.com.tr\/index.php\/wp-json\/wp\/v2\/product"}],"about":[{"href":"https:\/\/roveyayinevi.com.tr\/index.php\/wp-json\/wp\/v2\/types\/product"}],"wp:attachment":[{"href":"https:\/\/roveyayinevi.com.tr\/index.php\/wp-json\/wp\/v2\/media?parent=726537"}],"wp:term":[{"taxonomy":"product_brand","embeddable":true,"href":"https:\/\/roveyayinevi.com.tr\/index.php\/wp-json\/wp\/v2\/product_brand?post=726537"},{"taxonomy":"product_cat","embeddable":true,"href":"https:\/\/roveyayinevi.com.tr\/index.php\/wp-json\/wp\/v2\/product_cat?post=726537"},{"taxonomy":"product_tag","embeddable":true,"href":"https:\/\/roveyayinevi.com.tr\/index.php\/wp-json\/wp\/v2\/product_tag?post=726537"}],"curies":[{"name":"wp","href":"https:\/\/api.w.org\/{rel}","templated":true}]}}