{"id":726533,"date":"2025-08-27T20:08:13","date_gmt":"2025-08-27T17:08:13","guid":{"rendered":"https:\/\/roveyayinevi.com.tr\/index.php\/urun\/cayirin-en-tuhaf-yuvasi\/"},"modified":"2026-04-15T02:45:04","modified_gmt":"2026-04-14T23:45:04","slug":"cayirin-en-tuhaf-yuvasi","status":"publish","type":"product","link":"https:\/\/roveyayinevi.com.tr\/index.php\/urun\/cayirin-en-tuhaf-yuvasi\/","title":{"rendered":"\u00c7ay\u0131r\u0131n En Tuhaf Yuvas\u0131"},"content":{"rendered":"<p>Ku\u015flar s\u0131rayla gelip yuvadaki bu tuhaf aileye bak\u0131yordu. Kimileri onlara mutlulukla g\u00fcl\u00fcms\u00fcyor ya da \u015fa\u015fk\u0131nl\u0131kla bak\u0131yor, kimileri de k\u0131zg\u0131nl\u0131kla s\u00f6yleniyordu. B\u00f6yle bir \u015fey olabilir miydi! \u00dc\u00e7 benzemez ayn\u0131 yuvada ya\u015fayamazd\u0131!   Yoksa, ya\u015fayabilir miydi? Minik Ser\u00e7e, K\u0131rlang\u0131\u00e7 ve Yavru Guguk Ku\u015fu&#8217;nun, \u00fc\u00e7 &#8216;benzemezin&#8217; ayn\u0131 ailede bulu\u015fmas\u0131na, ne engel olabilirdi ki? \u00c7a\u011fda\u015f edebiyat\u0131m\u0131z\u0131n \u00f6d\u00fcll\u00fc yazarlar\u0131ndan Ahmet B\u00fcke, bu kitapta aile olmak ve birlikte bir ya\u015fam alan\u0131 kurmak \u00fczerine, do\u011fan\u0131n kendi mucizelerinden do\u011fan sevgi dolu bir \u00f6yk\u00fc anlat\u0131yor.<\/p>\n","protected":false},"excerpt":{"rendered":"<p>Ku\u015flar s\u0131rayla gelip yuvadaki bu tuhaf aileye bak\u0131yordu. Kimileri onlara mutlulukla g\u00fcl\u00fcms\u00fcyor ya da \u015fa\u015fk\u0131nl\u0131kla bak\u0131yor, kimileri de k\u0131zg\u0131nl\u0131kla s\u00f6yleniyordu. B\u00f6yle bir \u015fey olabilir miydi! \u00dc\u00e7<span class=\"excerpt-hellip\"> [\u2026]<\/span><\/p>\n","protected":false},"featured_media":0,"template":"","meta":{"_monsterinsights_skip_tracking":false,"_monsterinsights_sitenote_active":false,"_monsterinsights_sitenote_note":"","_monsterinsights_sitenote_category":0},"product_brand":[],"product_cat":[12275,12274],"product_tag":[],"class_list":{"0":"post-726533","1":"product","2":"type-product","3":"status-publish","5":"product_cat-6-12-yas-kitaplari","6":"product_cat-cocuk-ve-genclik-kitaplari","7":"pa_cilt-ciltsiz","8":"pa_tur-kitap","9":"pa_yayinevi-can-cocuk-yayinlari","10":"pa_yazar-ahmet-buke","12":"first","13":"instock","14":"sale","15":"shipping-taxable","16":"purchasable","17":"product-type-simple"},"_links":{"self":[{"href":"https:\/\/roveyayinevi.com.tr\/index.php\/wp-json\/wp\/v2\/product\/726533","targetHints":{"allow":["GET"]}}],"collection":[{"href":"https:\/\/roveyayinevi.com.tr\/index.php\/wp-json\/wp\/v2\/product"}],"about":[{"href":"https:\/\/roveyayinevi.com.tr\/index.php\/wp-json\/wp\/v2\/types\/product"}],"wp:attachment":[{"href":"https:\/\/roveyayinevi.com.tr\/index.php\/wp-json\/wp\/v2\/media?parent=726533"}],"wp:term":[{"taxonomy":"product_brand","embeddable":true,"href":"https:\/\/roveyayinevi.com.tr\/index.php\/wp-json\/wp\/v2\/product_brand?post=726533"},{"taxonomy":"product_cat","embeddable":true,"href":"https:\/\/roveyayinevi.com.tr\/index.php\/wp-json\/wp\/v2\/product_cat?post=726533"},{"taxonomy":"product_tag","embeddable":true,"href":"https:\/\/roveyayinevi.com.tr\/index.php\/wp-json\/wp\/v2\/product_tag?post=726533"}],"curies":[{"name":"wp","href":"https:\/\/api.w.org\/{rel}","templated":true}]}}