{"id":726532,"date":"2025-08-27T20:08:12","date_gmt":"2025-08-27T17:08:12","guid":{"rendered":"https:\/\/roveyayinevi.com.tr\/index.php\/urun\/gevseme-oyunu\/"},"modified":"2026-04-16T02:34:09","modified_gmt":"2026-04-15T23:34:09","slug":"gevseme-oyunu","status":"publish","type":"product","link":"https:\/\/roveyayinevi.com.tr\/index.php\/urun\/gevseme-oyunu\/","title":{"rendered":"Gev\u015feme Oyunu"},"content":{"rendered":"<p>\u00c7ocuklar\u0131 huzurlu bir uykuya haz\u0131rlamak i\u00e7in bilin\u00e7li fark\u0131ndal\u0131k (mindfulness) tekniklerine dayal\u0131 basit bir y\u00f6ntem. Pisi yorgun oldu\u011fu halde yatmak istemiyor. Tek istedi\u011fi \u015fey oynamaya devam etmek. Annesi ona pijamalar\u0131n\u0131 giyip di\u015flerini f\u0131r\u00e7alamas\u0131n\u0131 s\u00f6yl\u00fcyor ama Pisi istemiyor i\u015fte! Sonra bir ak\u015fam Lili abla geliyor. Lili abla \u201cgev\u015feme oyunu\u201dnu biliyor. Bilin\u00e7li fark\u0131ndal\u0131k (mindfulness) y\u00f6ntemleriyle Pisi\u2019yi kumsalda rahatlat\u0131c\u0131 bir geziye \u00e7\u0131kar\u0131yor. Oyundan sonra Pisi kendini o kadar sakin ve rahat hissediyor ki hemen yata\u011f\u0131na girip uyumak istiyor. Uzman bir meditasyon rehberinin yazd\u0131\u011f\u0131 bu kitapta, yeni ba\u015flayanlar i\u00e7in nefes alma tekniklerine ve bir rehber e\u015fli\u011finde zihinde canland\u0131rma y\u00f6ntemine dayal\u0131 bir bilin\u00e7li fark\u0131ndal\u0131k (mindfulness) \u00e7al\u0131\u015fmas\u0131 bulacaks\u0131n\u0131z.<\/p>\n","protected":false},"excerpt":{"rendered":"<p>\u00c7ocuklar\u0131 huzurlu bir uykuya haz\u0131rlamak i\u00e7in bilin\u00e7li fark\u0131ndal\u0131k (mindfulness) tekniklerine dayal\u0131 basit bir y\u00f6ntem. Pisi yorgun oldu\u011fu halde yatmak istemiyor. Tek istedi\u011fi \u015fey oynamaya devam etmek.<span class=\"excerpt-hellip\"> [\u2026]<\/span><\/p>\n","protected":false},"featured_media":0,"template":"","meta":{"_monsterinsights_skip_tracking":false,"_monsterinsights_sitenote_active":false,"_monsterinsights_sitenote_note":"","_monsterinsights_sitenote_category":0},"product_brand":[],"product_cat":[12274,12518],"product_tag":[],"class_list":{"0":"post-726532","1":"product","2":"type-product","3":"status-publish","5":"product_cat-cocuk-ve-genclik-kitaplari","6":"product_cat-okul-oncesi-kitaplar","7":"pa_cilt-ciltsiz","8":"pa_tur-kitap","9":"pa_yayinevi-dogan-egmont-yayincilik","10":"pa_yazar-sue-pickford","12":"first","13":"instock","14":"sale","15":"shipping-taxable","16":"purchasable","17":"product-type-simple"},"_links":{"self":[{"href":"https:\/\/roveyayinevi.com.tr\/index.php\/wp-json\/wp\/v2\/product\/726532","targetHints":{"allow":["GET"]}}],"collection":[{"href":"https:\/\/roveyayinevi.com.tr\/index.php\/wp-json\/wp\/v2\/product"}],"about":[{"href":"https:\/\/roveyayinevi.com.tr\/index.php\/wp-json\/wp\/v2\/types\/product"}],"wp:attachment":[{"href":"https:\/\/roveyayinevi.com.tr\/index.php\/wp-json\/wp\/v2\/media?parent=726532"}],"wp:term":[{"taxonomy":"product_brand","embeddable":true,"href":"https:\/\/roveyayinevi.com.tr\/index.php\/wp-json\/wp\/v2\/product_brand?post=726532"},{"taxonomy":"product_cat","embeddable":true,"href":"https:\/\/roveyayinevi.com.tr\/index.php\/wp-json\/wp\/v2\/product_cat?post=726532"},{"taxonomy":"product_tag","embeddable":true,"href":"https:\/\/roveyayinevi.com.tr\/index.php\/wp-json\/wp\/v2\/product_tag?post=726532"}],"curies":[{"name":"wp","href":"https:\/\/api.w.org\/{rel}","templated":true}]}}