{"id":726531,"date":"2025-08-27T20:08:11","date_gmt":"2025-08-27T17:08:11","guid":{"rendered":"https:\/\/roveyayinevi.com.tr\/index.php\/urun\/babil-simyasi-ve-kozmolojisi\/"},"modified":"2026-04-16T02:34:09","modified_gmt":"2026-04-15T23:34:09","slug":"babil-simyasi-ve-kozmolojisi","status":"publish","type":"product","link":"https:\/\/roveyayinevi.com.tr\/index.php\/urun\/babil-simyasi-ve-kozmolojisi\/","title":{"rendered":"Babil Simyas\u0131 ve Kozmolojisi"},"content":{"rendered":"<p>Zihniyetler tarihine ba\u015flang\u0131\u00e7 niteli\u011finde olan bu \u00e7al\u0131\u015fmada Eliade\u2019nin odak noktas\u0131 kadim Mezopotamya k\u00fclt\u00fcr\u00fcd\u00fcr. Kadim ve kutsal yerler ayn\u0131 zamanda do\u011fumun, ya\u015fam ve \u00f6l\u00fcm\u00fcn anlamland\u0131r\u0131ld\u0131\u011f\u0131 ilk merkezlerdir. Babil \u015fehri Akkadcada \u201ctanr\u0131n\u0131n kap\u0131s\u0131\u201dd\u0131r ve do\u011fa\u00fcst\u00fcyle kurulan bir perspektifi i\u00e7erir. \u0130nsanl\u0131\u011f\u0131n kozmosa bak\u0131\u015f\u0131n\u0131 ve zihinsel geli\u015fiminin arketipini yans\u0131tan en iyi \u00f6rneklerden biridir.Eliade dinsel evrenin bir yorumbilgisini sunar. O, modern do\u011fa bilimcilerinin ve dinler tarih\u00e7isinin \u00e7o\u011fu zaman ihmal etti\u011fi meselelerde daha duyarl\u0131d\u0131r. Yepyeni bir y\u00f6ntem ve k\u00fclt\u00fcr felsefesiyle, her t\u00fcrl\u00fc simge ve mitten yararlanarak insan\u0131n kozmosla kurdu\u011fu ili\u015fkideki do\u011fal ve saf ger\u00e7ekli\u011fi yakalar. Sahici ve otantik bir ili\u015fki bi\u00e7imi ortaya \u00e7\u0131kar. Do\u011fay\u0131 tamamlayan insan i\u00e7sel dinami\u011fi ve yasalar\u0131 ke\u015ffetmi\u015f, b\u00f6ylelikle kendisini de tamamlam\u0131\u015ft\u0131r\u2026 \u0130lk uygarl\u0131klarda hayata bak\u0131\u015f\u0131n, \u00e7al\u0131\u015fma ve inanc\u0131n, nesne ve adlar\u0131n bug\u00fcnden farkl\u0131bir kar\u015f\u0131l\u0131\u011f\u0131 bulunmaktayd\u0131. Bu kitapta Babillilerin metal\u00fcrjik t\u00f6renleri, derin simya bilgileri, hekimlik ve b\u00fcy\u00fc sanatlar\u0131, madenlerin, ta\u015flar\u0131n ve bitkilerin cinselli\u011finden s\u00f6z edilmektedir. Dikkatli okurun g\u00f6z\u00fcnden ise Asya kozmolojisi ve Do\u011fu k\u00fclt\u00fcr\u00fcn\u00fcn zenginli\u011fi ka\u00e7mayacakt\u0131r<\/p>\n","protected":false},"excerpt":{"rendered":"<p>Zihniyetler tarihine ba\u015flang\u0131\u00e7 niteli\u011finde olan bu \u00e7al\u0131\u015fmada Eliade\u2019nin odak noktas\u0131 kadim Mezopotamya k\u00fclt\u00fcr\u00fcd\u00fcr. Kadim ve kutsal yerler ayn\u0131 zamanda do\u011fumun, ya\u015fam ve \u00f6l\u00fcm\u00fcn anlamland\u0131r\u0131ld\u0131\u011f\u0131 ilk merkezlerdir.<span class=\"excerpt-hellip\"> [\u2026]<\/span><\/p>\n","protected":false},"featured_media":0,"template":"","meta":{"_monsterinsights_skip_tracking":false,"_monsterinsights_sitenote_active":false,"_monsterinsights_sitenote_note":"","_monsterinsights_sitenote_category":0},"product_brand":[],"product_cat":[12370,12304],"product_tag":[],"class_list":{"0":"post-726531","1":"product","2":"type-product","3":"status-publish","5":"product_cat-arastirma-inceleme","6":"product_cat-tarih","7":"pa_cilt-ciltsiz","8":"pa_tur-kitap","9":"pa_yayinevi-dogu-bati-yayinlari","10":"pa_yazar-mircea-eliade","12":"first","13":"instock","14":"sale","15":"shipping-taxable","16":"purchasable","17":"product-type-simple"},"_links":{"self":[{"href":"https:\/\/roveyayinevi.com.tr\/index.php\/wp-json\/wp\/v2\/product\/726531","targetHints":{"allow":["GET"]}}],"collection":[{"href":"https:\/\/roveyayinevi.com.tr\/index.php\/wp-json\/wp\/v2\/product"}],"about":[{"href":"https:\/\/roveyayinevi.com.tr\/index.php\/wp-json\/wp\/v2\/types\/product"}],"wp:attachment":[{"href":"https:\/\/roveyayinevi.com.tr\/index.php\/wp-json\/wp\/v2\/media?parent=726531"}],"wp:term":[{"taxonomy":"product_brand","embeddable":true,"href":"https:\/\/roveyayinevi.com.tr\/index.php\/wp-json\/wp\/v2\/product_brand?post=726531"},{"taxonomy":"product_cat","embeddable":true,"href":"https:\/\/roveyayinevi.com.tr\/index.php\/wp-json\/wp\/v2\/product_cat?post=726531"},{"taxonomy":"product_tag","embeddable":true,"href":"https:\/\/roveyayinevi.com.tr\/index.php\/wp-json\/wp\/v2\/product_tag?post=726531"}],"curies":[{"name":"wp","href":"https:\/\/api.w.org\/{rel}","templated":true}]}}