{"id":726528,"date":"2025-08-27T20:08:08","date_gmt":"2025-08-27T17:08:08","guid":{"rendered":"https:\/\/roveyayinevi.com.tr\/index.php\/urun\/kayip-marki-vakasi\/"},"modified":"2026-03-24T02:39:01","modified_gmt":"2026-03-23T23:39:01","slug":"kayip-marki-vakasi","status":"publish","type":"product","link":"https:\/\/roveyayinevi.com.tr\/index.php\/urun\/kayip-marki-vakasi\/","title":{"rendered":"Kay\u0131p Marki Vakas\u0131"},"content":{"rendered":"<p>Edebiyat ve sineman\u0131n en sevilen karakterlerinden Sherlock Holmes\u2019un 14 ya\u015f\u0131ndaki k\u0131z karde\u015fi Enola Holmes\u2019un maceralar\u0131 ba\u015fl\u0131yor. A\u011fabe yleri Sherlock ve Mycroft\u2019la rekabet edebilecek zehir gibi zek\u00e2ya sahip Enola, t\u0131pk\u0131 dedektif a\u011fabeyi gibi gizemli olaylar\u0131 \u00e7\u00f6zmeye \u00e7al\u0131\u015f\u0131yor. Enola, anneleri aniden ortadan kaybolunca onu aramak i\u00e7in Londra\u2019ya gider. Ancak kendisini hi\u00e7 ummad\u0131\u011f\u0131 \u015fekilde bir Marki\u2019nin ka\u00e7\u0131r\u0131lmas\u0131 vakas\u0131n\u0131n ortas\u0131nda bulur. Pe\u015findeki tehlikeli adamlardan ka\u00e7arken ayn\u0131 zamanda onu yat\u0131l\u0131 okula g\u00f6ndermek isteyen a\u011fabeylerine de yakalanmamaya \u00e7al\u0131\u015f\u0131r. B\u00fct\u00fcn bu karga\u015fa aras\u0131nda Enola ipu\u00e7lar\u0131n\u0131 \u00e7\u00f6zebilecek ve annesini bulabilecek mi? En \u0130yi Gen\u00e7 Yeti\u015fkin Roman\u0131 dal\u0131nda Edgar \u00d6d\u00fcl\u00fc, En \u0130yi \u00c7ocuk Kitab\u0131 dal\u0131nda Edgar \u00d6d\u00fcl\u00fc ve James Tiptree Jr. \u00d6d\u00fcl\u00fc alan ba\u015far\u0131l\u0131 yazar Nancy Springer\u2019\u0131n alt\u0131 kitapl\u0131k Enola Holmes Gizemleri serisinin ilk kitab\u0131 Kay\u0131p Marki Vakas\u0131 \u015fimdi Millie Bobby Brown, Henry Cavill ve Helena Bonham Carter\u2019\u0131n oynad\u0131\u011f\u0131 bir Netflix orijinal filmi!<\/p>\n","protected":false},"excerpt":{"rendered":"<p>Edebiyat ve sineman\u0131n en sevilen karakterlerinden Sherlock Holmes\u2019un 14 ya\u015f\u0131ndaki k\u0131z karde\u015fi Enola Holmes\u2019un maceralar\u0131 ba\u015fl\u0131yor. A\u011fabe yleri Sherlock ve Mycroft\u2019la rekabet edebilecek zehir gibi zek\u00e2ya<span class=\"excerpt-hellip\"> [\u2026]<\/span><\/p>\n","protected":false},"featured_media":0,"template":"","meta":{"_monsterinsights_skip_tracking":false,"_monsterinsights_sitenote_active":false,"_monsterinsights_sitenote_note":"","_monsterinsights_sitenote_category":0},"product_brand":[],"product_cat":[12291,12711],"product_tag":[],"class_list":{"0":"post-726528","1":"product","2":"type-product","3":"status-publish","5":"product_cat-edebiyat","6":"product_cat-roman-oyku","7":"pa_cilt-ciltsiz","8":"pa_tur-kitap","9":"pa_yayinevi-eksik-parca-yayinlari","10":"pa_yazar-nancy-springer","12":"first","13":"instock","14":"sale","15":"shipping-taxable","16":"purchasable","17":"product-type-simple"},"_links":{"self":[{"href":"https:\/\/roveyayinevi.com.tr\/index.php\/wp-json\/wp\/v2\/product\/726528","targetHints":{"allow":["GET"]}}],"collection":[{"href":"https:\/\/roveyayinevi.com.tr\/index.php\/wp-json\/wp\/v2\/product"}],"about":[{"href":"https:\/\/roveyayinevi.com.tr\/index.php\/wp-json\/wp\/v2\/types\/product"}],"wp:attachment":[{"href":"https:\/\/roveyayinevi.com.tr\/index.php\/wp-json\/wp\/v2\/media?parent=726528"}],"wp:term":[{"taxonomy":"product_brand","embeddable":true,"href":"https:\/\/roveyayinevi.com.tr\/index.php\/wp-json\/wp\/v2\/product_brand?post=726528"},{"taxonomy":"product_cat","embeddable":true,"href":"https:\/\/roveyayinevi.com.tr\/index.php\/wp-json\/wp\/v2\/product_cat?post=726528"},{"taxonomy":"product_tag","embeddable":true,"href":"https:\/\/roveyayinevi.com.tr\/index.php\/wp-json\/wp\/v2\/product_tag?post=726528"}],"curies":[{"name":"wp","href":"https:\/\/api.w.org\/{rel}","templated":true}]}}