{"id":726527,"date":"2025-08-27T20:08:08","date_gmt":"2025-08-27T17:08:08","guid":{"rendered":"https:\/\/roveyayinevi.com.tr\/index.php\/urun\/insanin-anlam-arayisi-2\/"},"modified":"2026-04-08T02:42:37","modified_gmt":"2026-04-07T23:42:37","slug":"insanin-anlam-arayisi-2","status":"publish","type":"product","link":"https:\/\/roveyayinevi.com.tr\/index.php\/urun\/insanin-anlam-arayisi-2\/","title":{"rendered":"\u0130nsan\u0131n Anlam Aray\u0131\u015f\u0131"},"content":{"rendered":"<p>Viktor E. Frankl&#8217;\u0131n bir\u00e7ok dile \u00e7evrilen, d\u00fcnyada milyonlarca satan bu ba\u015f yap\u0131t\u0131; ac\u0131larla ba\u015fa \u00e7\u0131kma, ki\u015finin ya\u015fam amac\u0131n\u0131 bulma konusundaki sorgulamalar\u0131yla birlikte okuyucular i\u00e7in unutulmaz bir tecr\u00fcbe sunuyor. Gen\u00e7 yeti\u015fkinlere y\u00f6nelik bu bask\u0131 Frankl&#8217;\u0131n toplama kamplar\u0131ndaki deneyimlerini, \u00f6zet olarak yazar\u0131n 2. D\u00fcnya Sava\u015f\u0131 \u00f6ncesi geli\u015ftirmeye ba\u015flad\u0131\u011f\u0131 logoterapiyi, Frankl&#8217;\u0131n mektup ve konu\u015fmalar\u0131ndan olu\u015fan bir se\u00e7kiyi, terimler s\u00f6zl\u00fc\u011f\u00fcn\u00fc ve bir zaman \u00e7izelgesini i\u00e7eriyor. Her ne kadar Frankl&#8217;\u0131n Nazi Kamplar\u0131ndaki deneyimleri benzersiz olmasa da, onun bir psikiyatr olarak a\u011f\u0131r y\u00fcklerle ve k\u00f6t\u00fc ko\u015fullarla nas\u0131l ba\u015fa \u00e7\u0131kt\u0131\u011f\u0131 konusundaki anlay\u0131\u015f\u0131, hayatta kalmaya y\u00f6nelik bak\u0131\u015f a\u00e7\u0131s\u0131 bu kitab\u0131 ayr\u0131cal\u0131kl\u0131 k\u0131l\u0131yor. &#8220;Toplama kamplar\u0131nda neden baz\u0131 insanlar hayatta kalabildi?&#8221;, &#8220;Hayata anlam veren neydi?&#8221; sorular\u0131na yan\u0131t bulurken di\u011fer taraftan kendi ya\u015fam\u0131n\u0131za da ba\u015fka bir g\u00f6zle bakacaks\u0131n\u0131z.Nitekim Viktor E\u00e7 Frankl gen\u00e7 bir insan\u0131n anlama y\u00f6nelmesinin, anlam\u0131 aramas\u0131n\u0131n fark edilmemesinin; onu hayat kar\u015f\u0131s\u0131nda savunmas\u0131z b\u0131rakaca\u011f\u0131n\u0131, bo\u015flu\u011fa d\u00fc\u015f\u00fcrece\u011fini, hayal k\u0131r\u0131kl\u0131klar\u0131n\u0131 artt\u0131raca\u011f\u0131n\u0131 savunmu\u015ftur.Belki ac\u0131 \u00e7ekiyorsunuz, belki korkuyorsunuz, belki ya\u015fam\u0131n i\u00e7inde kayboluyorsunuz, belki de mutlusunuz&#8230;Ne diyor Viktor E. Frankl: &#8220;\u0130nsan\u0131n e\u015fsiz f\u0131rsat\u0131 y\u00fck\u00fcn\u00fc s\u0131rtlad\u0131\u011f\u0131 g\u00fczergaht\u0131r.&#8221;<\/p>\n","protected":false},"excerpt":{"rendered":"<p>Viktor E. Frankl&#8217;\u0131n bir\u00e7ok dile \u00e7evrilen, d\u00fcnyada milyonlarca satan bu ba\u015f yap\u0131t\u0131; ac\u0131larla ba\u015fa \u00e7\u0131kma, ki\u015finin ya\u015fam amac\u0131n\u0131 bulma konusundaki sorgulamalar\u0131yla birlikte okuyucular i\u00e7in unutulmaz bir<span class=\"excerpt-hellip\"> [\u2026]<\/span><\/p>\n","protected":false},"featured_media":0,"template":"","meta":{"_monsterinsights_skip_tracking":false,"_monsterinsights_sitenote_active":false,"_monsterinsights_sitenote_note":"","_monsterinsights_sitenote_category":0},"product_brand":[],"product_cat":[12364,12376],"product_tag":[],"class_list":{"0":"post-726527","1":"product","2":"type-product","3":"status-publish","5":"product_cat-genel-konular","6":"product_cat-kisisel-gelisim","7":"pa_cilt-ciltsiz","8":"pa_tur-kitap","9":"pa_yayinevi-phoenix-yayinevi","10":"pa_yazar-viktor-e-frankl","12":"first","13":"instock","14":"sale","15":"shipping-taxable","16":"purchasable","17":"product-type-simple"},"_links":{"self":[{"href":"https:\/\/roveyayinevi.com.tr\/index.php\/wp-json\/wp\/v2\/product\/726527","targetHints":{"allow":["GET"]}}],"collection":[{"href":"https:\/\/roveyayinevi.com.tr\/index.php\/wp-json\/wp\/v2\/product"}],"about":[{"href":"https:\/\/roveyayinevi.com.tr\/index.php\/wp-json\/wp\/v2\/types\/product"}],"wp:attachment":[{"href":"https:\/\/roveyayinevi.com.tr\/index.php\/wp-json\/wp\/v2\/media?parent=726527"}],"wp:term":[{"taxonomy":"product_brand","embeddable":true,"href":"https:\/\/roveyayinevi.com.tr\/index.php\/wp-json\/wp\/v2\/product_brand?post=726527"},{"taxonomy":"product_cat","embeddable":true,"href":"https:\/\/roveyayinevi.com.tr\/index.php\/wp-json\/wp\/v2\/product_cat?post=726527"},{"taxonomy":"product_tag","embeddable":true,"href":"https:\/\/roveyayinevi.com.tr\/index.php\/wp-json\/wp\/v2\/product_tag?post=726527"}],"curies":[{"name":"wp","href":"https:\/\/api.w.org\/{rel}","templated":true}]}}